{"id":466396,"date":"2023-05-19T12:37:30","date_gmt":"2023-05-19T10:37:30","guid":{"rendered":"http:\/\/cita-aragon.es\/?page_id=466396"},"modified":"2026-03-12T12:12:22","modified_gmt":"2026-03-12T11:12:22","slug":"agroalnext","status":"publish","type":"page","link":"https:\/\/cita-aragon.es\/en\/agroalnext\/","title":{"rendered":"Agroalnext"},"content":{"rendered":"<div class=\"wpb-content-wrapper\"><p>[vc_row type=&#8221;vc_default&#8221; gap=&#8221;30&#8243; equal_height=&#8221;yes&#8221; content_placement=&#8221;middle&#8221;][vc_column width=&#8221;2\/3&#8243;][vc_column_text css=&#8221;.vc_custom_1773313935519{margin-bottom: 0px !important;padding-bottom: 0px !important;}&#8221;]El <strong>Centro de Investigaci\u00f3n y Tecnolog\u00eda Agroalimentaria de Arag\u00f3n (CITA)<\/strong> lidera los proyectos demostrativos <strong>AGROALNEXT<\/strong>, vinculados a la salud global, la evaluaci\u00f3n y mejora de la salud de los suelos y a el manejo agroecol\u00f3gico de los principales cultivos aragoneses.<\/p>\n<p>Los proyectos son:\u00a0 <strong>&#8220;S.O.S. Suelo. Evaluaci\u00f3n de la calidad del suelo en diferentes agroecosistemas y determinaci\u00f3n de indicadores para un manejo sostenible\u201d<\/strong>, <strong>\u201cBIODIVERSA. Sistemas agr\u00edcolas biodiversos y resilientes\u201d<\/strong> y <strong>&#8220;GANARAM. Sistemas de producci\u00f3n ganadera en Arag\u00f3n y resistencias antimicrobianas que afectan a la salud humana&#8221;<\/strong><\/p>\n<p><img loading=\"lazy\" decoding=\"async\" class=\"aligncenter size-full wp-image-979620\" src=\"https:\/\/cita-aragon.es\/wp-content\/uploads\/LOGOSAGROALNEXT-.png\" alt=\"\" width=\"2227\" height=\"348\" srcset=\"https:\/\/cita-aragon.es\/wp-content\/uploads\/LOGOSAGROALNEXT-.png 2227w, https:\/\/cita-aragon.es\/wp-content\/uploads\/LOGOSAGROALNEXT--400x63.png 400w, https:\/\/cita-aragon.es\/wp-content\/uploads\/LOGOSAGROALNEXT--1024x160.png 1024w, https:\/\/cita-aragon.es\/wp-content\/uploads\/LOGOSAGROALNEXT--768x120.png 768w, https:\/\/cita-aragon.es\/wp-content\/uploads\/LOGOSAGROALNEXT--1536x240.png 1536w, https:\/\/cita-aragon.es\/wp-content\/uploads\/LOGOSAGROALNEXT--2048x320.png 2048w\" sizes=\"(max-width: 2227px) 100vw, 2227px\" \/><\/p>\n<p>[\/vc_column_text][\/vc_column][vc_column width=&#8221;1\/3&#8243; css=&#8221;.vc_custom_1684490526327{padding-top: 20px !important;padding-right: 30px !important;padding-bottom: 0px !important;padding-left: 30px !important;background-color: #eeeeee !important;}&#8221;][vc_single_image image=&#8221;466398&#8243; img_size=&#8221;full&#8221; css=&#8221;.vc_custom_1684490449744{margin: 0px !important;padding: 0px !important;}&#8221;][\/vc_column][\/vc_row][vc_row type=&#8221;vc_default&#8221; gap=&#8221;30&#8243; equal_height=&#8221;yes&#8221; content_placement=&#8221;middle&#8221; css=&#8221;.vc_custom_1684492491057{padding-top: 70px !important;padding-bottom: 0px !important;}&#8221;][vc_column][vc_custom_heading text=&#8221;Proyectos&#8221; font_container=&#8221;tag:h3|font_size:32px|text_align:left|color:%23000000|line_height:1.4em&#8221; use_theme_fonts=&#8221;yes&#8221;][vc_separator color=&#8221;black&#8221; align=&#8221;align_left&#8221;][\/vc_column][\/vc_row][vc_row type=&#8221;vc_default&#8221; css=&#8221;.vc_custom_1684492505727{padding-bottom: 70px !important;}&#8221;][vc_column width=&#8221;1\/3&#8243;]<div class=\"ult-content-box-container \" >\t<a class=\"ult-content-box-anchor\" href=\"https:\/\/sossuelo-cita.es\/\" target=\"_blank\" rel=\"noopener\" >\t\t<div class=\"ult-content-box\" style=\"box-shadow: px px px px none;border-style:solid;border-width:3px;border-radius:25px;border-color:#8d6a31;padding-top:35px;padding-right:20px;padding-bottom:20px;padding-left:20px;-webkit-transition: all 700ms ease;-moz-transition: all 700ms ease;-ms-transition: all 700ms ease;-o-transition: all 700ms ease;transition: all 700ms ease;\"  data-hover_bg_color=\"#f6f6f6\"  data-hover_box_shadow=\" px px px px #8d6a31 \"  data-hover_border_color=\"#8d6a31\"     data-border_color=\"#8d6a31\" >[vc_single_image image=&#8221;466411&#8243; img_size=&#8221;full&#8221; alignment=&#8221;center&#8221;][vc_empty_space height=&#8221;20px&#8221;]<div id=\"ultimate-heading-720169dc3efe7e9c0\" class=\"uvc-heading ult-adjust-bottom-margin ultimate-heading-720169dc3efe7e9c0 uvc-6434  uvc-heading-default-font-sizes\" data-hspacer=\"no_spacer\"  data-halign=\"center\" style=\"text-align:center\"><div class=\"uvc-heading-spacer no_spacer\" style=\"top\"><\/div><div class=\"uvc-main-heading ult-responsive\"  data-ultimate-target='.uvc-heading.ultimate-heading-720169dc3efe7e9c0 h4'  data-responsive-json-new='{\"font-size\":\"\",\"line-height\":\"\"}' ><h4 style=\"font-family:&#039;Karla&#039;;font-weight:600;color:#8d6a31;margin-bottom:20px;\">Evaluaci\u00f3n de la calidad del suelo en diferentes agroecosistemas y determinaci\u00f3n de indicadores para un manejo sostenible.<\/h4><\/div><\/div>[vc_empty_space height=&#8221;16px&#8221;]<div class=\" vc_custom_1684491768331 ubtn-ctn-center redondo\"><a class=\"ubtn-link ult-adjust-bottom-margin ubtn-center ubtn-block redondo\" href=\"https:\/\/sossuelo-cita.es\/\" title=\"SOS Suelo\" target=\"_blank\" rel=\"noopener\" ><button type=\"button\" id=\"ubtn-1446\"  class=\"ubtn ult-adjust-bottom-margin ult-responsive ubtn-block ubtn-no-hover-bg  none  ubtn-sep-icon ubtn-sep-icon-at-left  ubtn-center   tooltip-69dc3efe7ea05 ubtn-block\"  data-hover=\"\" data-border-color=\"#8d6a31\" data-bg=\"#8d6a31\" data-hover-bg=\"\" data-border-hover=\"#8d6a31\" data-shadow-hover=\"\" data-shadow-click=\"none\" data-shadow=\"\" data-shd-shadow=\"\"  data-ultimate-target='#ubtn-1446'  data-responsive-json-new='{\"font-size\":\"desktop:16px;\",\"line-height\":\"desktop:16px;\"}'  style=\"font-family:&#039;Karla&#039;;font-weight:600;border-radius:10px;border-width:1px;border-color:#8d6a31;border-style:solid;background: #8d6a31;color: #ffffff;\"><span class=\"ubtn-data ubtn-icon\"><i class=\"icomoon-the7-font-website\" style=\"font-size:32px;color:#ffffff;\"><\/i><\/span><span class=\"ubtn-hover\" style=\"background-color:\"><\/span><span class=\"ubtn-data ubtn-text \" >Ver sitio web<\/span><\/button><\/a><\/div>\t\t<\/div>\t<\/a><\/div>[\/vc_column][vc_column width=&#8221;1\/3&#8243;]<div class=\"ult-content-box-container \" >\t<a class=\"ult-content-box-anchor\" href=\"https:\/\/biodiversa-cita.es\/\" title=\"Biodiversa\" target=\"_blank\" rel=\"noopener\" >\t\t<div class=\"ult-content-box\" style=\"box-shadow: px px px px none;border-style:solid;border-width:3px;border-radius:25px;border-color:#52ae32;padding-top:35px;padding-right:20px;padding-bottom:20px;padding-left:20px;-webkit-transition: all 700ms ease;-moz-transition: all 700ms ease;-ms-transition: all 700ms ease;-o-transition: all 700ms ease;transition: all 700ms ease;\"  data-hover_bg_color=\"#f6f6f6\"  data-hover_box_shadow=\" px px px px #52ae32 \"  data-hover_border_color=\"#52ae32\"     data-border_color=\"#52ae32\" >[vc_single_image image=&#8221;466433&#8243; img_size=&#8221;full&#8221; alignment=&#8221;center&#8221;][vc_empty_space height=&#8221;20px&#8221;]<div id=\"ultimate-heading-264669dc3efe7ea9f\" class=\"uvc-heading ult-adjust-bottom-margin ultimate-heading-264669dc3efe7ea9f uvc-2390  uvc-heading-default-font-sizes\" data-hspacer=\"no_spacer\"  data-halign=\"center\" style=\"text-align:center\"><div class=\"uvc-heading-spacer no_spacer\" style=\"top\"><\/div><div class=\"uvc-main-heading ult-responsive\"  data-ultimate-target='.uvc-heading.ultimate-heading-264669dc3efe7ea9f h4'  data-responsive-json-new='{\"font-size\":\"\",\"line-height\":\"\"}' ><h4 style=\"font-family:&#039;Karla&#039;;font-weight:600;color:#52ae32;margin-bottom:20px;\">Sistemas agr\u00edcolas biodiversos y resilientes.<\/h4><\/div><\/div>[vc_empty_space height=&#8221;16px&#8221;]<div class=\" vc_custom_1684492040895 ubtn-ctn-center redondo\"><a class=\"ubtn-link ult-adjust-bottom-margin ubtn-center ubtn-block redondo\" href=\"https:\/\/biodiversa-cita.es\/\" title=\"Biodiversa\" target=\"_blank\" rel=\"noopener\" ><button type=\"button\" id=\"ubtn-3358\"  class=\"ubtn ult-adjust-bottom-margin ult-responsive ubtn-block ubtn-no-hover-bg  none  ubtn-sep-icon ubtn-sep-icon-at-left  ubtn-center   tooltip-69dc3efe7eacd ubtn-block\"  data-hover=\"\" data-border-color=\"#52ae32\" data-bg=\"#52ae32\" data-hover-bg=\"\" data-border-hover=\"#52ae32\" data-shadow-hover=\"\" data-shadow-click=\"none\" data-shadow=\"\" data-shd-shadow=\"\"  data-ultimate-target='#ubtn-3358'  data-responsive-json-new='{\"font-size\":\"desktop:16px;\",\"line-height\":\"desktop:16px;\"}'  style=\"font-family:&#039;Karla&#039;;font-weight:600;border-radius:10px;border-width:1px;border-color:#52ae32;border-style:solid;background: #52ae32;color: #ffffff;\"><span class=\"ubtn-data ubtn-icon\"><i class=\"icomoon-the7-font-website\" style=\"font-size:32px;color:#ffffff;\"><\/i><\/span><span class=\"ubtn-hover\" style=\"background-color:\"><\/span><span class=\"ubtn-data ubtn-text \" >Ver sitio web<\/span><\/button><\/a><\/div>\t\t<\/div>\t<\/a><\/div>[\/vc_column][vc_column width=&#8221;1\/3&#8243;]<div class=\"ult-content-box-container \" >\t<a class=\"ult-content-box-anchor\" href=\"https:\/\/ganaram-cita.es\/\" title=\"Ganaram\" target=\"_blank\" rel=\"noopener\" >\t\t<div class=\"ult-content-box\" style=\"box-shadow: px px px px none;border-style:solid;border-width:3px;border-radius:25px;border-color:#7f9382;padding-top:35px;padding-right:20px;padding-bottom:20px;padding-left:20px;-webkit-transition: all 700ms ease;-moz-transition: all 700ms ease;-ms-transition: all 700ms ease;-o-transition: all 700ms ease;transition: all 700ms ease;\"  data-hover_bg_color=\"#f6f6f6\"  data-hover_box_shadow=\" px px px px #7f9382 \"  data-hover_border_color=\"#7f9382\"     data-border_color=\"#7f9382\" >[vc_single_image image=&#8221;466437&#8243; img_size=&#8221;full&#8221; alignment=&#8221;center&#8221; onclick=&#8221;custom_link&#8221; img_link_target=&#8221;_blank&#8221; link=&#8221;https:\/\/ganaram-cita.es\/&#8221;][vc_empty_space height=&#8221;20px&#8221;]<div id=\"ultimate-heading-683769dc3efe7eb53\" class=\"uvc-heading ult-adjust-bottom-margin ultimate-heading-683769dc3efe7eb53 uvc-2031  uvc-heading-default-font-sizes\" data-hspacer=\"no_spacer\"  data-halign=\"center\" style=\"text-align:center\"><div class=\"uvc-heading-spacer no_spacer\" style=\"top\"><\/div><div class=\"uvc-main-heading ult-responsive\"  data-ultimate-target='.uvc-heading.ultimate-heading-683769dc3efe7eb53 h4'  data-responsive-json-new='{\"font-size\":\"\",\"line-height\":\"\"}' ><h4 style=\"font-family:&#039;Karla&#039;;font-weight:600;color:#7f9382;margin-bottom:20px;\">Sistemas de producci\u00f3n ganadera en Arag\u00f3n y resistencias antimicrobianas que afectan a la salud humana.<\/h4><\/div><\/div>[vc_empty_space height=&#8221;16px&#8221;]<div class=\" vc_custom_1688551537606 ubtn-ctn-center redondo\"><a class=\"ubtn-link ult-adjust-bottom-margin ubtn-center ubtn-block redondo\" href=\"https:\/\/ganaram-cita.es\/\" title=\"Ganaram\" target=\"_blank\" rel=\"noopener\" ><button type=\"button\" id=\"ubtn-2780\"  class=\"ubtn ult-adjust-bottom-margin ult-responsive ubtn-block ubtn-no-hover-bg  none  ubtn-sep-icon ubtn-sep-icon-at-left  ubtn-center   tooltip-69dc3efe7eb96 ubtn-block\"  data-hover=\"\" data-border-color=\"#7f9382\" data-bg=\"#7f9382\" data-hover-bg=\"\" data-border-hover=\"#7f9382\" data-shadow-hover=\"\" data-shadow-click=\"none\" data-shadow=\"\" data-shd-shadow=\"\"  data-ultimate-target='#ubtn-2780'  data-responsive-json-new='{\"font-size\":\"desktop:16px;\",\"line-height\":\"desktop:16px;\"}'  style=\"font-family:&#039;Karla&#039;;font-weight:600;border-radius:10px;border-width:1px;border-color:#7f9382;border-style:solid;background: #7f9382;color: #ffffff;\"><span class=\"ubtn-data ubtn-icon\"><i class=\"icomoon-the7-font-website\" style=\"font-size:32px;color:#ffffff;\"><\/i><\/span><span class=\"ubtn-hover\" style=\"background-color:\"><\/span><span class=\"ubtn-data ubtn-text \" >Ver sitio web<\/span><\/button><\/a><\/div>\t\t<\/div>\t<\/a><\/div>[\/vc_column][\/vc_row]<\/p>\n<\/div>","protected":false},"excerpt":{"rendered":"<p>[vc_row type=&#8221;vc_default&#8221; gap=&#8221;30&#8243; equal_height=&#8221;yes&#8221; content_placement=&#8221;middle&#8221;][vc_column width=&#8221;2\/3&#8243;][vc_column_text css=&#8221;.vc_custom_1773313935519{margin-bottom: 0px !important;padding-bottom: 0px !important;}&#8221;]El Centro de Investigaci\u00f3n y Tecnolog\u00eda Agroalimentaria de Arag\u00f3n (CITA) lidera los proyectos demostrativos AGROALNEXT, vinculados a la salud global, la evaluaci\u00f3n y mejora de la salud de los suelos y a el manejo agroecol\u00f3gico de los principales cultivos aragoneses. Los proyectos son:\u00a0 &#8220;S.O.S. Suelo.&hellip;<\/p>\n","protected":false},"author":1,"featured_media":0,"parent":0,"menu_order":0,"comment_status":"closed","ping_status":"closed","template":"","meta":{"footnotes":""},"class_list":["post-466396","page","type-page","status-publish","hentry","description-off"],"_links":{"self":[{"href":"https:\/\/cita-aragon.es\/en\/wp-json\/wp\/v2\/pages\/466396"}],"collection":[{"href":"https:\/\/cita-aragon.es\/en\/wp-json\/wp\/v2\/pages"}],"about":[{"href":"https:\/\/cita-aragon.es\/en\/wp-json\/wp\/v2\/types\/page"}],"author":[{"embeddable":true,"href":"https:\/\/cita-aragon.es\/en\/wp-json\/wp\/v2\/users\/1"}],"replies":[{"embeddable":true,"href":"https:\/\/cita-aragon.es\/en\/wp-json\/wp\/v2\/comments?post=466396"}],"version-history":[{"count":49,"href":"https:\/\/cita-aragon.es\/en\/wp-json\/wp\/v2\/pages\/466396\/revisions"}],"predecessor-version":[{"id":979622,"href":"https:\/\/cita-aragon.es\/en\/wp-json\/wp\/v2\/pages\/466396\/revisions\/979622"}],"wp:attachment":[{"href":"https:\/\/cita-aragon.es\/en\/wp-json\/wp\/v2\/media?parent=466396"}],"curies":[{"name":"wp","href":"https:\/\/api.w.org\/{rel}","templated":true}]}}