{"id":460844,"date":"2022-01-26T14:04:37","date_gmt":"2022-01-26T13:04:37","guid":{"rendered":"http:\/\/cita-aragon.es\/investigadores-as\/"},"modified":"2023-01-25T18:56:43","modified_gmt":"2023-01-25T17:56:43","slug":"research-staff","status":"publish","type":"page","link":"https:\/\/cita-aragon.es\/en\/research-staff\/","title":{"rendered":"Research staff"},"content":{"rendered":"<div class=\"wpb-content-wrapper\"><p>[vc_row][vc_column][vc_column_text]<form autocomplete=\"off\" action=\"\/en\/wp-json\/wp\/v2\/pages\/460844\" method=\"get\" class=\"wpv-filter-form js-wpv-filter-form js-wpv-filter-form-2464 js-wpv-form-only js-wpv-dps-enabled js-wpv-ajax-results-submit-enabled\" data-viewnumber=\"2464\" data-targetid=\"self\" data-viewid=\"2464\" data-viewhash=\"eyJuYW1lIjoiaW52ZXN0aWdhZG9yZXMtYnVzY2Fkb3IiLCJ0YXJnZXRfaWQiOiJzZWxmIn0=\" data-viewwidgetid=\"0\" data-orderby=\"\" data-order=\"\" data-orderbyas=\"\" data-orderbysecond=\"\" data-ordersecond=\"\" data-parametric=\"{&quot;query&quot;:&quot;normal&quot;,&quot;id&quot;:&quot;2464&quot;,&quot;view_id&quot;:&quot;2464&quot;,&quot;widget_id&quot;:0,&quot;view_hash&quot;:&quot;2464&quot;,&quot;action&quot;:&quot;\/en\/wp-json\/wp\/v2\/pages\/460844&quot;,&quot;sort&quot;:{&quot;orderby&quot;:&quot;&quot;,&quot;order&quot;:&quot;&quot;,&quot;orderby_as&quot;:&quot;&quot;,&quot;orderby_second&quot;:&quot;&quot;,&quot;order_second&quot;:&quot;&quot;},&quot;orderby&quot;:&quot;&quot;,&quot;order&quot;:&quot;&quot;,&quot;orderby_as&quot;:&quot;&quot;,&quot;orderby_second&quot;:&quot;&quot;,&quot;order_second&quot;:&quot;&quot;,&quot;ajax_form&quot;:&quot;&quot;,&quot;ajax_results&quot;:&quot;&quot;,&quot;effect&quot;:&quot;fade&quot;,&quot;prebefore&quot;:&quot;&quot;,&quot;before&quot;:&quot;&quot;,&quot;after&quot;:&quot;&quot;,&quot;attributes&quot;:[],&quot;environment&quot;:{&quot;current_post_id&quot;:0,&quot;parent_post_id&quot;:0,&quot;parent_term_id&quot;:0,&quot;parent_user_id&quot;:0,&quot;archive&quot;:{&quot;type&quot;:&quot;&quot;,&quot;name&quot;:&quot;&quot;,&quot;data&quot;:[]}},&quot;loop&quot;:{&quot;type&quot;:&quot;&quot;,&quot;name&quot;:&quot;&quot;,&quot;data&quot;:[],&quot;id&quot;:0}}\" data-attributes=\"[]\" data-environment=\"{&quot;current_post_id&quot;:0,&quot;parent_post_id&quot;:0,&quot;parent_term_id&quot;:0,&quot;parent_user_id&quot;:0,&quot;archive&quot;:{&quot;type&quot;:&quot;&quot;,&quot;name&quot;:&quot;&quot;,&quot;data&quot;:[]}}\"><input type=\"hidden\" class=\"js-wpv-dps-filter-data js-wpv-filter-data-for-this-form\" data-action=\"\/en\/wp-json\/wp\/v2\/pages\/460844\" data-page=\"1\" data-ajax=\"disable\" data-effect=\"fade\" data-ajaxprebefore=\"\" data-ajaxbefore=\"\" data-ajaxafter=\"\" \/><input class=\"wpv_view_count wpv_view_count-2464\" type=\"hidden\" name=\"wpv_view_count\" value=\"2464\" \/>\n\n<div class=\"row buscador\">\n\t<div class=\"wpb_column vc_column_container vc_col-sm-12\">\n      <div class=\"form-group\">\n      <label for=\"wpv-post-search\"><p>Nombre o apellidos<\/p><\/label>\n\t  <input type=\"text\" name=\"wpv_post_search\"  class=\"js-wpv-filter-trigger-delayed form-control\" placeholder=\"Nombre o apellidos\" \/>\n      <\/div>\n  \t<\/div>\n\t<div class=\"wpb_column vc_column_container vc_col-sm-6\"> \n      <div class=\"form-group\">\n        <label for=\"wpv-wpcf-equip_name\"><p>Departamento \/ Unidad<\/p><\/label>\n\t\t<select id=\"wpv_control_select_wpcf-equip_name\" name=\"wpv-wpcf-equip_name\" class=\"js-wpv-filter-trigger form-control\"><option value=\"\" selected=\"selected\">\u2013 Seleccionar \u2013<\/option><option value=\"\u00c1rea de Laboratorios de An\u00e1lisis y Asistencia Tecnol\u00f3gica\">\u00c1rea de Laboratorios de An\u00e1lisis y Asistencia Tecnol\u00f3gica<\/option><option value=\"Centro de Innovaci\u00f3n en Bioeconom\u00eda Rural\">Centro de Innovaci\u00f3n en Bioeconom\u00eda Rural<\/option><option value=\"Departamento de Ciencia Animal\">Departamento de Ciencia Animal<\/option><option value=\"Departamento de Ciencia Vegetal\">Departamento de Ciencia Vegetal<\/option><option value=\"Departamento de Sistemas Agr\u00edcolas, Forestales y Medio Ambiente\">Departamento de Sistemas Agr\u00edcolas, Forestales y Medio Ambiente<\/option><option value=\"Estaci\u00f3n de Examen de Distinci\u00f3n, Homogeneidad y Estabilidad (EEDHE) \">Estaci\u00f3n de Examen de Distinci\u00f3n, Homogeneidad y Estabilidad (EEDHE) <\/option><option value=\"Oficina de proyectos\">Oficina de proyectos<\/option><option value=\"Unidad Transversal de Econom\u00eda Agroalimentaria\">Unidad Transversal de Econom\u00eda Agroalimentaria<\/option><\/select>\n\t\t<\/div>\n    <\/div>\n\t<div class=\"wpb_column vc_column_container vc_col-sm-6\"> \n      <div class=\"form-group\">\n        <label for=\"wpv-wpcf-cargo\"><p>Cargo<\/p><\/label>\n\t\t<select id=\"wpv_control_select_wpcf-cargo\" name=\"wpv-wpcf-cargo\" class=\"js-wpv-filter-trigger form-control\"><option value=\"\" selected=\"selected\">\u2013 Seleccionar \u2013<\/option><option value=\"Coordinador\/a\">Coordinador\/a<\/option><option value=\"Investigador ARAID\">Investigador ARAID<\/option><option value=\"Investigador\/a\">Investigador\/a<\/option><option value=\"Investigador\/a en Formaci\u00f3n\">Investigador\/a en Formaci\u00f3n<\/option><option value=\"Jefe de Departamento\">Jefe de Departamento<\/option><option value=\"Miembro\">Miembro<\/option><option value=\"Tecnico\/a de Investigaci\u00f3n\">Tecnico\/a de Investigaci\u00f3n<\/option><\/select>\n\t  <\/div>\n    <\/div>\n\t<div class=\"wpb_column vc_column_container vc_col-sm-12\">\n\t<div class=\"btn-align-center\"><input type=\"submit\" class=\"default-btn-shortcode dt-btn dt-btn-l link-hover-off wpv-submit-trigger js-wpv-submit-trigger btn\" name=\"wpv_filter_submit\" value=\"Buscar\" \/><\/div>\n\t<div class=\"btn-align-center\"><input type=\"button\" class=\"default-btn-shortcode dt-btn-link link-hover-off upwards-line wpv-reset-trigger js-wpv-reset-trigger btn\" name=\"wpv_filter_reset\" value=\"Reiniciar la b\u00fasqueda\" \/><\/div>\n  \t<\/div>\n<\/div>\n\n<\/form>[\/vc_column_text][\/vc_column][\/vc_row][vc_row type=&#8221;vc_default&#8221; css=&#8221;.vc_custom_1643634045423{padding-bottom: 50px !important;}&#8221;][vc_column][vc_empty_space][vc_column_text]<form style=\"display:none;\" autocomplete=\"off\" name=\"wpv-filter-2464\" action=\"\/en\/wp-json\/wp\/v2\/pages\/460844?wpv_view_count=2464\" method=\"get\" class=\"wpv-filter-form js-wpv-filter-form js-wpv-filter-form-2464 js-wpv-form-full js-wpv-dps-enabled js-wpv-ajax-results-submit-enabled\" data-viewnumber=\"2464\" data-viewid=\"2464\" data-viewhash=\"eyJuYW1lIjoiaW52ZXN0aWdhZG9yZXMtYnVzY2Fkb3IiLCJ2aWV3X2Rpc3BsYXkiOiJsYXlvdXQifQ==\" data-viewwidgetid=\"0\" data-orderby=\"\" data-order=\"\" data-orderbyas=\"\" data-orderbysecond=\"\" data-ordersecond=\"\" data-parametric=\"{&quot;query&quot;:&quot;normal&quot;,&quot;id&quot;:2464,&quot;view_id&quot;:2464,&quot;widget_id&quot;:0,&quot;view_hash&quot;:&quot;2464&quot;,&quot;action&quot;:&quot;\\\/en\\\/wp-json\\\/wp\\\/v2\\\/pages\\\/460844?wpv_view_count=2464&quot;,&quot;sort&quot;:{&quot;orderby&quot;:&quot;&quot;,&quot;order&quot;:&quot;&quot;,&quot;orderby_as&quot;:&quot;&quot;,&quot;orderby_second&quot;:&quot;&quot;,&quot;order_second&quot;:&quot;&quot;},&quot;orderby&quot;:&quot;&quot;,&quot;order&quot;:&quot;&quot;,&quot;orderby_as&quot;:&quot;&quot;,&quot;orderby_second&quot;:&quot;&quot;,&quot;order_second&quot;:&quot;&quot;,&quot;ajax_form&quot;:&quot;&quot;,&quot;ajax_results&quot;:&quot;&quot;,&quot;effect&quot;:&quot;fade&quot;,&quot;prebefore&quot;:&quot;&quot;,&quot;before&quot;:&quot;&quot;,&quot;after&quot;:&quot;&quot;,&quot;attributes&quot;:{&quot;view_display&quot;:&quot;layout&quot;},&quot;environment&quot;:{&quot;current_post_id&quot;:460844,&quot;parent_post_id&quot;:460844,&quot;parent_term_id&quot;:0,&quot;parent_user_id&quot;:0,&quot;archive&quot;:{&quot;type&quot;:&quot;&quot;,&quot;name&quot;:&quot;&quot;,&quot;data&quot;:[]}},&quot;loop&quot;:{&quot;type&quot;:&quot;&quot;,&quot;name&quot;:&quot;&quot;,&quot;data&quot;:[],&quot;id&quot;:0}}\" data-attributes=\"{&quot;view_display&quot;:&quot;layout&quot;}\" data-environment=\"{&quot;current_post_id&quot;:460844,&quot;parent_post_id&quot;:460844,&quot;parent_term_id&quot;:0,&quot;parent_user_id&quot;:0,&quot;archive&quot;:{&quot;type&quot;:&quot;&quot;,&quot;name&quot;:&quot;&quot;,&quot;data&quot;:[]}}\"><input type=\"hidden\" class=\"js-wpv-dps-filter-data js-wpv-filter-data-for-this-form\" data-action=\"\/en\/wp-json\/wp\/v2\/pages\/460844?wpv_view_count=2464\" data-page=\"1\" data-ajax=\"disable\" data-effect=\"fade\" data-maxpages=\"10\" data-ajaxprebefore=\"\" data-ajaxbefore=\"\" data-ajaxafter=\"\" \/><input class=\"wpv_view_count wpv_view_count-2464\" type=\"hidden\" name=\"wpv_view_count\" value=\"2464\" \/>\n\n<div class=\"row buscador\">\n\t<div class=\"wpb_column vc_column_container vc_col-sm-12\">\n      <div class=\"form-group\">\n      <label for=\"wpv-post-search\"><p>Nombre o apellidos<\/p><\/label>\n\t  <input type=\"text\" name=\"wpv_post_search\"  class=\"js-wpv-filter-trigger-delayed form-control\" placeholder=\"Nombre o apellidos\" \/>\n      <\/div>\n  \t<\/div>\n\t<div class=\"wpb_column vc_column_container vc_col-sm-6\"> \n      <div class=\"form-group\">\n        <label for=\"wpv-wpcf-equip_name\"><p>Departamento \/ Unidad<\/p><\/label>\n\t\t<select id=\"wpv_control_select_wpcf-equip_name\" name=\"wpv-wpcf-equip_name\" class=\"js-wpv-filter-trigger form-control\"><option value=\"\" selected=\"selected\">\u2013 Seleccionar \u2013<\/option><option value=\"\u00c1rea de Laboratorios de An\u00e1lisis y Asistencia Tecnol\u00f3gica\">\u00c1rea de Laboratorios de An\u00e1lisis y Asistencia Tecnol\u00f3gica<\/option><option value=\"Centro de Innovaci\u00f3n en Bioeconom\u00eda Rural\">Centro de Innovaci\u00f3n en Bioeconom\u00eda Rural<\/option><option value=\"Departamento de Ciencia Animal\">Departamento de Ciencia Animal<\/option><option value=\"Departamento de Ciencia Vegetal\">Departamento de Ciencia Vegetal<\/option><option value=\"Departamento de Sistemas Agr\u00edcolas, Forestales y Medio Ambiente\">Departamento de Sistemas Agr\u00edcolas, Forestales y Medio Ambiente<\/option><option value=\"Estaci\u00f3n de Examen de Distinci\u00f3n, Homogeneidad y Estabilidad (EEDHE) \">Estaci\u00f3n de Examen de Distinci\u00f3n, Homogeneidad y Estabilidad (EEDHE) <\/option><option value=\"Oficina de proyectos\">Oficina de proyectos<\/option><option value=\"Unidad Transversal de Econom\u00eda Agroalimentaria\">Unidad Transversal de Econom\u00eda Agroalimentaria<\/option><\/select>\n\t\t<\/div>\n    <\/div>\n\t<div class=\"wpb_column vc_column_container vc_col-sm-6\"> \n      <div class=\"form-group\">\n        <label for=\"wpv-wpcf-cargo\"><p>Cargo<\/p><\/label>\n\t\t<select id=\"wpv_control_select_wpcf-cargo\" name=\"wpv-wpcf-cargo\" class=\"js-wpv-filter-trigger form-control\"><option value=\"\" selected=\"selected\">\u2013 Seleccionar \u2013<\/option><option value=\"Coordinador\/a\">Coordinador\/a<\/option><option value=\"Investigador ARAID\">Investigador ARAID<\/option><option value=\"Investigador\/a\">Investigador\/a<\/option><option value=\"Investigador\/a en Formaci\u00f3n\">Investigador\/a en Formaci\u00f3n<\/option><option value=\"Jefe de Departamento\">Jefe de Departamento<\/option><option value=\"Miembro\">Miembro<\/option><option value=\"Tecnico\/a de Investigaci\u00f3n\">Tecnico\/a de Investigaci\u00f3n<\/option><\/select>\n\t  <\/div>\n    <\/div>\n\t<div class=\"wpb_column vc_column_container vc_col-sm-12\">\n\t<div class=\"btn-align-center\"><input type=\"submit\" class=\"default-btn-shortcode dt-btn dt-btn-l link-hover-off wpv-submit-trigger js-wpv-submit-trigger btn\" name=\"wpv_filter_submit\" value=\"Buscar\" \/><\/div>\n\t<div class=\"btn-align-center\"><input type=\"button\" class=\"default-btn-shortcode dt-btn-link link-hover-off upwards-line wpv-reset-trigger js-wpv-reset-trigger btn\" name=\"wpv_filter_reset\" value=\"Reiniciar la b\u00fasqueda\" \/><\/div>\n  \t<\/div>\n<\/div>\n\n<\/form>\n<div id=\"wpv-view-layout-2464\" class=\"js-wpv-view-layout js-wpv-layout-responsive js-wpv-view-layout-2464\" data-viewnumber=\"2464\" data-pagination=\"{&quot;id&quot;:2464,&quot;query&quot;:&quot;normal&quot;,&quot;type&quot;:&quot;paged&quot;,&quot;effect&quot;:&quot;fade&quot;,&quot;duration&quot;:500,&quot;speed&quot;:5,&quot;pause_on_hover&quot;:&quot;enabled&quot;,&quot;stop_rollover&quot;:&quot;false&quot;,&quot;cache_pages&quot;:&quot;enabled&quot;,&quot;preload_images&quot;:&quot;enabled&quot;,&quot;preload_pages&quot;:&quot;enabled&quot;,&quot;preload_reach&quot;:1,&quot;spinner&quot;:&quot;builtin&quot;,&quot;spinner_image&quot;:&quot;&quot;,&quot;callback_next&quot;:&quot;&quot;,&quot;manage_history&quot;:&quot;disabled&quot;,&quot;has_controls_in_form&quot;:&quot;disabled&quot;,&quot;infinite_tolerance&quot;:0,&quot;max_pages&quot;:10,&quot;page&quot;:1,&quot;base_permalink&quot;:&quot;\/en\/wp-json\/wp\/v2\/pages\/460844?wpv_view_count=2464&amp;wpv_paged=WPV_PAGE_NUM&quot;,&quot;loop&quot;:{&quot;type&quot;:&quot;&quot;,&quot;name&quot;:&quot;&quot;,&quot;data&quot;:[],&quot;id&quot;:0}}\" data-permalink=\"\/en\/wp-json\/wp\/v2\/pages\/460844?wpv_view_count=2464\">\n\n\t\n\t\n\t<table width=\"100%\">\n\t\t<thead>\n\t\t\t<tr>\n\t\t\t\t<th width=\"25%\">Nombre<\/th>\n\t\t\t\t<th width=\"55%\">Departamento<\/th>\n\t\t\t\t<th width=\"20%\">Correo electr\u00f3nico<\/th>\n\t\t\t<\/tr>\n\t\t<\/thead>\n\t\t<tbody class=\"wpv-loop js-wpv-loop\">\n\t\t\n\t\t\t<tr>\n\t\t\t\t<td><a href=\"https:\/\/cita-aragon.es\/en\/investigador\/abril-gisbert-blanca\/\" class=\"name-personal\">Abril Gisbert, Blanca<\/a><\/td>\n<td>Centro de Innovaci\u00f3n en Bioeconom\u00eda Rural<br>\n  <small>Tecnico\/a de Investigaci\u00f3n<\/small><\/td>\n<td><a href=\"mailto:babril@cita-aragon.es\" title=\"babril@cita-aragon.es\">babril@cita-aragon.es<\/a><\/td>\n\t\t\t<\/tr>\n\t\t\n\t\t\t<tr>\n\t\t\t\t<td><a href=\"https:\/\/cita-aragon.es\/en\/investigador\/alabart-alvarez-jose-luis-2\/\" class=\"name-personal\">Alabart \u00c1lvarez, Jos\u00e9 Luis<\/a><\/td>\n<td>Departamento de Ciencia Animal<br>\n  <small>Investigador\/a<\/small><\/td>\n<td><a href=\"mailto:jlalabart@aragon.es\" title=\"jlalabart@aragon.es\">jlalabart@aragon.es<\/a><\/td>\n\t\t\t<\/tr>\n\t\t\n\t\t\t<tr>\n\t\t\t\t<td><a href=\"https:\/\/cita-aragon.es\/en\/investigador\/alcala-alonso-beatriz\/\" class=\"name-personal\">Alcal\u00e1 Alonso, Beatriz<\/a><\/td>\n<td>Departamento de Ciencia Animal<br>\n  <small>Tecnico\/a de Investigaci\u00f3n<\/small><\/td>\n<td><a href=\"mailto:balcala@cita-aragon.es\" title=\"balcala@cita-aragon.es\">balcala@cita-aragon.es<\/a><\/td>\n\t\t\t<\/tr>\n\t\t\n\t\t\t<tr>\n\t\t\t\t<td><a href=\"https:\/\/cita-aragon.es\/en\/investigador\/alonso-segura-jose-manuel\/\" class=\"name-personal\">Alonso Segura, Jos\u00e9 Manuel<\/a><\/td>\n<td>Estaci\u00f3n de Examen de Distinci\u00f3n, Homogeneidad y Estabilidad (EEDHE) <br>\n  <small>Coordinador\/a<\/small><\/td>\n<td><a href=\"mailto:jmalonsos@aragon.es\" title=\"jmalonsos@aragon.es\">jmalonsos@aragon.es<\/a><\/td>\n\t\t\t<\/tr>\n\t\t\n\t\t\t<tr>\n\t\t\t\t<td><a href=\"https:\/\/cita-aragon.es\/en\/investigador\/andres-barranco-sara\/\" class=\"name-personal\">Andres Barranco, Sara<\/a><\/td>\n<td>Departamento de Ciencia Animal<br>\n  <small>Tecnico\/a de Investigaci\u00f3n<\/small><\/td>\n<td><a href=\"mailto:sandres@aragon.es\" title=\"sandres@aragon.es\">sandres@aragon.es<\/a><\/td>\n\t\t\t<\/tr>\n\t\t\n\t\t\t<tr>\n\t\t\t\t<td><a href=\"https:\/\/cita-aragon.es\/en\/investigador\/balcells-olivan-maria\/\" class=\"name-personal\">Balcells Oliv\u00e1n, Mar\u00eda<\/a><\/td>\n<td>Departamento de Sistemas Agr\u00edcolas, Forestales y Medio Ambiente<br>\n  <small>Tecnico\/a de Investigaci\u00f3n<\/small><\/td>\n<td><a href=\"mailto:mbalcells@cita-aragon.es\" title=\"mbalcells@cita-aragon.es\">mbalcells@cita-aragon.es<\/a><\/td>\n\t\t\t<\/tr>\n\t\t\n\t\t\t<tr>\n\t\t\t\t<td><a href=\"https:\/\/cita-aragon.es\/en\/investigador\/ballco-petjon\/\" class=\"name-personal\">Ballco, Petjon<\/a><\/td>\n<td>Unidad Transversal de Econom\u00eda Agroalimentaria<br>\n  <small>Investigador\/a<\/small><\/td>\n<td><a href=\"mailto:pballco@aragon.es\" title=\"pballco@aragon.es\">pballco@aragon.es<\/a><\/td>\n\t\t\t<\/tr>\n\t\t\n\t\t\t<tr>\n\t\t\t\t<td><a href=\"https:\/\/cita-aragon.es\/en\/investigador\/ballesteros-lopez-ana\/\" class=\"name-personal\">Ballesteros L\u00f3pez, Ana<\/a><\/td>\n<td>Departamento de Sistemas Agr\u00edcolas, Forestales y Medio Ambiente<br>\n  <small>Investigador\/a<\/small><\/td>\n<td><a href=\"mailto:alopezb@cita-aragon.es\" title=\"alopezb@cita-aragon.es\">alopezb@cita-aragon.es<\/a><\/td>\n\t\t\t<\/tr>\n\t\t\n\t\t\t<tr>\n\t\t\t\t<td><a href=\"https:\/\/cita-aragon.es\/en\/investigador\/baquero-aznar-victor\/\" class=\"name-personal\">Baquero Aznar, Victor<\/a><\/td>\n<td>Departamento de Ciencia Vegetal<br>\n  <small>Investigador\/a en Formaci\u00f3n<\/small><\/td>\n<td><a href=\"mailto:vbaquero@cita-aragon.es\" title=\"vbaquero@cita-aragon.es\">vbaquero@cita-aragon.es<\/a><\/td>\n\t\t\t<\/tr>\n\t\t\n\t\t\t<tr>\n\t\t\t\t<td><a href=\"https:\/\/cita-aragon.es\/en\/investigador\/bekkouche-somia\/\" class=\"name-personal\">Bekkouche, Somia<\/a><\/td>\n<td>Unidad Transversal de Econom\u00eda Agroalimentaria<br>\n  <small>Investigador\/a en Formaci\u00f3n<\/small><\/td>\n<td><a href=\"mailto:sbekkouche@cita-aragon.es\" title=\"sbekkouche@cita-aragon.es\">sbekkouche@cita-aragon.es<\/a><\/td>\n\t\t\t<\/tr>\n\t\t\n\t\t<\/tbody>\n\t<\/table>\n    <ul class=\"wpv-pagination-nav-links-container js-wpv-pagination-nav-links-container pagination\"><li class=\"wpv-pagination-nav-links-item js-wpv-pagination-nav-links-item page-item wpv-page-link-2464-1 js-wpv-page-link-2464-1 wpv_page_current wpv-pagination-nav-links-item-current active\"><span class=\"wpv-filter-pagination-link page-link\">1<\/span><\/li><li class=\"wpv-pagination-nav-links-item js-wpv-pagination-nav-links-item page-item wpv-page-link-2464-2 js-wpv-page-link-2464-2\"><a class=\"wpv-filter-pagination-link js-wpv-pagination-link page-link\" title=\"2\" href=\"\/en\/wp-json\/wp\/v2\/pages\/460844?wpv_view_count=2464&#038;wpv_paged=2\" data-viewnumber=\"2464\" data-page=\"2\">2<\/a><\/li><li class=\"wpv-pagination-nav-links-item js-wpv-pagination-nav-links-item page-item wpv-page-link-2464-3 js-wpv-page-link-2464-3\"><a class=\"wpv-filter-pagination-link js-wpv-pagination-link page-link\" title=\"3\" href=\"\/en\/wp-json\/wp\/v2\/pages\/460844?wpv_view_count=2464&#038;wpv_paged=3\" data-viewnumber=\"2464\" data-page=\"3\">3<\/a><\/li><li class=\"wpv-pagination-nav-links-item js-wpv-pagination-nav-links-item page-item wpv-page-link-2464-4 js-wpv-page-link-2464-4\"><a class=\"wpv-filter-pagination-link js-wpv-pagination-link page-link\" title=\"4\" href=\"\/en\/wp-json\/wp\/v2\/pages\/460844?wpv_view_count=2464&#038;wpv_paged=4\" data-viewnumber=\"2464\" data-page=\"4\">4<\/a><\/li><li class=\"wpv-pagination-nav-links-item js-wpv-pagination-nav-links-item page-item wpv-page-link-2464-5 js-wpv-page-link-2464-5\"><a class=\"wpv-filter-pagination-link js-wpv-pagination-link page-link\" title=\"5\" href=\"\/en\/wp-json\/wp\/v2\/pages\/460844?wpv_view_count=2464&#038;wpv_paged=5\" data-viewnumber=\"2464\" data-page=\"5\">5<\/a><\/li><li class=\"wpv-pagination-nav-links-item js-wpv-pagination-nav-links-item page-item wpv-page-link-2464-6 js-wpv-page-link-2464-6\"><a class=\"wpv-filter-pagination-link js-wpv-pagination-link page-link\" title=\"6\" href=\"\/en\/wp-json\/wp\/v2\/pages\/460844?wpv_view_count=2464&#038;wpv_paged=6\" data-viewnumber=\"2464\" data-page=\"6\">6<\/a><\/li><li class=\"wpv-pagination-nav-links-item js-wpv-pagination-nav-links-item page-item\"><span class=\"wpv_page_ellipsis\">...<\/span><\/li><li class=\"wpv-pagination-nav-links-item js-wpv-pagination-nav-links-item page-item wpv-page-link-2464-10 js-wpv-page-link-2464-10\"><a class=\"wpv-filter-pagination-link js-wpv-pagination-link page-link\" title=\"10\" href=\"\/en\/wp-json\/wp\/v2\/pages\/460844?wpv_view_count=2464&#038;wpv_paged=10\" data-viewnumber=\"2464\" data-page=\"10\">10<\/a><\/li><li  class=\"page-item\"><a class=\"wpv-filter-last-link js-wpv-pagination-last-link page-link\"  href=\"\/en\/wp-json\/wp\/v2\/pages\/460844?wpv_view_count=2464&#038;wpv_paged=10\" data-viewnumber=\"2464\" data-page=\"10\">\u00bb<\/a><\/li><\/ul>\n\t\n\t\n\t\n<\/div>\n[\/vc_column_text][\/vc_column][\/vc_row][vc_row type=&#8221;vc_default&#8221; full_width=&#8221;stretch_row&#8221; css=&#8221;.vc_custom_1643630575308{margin-bottom: 0px !important;border-top-width: 1px !important;padding-bottom: 0px !important;border-top-color: #575756 !important;border-top-style: solid !important;}&#8221;][vc_column]<div id=\"ultimate-heading-576069e29603993e2\" class=\"uvc-heading ult-adjust-bottom-margin ultimate-heading-576069e29603993e2 uvc-4150 \" data-hspacer=\"no_spacer\"  data-halign=\"left\" style=\"text-align:left\"><div class=\"uvc-heading-spacer no_spacer\" style=\"top\"><\/div><div class=\"uvc-main-heading ult-responsive\"  data-ultimate-target='.uvc-heading.ultimate-heading-576069e29603993e2 h4'  data-responsive-json-new='{\"font-size\":\"desktop:20px;\",\"line-height\":\"desktop:24px;\"}' ><h4 style=\"font-family:&#039;Karla&#039;;font-weight:normal;font-style:normal;color:#5eb130;\">SHORTCUTS<\/h4><\/div><\/div>[\/vc_column][vc_column width=&#8221;1\/4&#8243;]<div class=\"ult-content-box-container \" >\t<a class=\"ult-content-box-anchor\" href=\"https:\/\/portalcientifico.cita-aragon.es\/\" target=\"_blank\" rel=\"noopener\" >\t\t<div class=\"ult-content-box\" style=\"background-image:url(&#039;https:\/\/cita-aragon.es\/wp-content\/uploads\/2021\/11\/cita-img-portal-iM-feat@2x-100-1.jpg&#039;);background-size: cover;background-repeat: repeat;background-position: center center;background-color: rgba(0, 0, 0, 0);box-shadow: px px px px none;padding:10px;min-height:250px;-webkit-transition: all 700ms ease;-moz-transition: all 700ms ease;-ms-transition: all 700ms ease;-o-transition: all 700ms ease;transition: all 700ms ease;\"  data-hover_box_shadow=\"none\"    >\n\t<div class=\"wpb_text_column wpb_content_element \" >\n\t\t<div class=\"wpb_wrapper\">\n\t\t\t<h4>iMarina scientific portal<\/h4>\n\n\t\t<\/div>\n\t<\/div>\n\t\t<\/div>\t<\/a><\/div>[\/vc_column][vc_column width=&#8221;1\/4&#8243;]<div class=\"ult-content-box-container \" >\t<a class=\"ult-content-box-anchor\" href=\"https:\/\/cita-aragon.es\/ofertas-de-empleo\/\" title=\"Ofertas de empleo\" >\t\t<div class=\"ult-content-box\" style=\"background-image:url(&#039;https:\/\/cita-aragon.es\/wp-content\/uploads\/2021\/11\/cita-img-ofertas-feat@2x-100.jpg&#039;);background-size: cover;background-repeat: repeat;background-position: center center;background-color: rgba(0, 0, 0, 0);box-shadow: px px px px none;padding:10px;min-height:250px;-webkit-transition: all 700ms ease;-moz-transition: all 700ms ease;-ms-transition: all 700ms ease;-o-transition: all 700ms ease;transition: all 700ms ease;\"  data-hover_box_shadow=\"none\"    >\n\t<div class=\"wpb_text_column wpb_content_element \" >\n\t\t<div class=\"wpb_wrapper\">\n\t\t\t<h4>Job offers<\/h4>\n\n\t\t<\/div>\n\t<\/div>\n\t\t<\/div>\t<\/a><\/div>[\/vc_column][vc_column width=&#8221;1\/4&#8243;]<div class=\"ult-content-box-container \" >\t<a class=\"ult-content-box-anchor\" href=\"https:\/\/citarea.cita-aragon.es\/citarea\/\" target=\"_blank\" rel=\"noopener\" >\t\t<div class=\"ult-content-box\" style=\"background-image:url(&#039;https:\/\/cita-aragon.es\/wp-content\/uploads\/2021\/11\/cita-img-biblio-feat@2x-100.jpg&#039;);background-size: cover;background-repeat: repeat;background-position: center center;background-color: rgba(0, 0, 0, 0);box-shadow: px px px px none;padding:10px;min-height:250px;-webkit-transition: all 700ms ease;-moz-transition: all 700ms ease;-ms-transition: all 700ms ease;-o-transition: all 700ms ease;transition: all 700ms ease;\"  data-hover_box_shadow=\"none\"    >\n\t<div class=\"wpb_text_column wpb_content_element \" >\n\t\t<div class=\"wpb_wrapper\">\n\t\t\t<h4>CITA Library<\/h4>\n\n\t\t<\/div>\n\t<\/div>\n\t\t<\/div>\t<\/a><\/div>[\/vc_column][vc_column width=&#8221;1\/4&#8243;]<div class=\"ult-content-box-container \" >\t<a class=\"ult-content-box-anchor\" href=\"https:\/\/cita-aragon.es\/patentes-y-obtenciones\/\" title=\"Patentes y obtenciones\" >\t\t<div class=\"ult-content-box\" style=\"background-image:url(&#039;https:\/\/cita-aragon.es\/wp-content\/uploads\/2021\/11\/cita-img-patentes-feat@2x-100.jpg&#039;);background-size: cover;background-repeat: repeat;background-position: center center;background-color: rgba(0, 0, 0, 0);box-shadow: px px px px none;padding:10px;min-height:250px;-webkit-transition: all 700ms ease;-moz-transition: all 700ms ease;-ms-transition: all 700ms ease;-o-transition: all 700ms ease;transition: all 700ms ease;\"  data-hover_box_shadow=\"none\"    >\n\t<div class=\"wpb_text_column wpb_content_element \" >\n\t\t<div class=\"wpb_wrapper\">\n\t\t\t<h4>Patents and varieties<\/h4>\n\n\t\t<\/div>\n\t<\/div>\n\t\t<\/div>\t<\/a><\/div>[\/vc_column][\/vc_row]<\/p>\n<\/div>","protected":false},"excerpt":{"rendered":"<p>{!{wpv-form-view name=&#8217;investigadores-buscador&#8217; target_id=&#8217;self&#8217;}!} {!{wpv-view name=&#8217;investigadores-buscador&#8217; view_display=&#8217;layout&#8217;}!} SHORTCUTS iMarina scientific portal Job offers CITA Library Patents and varieties<\/p>\n","protected":false},"author":1,"featured_media":0,"parent":0,"menu_order":0,"comment_status":"closed","ping_status":"closed","template":"","meta":{"footnotes":""},"class_list":["post-460844","page","type-page","status-publish","hentry","description-off"],"_links":{"self":[{"href":"https:\/\/cita-aragon.es\/en\/wp-json\/wp\/v2\/pages\/460844"}],"collection":[{"href":"https:\/\/cita-aragon.es\/en\/wp-json\/wp\/v2\/pages"}],"about":[{"href":"https:\/\/cita-aragon.es\/en\/wp-json\/wp\/v2\/types\/page"}],"author":[{"embeddable":true,"href":"https:\/\/cita-aragon.es\/en\/wp-json\/wp\/v2\/users\/1"}],"replies":[{"embeddable":true,"href":"https:\/\/cita-aragon.es\/en\/wp-json\/wp\/v2\/comments?post=460844"}],"version-history":[{"count":1,"href":"https:\/\/cita-aragon.es\/en\/wp-json\/wp\/v2\/pages\/460844\/revisions"}],"predecessor-version":[{"id":460845,"href":"https:\/\/cita-aragon.es\/en\/wp-json\/wp\/v2\/pages\/460844\/revisions\/460845"}],"wp:attachment":[{"href":"https:\/\/cita-aragon.es\/en\/wp-json\/wp\/v2\/media?parent=460844"}],"curies":[{"name":"wp","href":"https:\/\/api.w.org\/{rel}","templated":true}]}}