{"id":460779,"date":"2022-01-20T10:32:41","date_gmt":"2022-01-20T09:32:41","guid":{"rendered":"http:\/\/cita-aragon.es\/oficina-de-proyectos\/"},"modified":"2023-01-25T17:39:25","modified_gmt":"2023-01-25T16:39:25","slug":"project-office","status":"publish","type":"page","link":"https:\/\/cita-aragon.es\/en\/project-office\/","title":{"rendered":"Project Office"},"content":{"rendered":"<div class=\"wpb-content-wrapper\"><p>[vc_row type=&#8221;vc_default&#8221; gap=&#8221;30&#8243;][vc_column width=&#8221;2\/3&#8243;][vc_column_text el_class=&#8221;texto&#8221;]At the end of 2012, CITA created its <strong>Office for the Transfer of Research Results (OTRI)<\/strong>. Its main mission was to improve the transfer of knowledge, techniques and technologies developed by the centre to the Aragon agri-food sector. Since then, <strong>OTRI<\/strong>\u00a0has evolved into what is now called the <strong>Project Office<\/strong>.<\/p>\n<p>The relevant contacts for this office are Arturo Daud\u00e9n Ib\u00e1\u00f1ez (Coordinator) and Elisa Gallego Satu\u00e9 (Project Manager).[\/vc_column_text][\/vc_column][vc_column width=&#8221;1\/3&#8243;][vc_single_image image=&#8221;2251&#8243; img_size=&#8221;full&#8221; alignment=&#8221;center&#8221;][\/vc_column][\/vc_row][vc_row type=&#8221;vc_default&#8221; full_width=&#8221;stretch_row&#8221; css=&#8221;.vc_custom_1643630575308{margin-bottom: 0px !important;border-top-width: 1px !important;padding-bottom: 0px !important;border-top-color: #575756 !important;border-top-style: solid !important;}&#8221;][vc_column]<div id=\"ultimate-heading-528269d6706a937be\" class=\"uvc-heading ult-adjust-bottom-margin ultimate-heading-528269d6706a937be uvc-6354 \" data-hspacer=\"no_spacer\"  data-halign=\"left\" style=\"text-align:left\"><div class=\"uvc-heading-spacer no_spacer\" style=\"top\"><\/div><div class=\"uvc-main-heading ult-responsive\"  data-ultimate-target='.uvc-heading.ultimate-heading-528269d6706a937be h4'  data-responsive-json-new='{\"font-size\":\"desktop:20px;\",\"line-height\":\"desktop:24px;\"}' ><h4 style=\"font-family:&#039;Karla&#039;;font-weight:normal;font-style:normal;color:#5eb130;\">SHORTCUTS<\/h4><\/div><\/div>[\/vc_column][vc_column width=&#8221;1\/4&#8243;]<div class=\"ult-content-box-container \" >\t<a class=\"ult-content-box-anchor\" href=\"https:\/\/portalcientifico.cita-aragon.es\/\" target=\"_blank\" rel=\"noopener\" >\t\t<div class=\"ult-content-box\" style=\"background-image:url(&#039;https:\/\/cita-aragon.es\/wp-content\/uploads\/2021\/11\/cita-img-portal-iM-feat@2x-100-1.jpg&#039;);background-size: cover;background-repeat: repeat;background-position: center center;background-color: rgba(0, 0, 0, 0);box-shadow: px px px px none;padding:10px;min-height:250px;-webkit-transition: all 700ms ease;-moz-transition: all 700ms ease;-ms-transition: all 700ms ease;-o-transition: all 700ms ease;transition: all 700ms ease;\"  data-hover_box_shadow=\"none\"    >[vc_column_text css=&#8221;.vc_custom_1674663496450{margin-top: 5px !important;margin-right: 5px !important;margin-bottom: 5px !important;margin-left: 5px !important;padding-top: 10px !important;padding-right: 10px !important;padding-bottom: 10px !important;padding-left: 10px !important;background-color: #ffffff !important;}&#8221;]<\/p>\n<h4>iMarina scientific portal<\/h4>\n<p>[\/vc_column_text]\t\t<\/div>\t<\/a><\/div>[\/vc_column][vc_column width=&#8221;1\/4&#8243;]<div class=\"ult-content-box-container \" >\t<a class=\"ult-content-box-anchor\" href=\"https:\/\/cita-aragon.es\/ofertas-de-empleo\/\" title=\"Ofertas de empleo\" >\t\t<div class=\"ult-content-box\" style=\"background-image:url(&#039;https:\/\/cita-aragon.es\/wp-content\/uploads\/2021\/11\/cita-img-ofertas-feat@2x-100.jpg&#039;);background-size: cover;background-repeat: repeat;background-position: center center;background-color: rgba(0, 0, 0, 0);box-shadow: px px px px none;padding:10px;min-height:250px;-webkit-transition: all 700ms ease;-moz-transition: all 700ms ease;-ms-transition: all 700ms ease;-o-transition: all 700ms ease;transition: all 700ms ease;\"  data-hover_box_shadow=\"none\"    >[vc_column_text css=&#8221;.vc_custom_1674663515734{margin-top: 5px !important;margin-right: 5px !important;margin-bottom: 5px !important;margin-left: 5px !important;padding-top: 10px !important;padding-right: 10px !important;padding-bottom: 10px !important;padding-left: 10px !important;background-color: #ffffff !important;}&#8221;]<\/p>\n<h4>Job offers<\/h4>\n<p>[\/vc_column_text]\t\t<\/div>\t<\/a><\/div>[\/vc_column][vc_column width=&#8221;1\/4&#8243;]<div class=\"ult-content-box-container \" >\t<a class=\"ult-content-box-anchor\" href=\"https:\/\/citarea.cita-aragon.es\/citarea\/\" target=\"_blank\" rel=\"noopener\" >\t\t<div class=\"ult-content-box\" style=\"background-image:url(&#039;https:\/\/cita-aragon.es\/wp-content\/uploads\/2021\/11\/cita-img-biblio-feat@2x-100.jpg&#039;);background-size: cover;background-repeat: repeat;background-position: center center;background-color: rgba(0, 0, 0, 0);box-shadow: px px px px none;padding:10px;min-height:250px;-webkit-transition: all 700ms ease;-moz-transition: all 700ms ease;-ms-transition: all 700ms ease;-o-transition: all 700ms ease;transition: all 700ms ease;\"  data-hover_box_shadow=\"none\"    >[vc_column_text css=&#8221;.vc_custom_1674663530160{margin-top: 5px !important;margin-right: 5px !important;margin-bottom: 5px !important;margin-left: 5px !important;padding-top: 10px !important;padding-right: 10px !important;padding-bottom: 10px !important;padding-left: 10px !important;background-color: #ffffff !important;}&#8221;]<\/p>\n<h4>CITA Library<\/h4>\n<p>[\/vc_column_text]\t\t<\/div>\t<\/a><\/div>[\/vc_column][vc_column width=&#8221;1\/4&#8243;]<div class=\"ult-content-box-container \" >\t<a class=\"ult-content-box-anchor\" href=\"https:\/\/cita-aragon.es\/patentes-y-obtenciones\/\" title=\"Patentes y obtenciones\" >\t\t<div class=\"ult-content-box\" style=\"background-image:url(&#039;https:\/\/cita-aragon.es\/wp-content\/uploads\/2021\/11\/cita-img-patentes-feat@2x-100.jpg&#039;);background-size: cover;background-repeat: repeat;background-position: center center;background-color: rgba(0, 0, 0, 0);box-shadow: px px px px none;padding:10px;min-height:250px;-webkit-transition: all 700ms ease;-moz-transition: all 700ms ease;-ms-transition: all 700ms ease;-o-transition: all 700ms ease;transition: all 700ms ease;\"  data-hover_box_shadow=\"none\"    >[vc_column_text css=&#8221;.vc_custom_1674663565099{margin-top: 5px !important;margin-right: 5px !important;margin-bottom: 5px !important;margin-left: 5px !important;padding-top: 10px !important;padding-right: 10px !important;padding-bottom: 10px !important;padding-left: 10px !important;background-color: #ffffff !important;}&#8221;]<\/p>\n<h4>Patents and varieties<\/h4>\n<p>[\/vc_column_text]\t\t<\/div>\t<\/a><\/div>[\/vc_column][\/vc_row]<\/p>\n<\/div>","protected":false},"excerpt":{"rendered":"<p>[vc_row type=&#8221;vc_default&#8221; gap=&#8221;30&#8243;][vc_column width=&#8221;2\/3&#8243;][vc_column_text el_class=&#8221;texto&#8221;]At the end of 2012, CITA created its Office for the Transfer of Research Results (OTRI). Its main mission was to improve the transfer of knowledge, techniques and technologies developed by the centre to the Aragon agri-food sector. Since then, OTRI\u00a0has evolved into what is now called the Project Office. The&hellip;<\/p>\n","protected":false},"author":1,"featured_media":0,"parent":0,"menu_order":0,"comment_status":"closed","ping_status":"closed","template":"","meta":{"footnotes":""},"class_list":["post-460779","page","type-page","status-publish","hentry","description-off"],"_links":{"self":[{"href":"https:\/\/cita-aragon.es\/en\/wp-json\/wp\/v2\/pages\/460779"}],"collection":[{"href":"https:\/\/cita-aragon.es\/en\/wp-json\/wp\/v2\/pages"}],"about":[{"href":"https:\/\/cita-aragon.es\/en\/wp-json\/wp\/v2\/types\/page"}],"author":[{"embeddable":true,"href":"https:\/\/cita-aragon.es\/en\/wp-json\/wp\/v2\/users\/1"}],"replies":[{"embeddable":true,"href":"https:\/\/cita-aragon.es\/en\/wp-json\/wp\/v2\/comments?post=460779"}],"version-history":[{"count":1,"href":"https:\/\/cita-aragon.es\/en\/wp-json\/wp\/v2\/pages\/460779\/revisions"}],"predecessor-version":[{"id":460781,"href":"https:\/\/cita-aragon.es\/en\/wp-json\/wp\/v2\/pages\/460779\/revisions\/460781"}],"wp:attachment":[{"href":"https:\/\/cita-aragon.es\/en\/wp-json\/wp\/v2\/media?parent=460779"}],"curies":[{"name":"wp","href":"https:\/\/api.w.org\/{rel}","templated":true}]}}