{"id":460775,"date":"2022-01-04T13:46:08","date_gmt":"2022-01-04T12:46:08","guid":{"rendered":"http:\/\/cita-aragon.es\/centro-innovacion-bioeconomia-rural-teruel\/"},"modified":"2023-01-25T17:34:49","modified_gmt":"2023-01-25T16:34:49","slug":"teruel-rural-bioeconomy-innovation-centre","status":"publish","type":"page","link":"https:\/\/cita-aragon.es\/en\/teruel-rural-bioeconomy-innovation-centre\/","title":{"rendered":"Teruel Rural Bioeconomy Innovation Centre"},"content":{"rendered":"<div class=\"wpb-content-wrapper\"><p>[vc_row type=&#8221;vc_default&#8221; gap=&#8221;30&#8243;][vc_column width=&#8221;2\/3&#8243;][vc_column_text el_class=&#8221;texto&#8221;]The <strong>Rural Bioeconomy Innovation Centre (CITAte)<\/strong> is CITA\u2019s base in Teruel. Its main purpose is to facilitate and promote bioeconomy and circular economy research and innovation projects in the agri-food, forestry and environmental sectors.[\/vc_column_text][vc_empty_space][\/vc_column][vc_column width=&#8221;1\/3&#8243;][vc_single_image image=&#8221;2699&#8243; img_size=&#8221;medium&#8221; alignment=&#8221;center&#8221;][\/vc_column][\/vc_row][vc_row type=&#8221;vc_default&#8221; gap=&#8221;20&#8243; disable_element=&#8221;yes&#8221; css=&#8221;.vc_custom_1674664308747{margin-bottom: 0px !important;padding-bottom: 0px !important;}&#8221;][vc_column][vc_custom_heading text=&#8221;Nuestros objetivos&#8221; font_container=&#8221;tag:h2|text_align:left|color:%23000000&#8243; use_theme_fonts=&#8221;yes&#8221;][vc_separator color=&#8221;black&#8221; align=&#8221;align_left&#8221; el_width=&#8221;70&#8243; css=&#8221;.vc_custom_1641313594105{margin-bottom: 0px !important;padding-bottom: 25px !important;}&#8221;][\/vc_column][vc_column width=&#8221;1\/4&#8243;]<div class=\"ult-content-box-container \" >\t\t<div class=\"ult-content-box\" style=\"background-color:#5eb130;box-shadow: px px px px none;padding:20px;-webkit-transition: all 700ms ease;-moz-transition: all 700ms ease;-ms-transition: all 700ms ease;-o-transition: all 700ms ease;transition: all 700ms ease;\"  data-hover_box_shadow=\"none\"     data-bg=\"#5eb130\" >[vc_column_text css=&#8221;.vc_custom_1646219447186{margin-bottom: 0px !important;padding-bottom: 0px !important;}&#8221;]Actuar como punto de encuentro y coordinaci\u00f3n de los agentes involucrados en estos sectores, generando continuamente oportunidades de colaboraci\u00f3n entre ellos y con los investigadores del CITA u otros centros de investigaci\u00f3n.[\/vc_column_text]\t\t<\/div><\/div>[\/vc_column][vc_column width=&#8221;1\/4&#8243;]<div class=\"ult-content-box-container \" >\t\t<div class=\"ult-content-box\" style=\"background-color:#5eb130;box-shadow: px px px px none;padding:20px;-webkit-transition: all 700ms ease;-moz-transition: all 700ms ease;-ms-transition: all 700ms ease;-o-transition: all 700ms ease;transition: all 700ms ease;\"  data-hover_box_shadow=\"none\"     data-bg=\"#5eb130\" >[vc_column_text css=&#8221;.vc_custom_1646219456073{margin-bottom: 0px !important;padding-bottom: 0px !important;}&#8221;]Impulsar la transferencia del conocimiento cient\u00edfico y la formaci\u00f3n en el sector, adem\u00e1s de organizar actividades de diseminaci\u00f3n y divulgativas para el p\u00fablico en general.[\/vc_column_text]\t\t<\/div><\/div>[\/vc_column][vc_column width=&#8221;1\/4&#8243;]<div class=\"ult-content-box-container \" >\t\t<div class=\"ult-content-box\" style=\"background-color:#5eb130;box-shadow: px px px px none;padding:20px;-webkit-transition: all 700ms ease;-moz-transition: all 700ms ease;-ms-transition: all 700ms ease;-o-transition: all 700ms ease;transition: all 700ms ease;\"  data-hover_box_shadow=\"none\"     data-bg=\"#5eb130\" >[vc_column_text css=&#8221;.vc_custom_1646219465403{margin-bottom: 0px !important;padding-bottom: 0px !important;}&#8221;]Coordinar proyectos de innovaci\u00f3n e investigaci\u00f3n en bioeconom\u00eda circular que desde el CITA se desarrollen en la provincia de Teruel y resto de la comunidad aut\u00f3noma.[\/vc_column_text]\t\t<\/div><\/div>[\/vc_column][vc_column width=&#8221;1\/4&#8243;]<div class=\"ult-content-box-container \" >\t\t<div class=\"ult-content-box\" style=\"background-color:#5eb130;box-shadow: px px px px none;padding:20px;-webkit-transition: all 700ms ease;-moz-transition: all 700ms ease;-ms-transition: all 700ms ease;-o-transition: all 700ms ease;transition: all 700ms ease;\"  data-hover_box_shadow=\"none\"     data-bg=\"#5eb130\" >[vc_column_text css=&#8221;.vc_custom_1646219474507{margin-bottom: 0px !important;padding-bottom: 0px !important;}&#8221;]Ayudar a los agentes del sector a participar en diversas convocatorias de investigaci\u00f3n, innovaci\u00f3n y transferencia, tanto regionales como nacionales y europeas.[\/vc_column_text]\t\t<\/div><\/div>[\/vc_column][\/vc_row][vc_row type=&#8221;vc_default&#8221; gap=&#8221;30&#8243;][vc_column width=&#8221;2\/3&#8243;][vc_custom_heading text=&#8221;Analytical facilities and services&#8221; font_container=&#8221;tag:h2|text_align:left|color:%23000000&#8243; use_theme_fonts=&#8221;yes&#8221;][vc_separator color=&#8221;black&#8221; align=&#8221;align_left&#8221; css=&#8221;.vc_custom_1642596070508{margin-bottom: 0px !important;padding-bottom: 15px !important;}&#8221;][vc_column_text]The centre has the first and only honey quality analysis laboratory in Aragon, with a seed bank of vegetables and legumes of traditional varieties in the Teruel province.<\/p>\n<p>The varieties contained in the Teruel seed bank can be consulted by following this <a href=\"https:\/\/cita-aragon.es\/wp-content\/uploads\/Semillas_BSH_Teruel-1.pdf\">link<\/a>.[\/vc_column_text][vc_empty_space height=&#8221;30px&#8221;][\/vc_column][vc_column width=&#8221;1\/3&#8243;][vc_single_image image=&#8221;170595&#8243; img_size=&#8221;full&#8221; alignment=&#8221;center&#8221;][\/vc_column][\/vc_row][vc_row type=&#8221;vc_default&#8221; gap=&#8221;30&#8243; disable_element=&#8221;yes&#8221;][vc_column width=&#8221;2\/3&#8243;][vc_custom_heading text=&#8221;Cont\u00e1ctanos&#8221; font_container=&#8221;tag:h2|text_align:left|color:%23000000&#8243; use_theme_fonts=&#8221;yes&#8221;][vc_separator color=&#8221;black&#8221; align=&#8221;align_left&#8221; css=&#8221;.vc_custom_1642596070508{margin-bottom: 0px !important;padding-bottom: 15px !important;}&#8221;][vc_column_text]Si formas parte del sector agroalimentario, forestal o medioambiental de Teruel y quieres contarnos tu iniciativa o problema, ven a vernos o cont\u00e1ctanos:<\/p>\n<p><strong>Centro de Innovaci\u00f3n en Bioeconom\u00eda Rural<\/strong><br \/>\nPol\u00edgono Platea Norte<br \/>\nC\/ Corinto, n\u00ba 3<br \/>\n44195 Teruel<\/p>\n<p>Horario: 8h a 16h<br \/>\nTelf.: 978 64 16 45 &#8211; 689 486 741<br \/>\nEmail: <a href=\"mailto:citateruel@cita-aragon.es\">citateruel@cita-aragon.es<\/a><\/p>\n<p>Y no te olvides de seguirnos en redes sociales:<br \/>\n<span style=\"color: #5eb130;\"><strong>@citateruel<\/strong><\/span><br \/>\nEstamos en Facebook y Twitter[\/vc_column_text][\/vc_column][vc_column width=&#8221;1\/3&#8243;][vc_empty_space height=&#8221;50px&#8221;][vc_gmaps link=&#8221;#E-8_JTNDaWZyYW1lJTIwc3JjJTNEJTIyaHR0cHMlM0ElMkYlMkZ3d3cuZ29vZ2xlLmNvbSUyRm1hcHMlMkZlbWJlZCUzRnBiJTNEJTIxMW0xOCUyMTFtMTIlMjExbTMlMjExZDMwMzkuNTA3NTQxMjcyMDAxNiUyMTJkLTEuMTY2ODc4Nzg0Mjk4MTU0MyUyMTNkNDAuMzc1NDQyNTY2MDcyODQlMjEybTMlMjExZjAlMjEyZjAlMjEzZjAlMjEzbTIlMjExaTEwMjQlMjEyaTc2OCUyMTRmMTMuMSUyMTNtMyUyMTFtMiUyMTFzMHhkNWU3NDJmOGQxM2JhNjMlMjUzQTB4OGFmYTk4ODg3YjY0NGNjNCUyMTJzQ2VudHJvJTI1MjBkZSUyNTIwSW5ub3ZhY2klMjVDMyUyNUIzbiUyNTIwZW4lMjUyMEJpb2Vjb25vbSUyNUMzJTI1QURhJTI1MjBSdXJhbCUyMTVlMCUyMTNtMiUyMTFzZXMlMjEyc2VzJTIxNHYxNjQ2MjIwMTAyMzAwJTIxNW0yJTIxMXNlcyUyMTJzZXMlMjIlMjB3aWR0aCUzRCUyMjYwMCUyMiUyMGhlaWdodCUzRCUyMjM1MCUyMiUyMHN0eWxlJTNEJTIyYm9yZGVyJTNBMCUzQiUyMiUyMGFsbG93ZnVsbHNjcmVlbiUzRCUyMiUyMiUyMGxvYWRpbmclM0QlMjJsYXp5JTIyJTNFJTNDJTJGaWZyYW1lJTNF&#8221;][\/vc_column][\/vc_row][vc_row type=&#8221;vc_default&#8221; full_width=&#8221;stretch_row&#8221; css=&#8221;.vc_custom_1643630575308{margin-bottom: 0px !important;border-top-width: 1px !important;padding-bottom: 0px !important;border-top-color: #575756 !important;border-top-style: solid !important;}&#8221;][vc_column]<div id=\"ultimate-heading-862069d1ed54c0015\" class=\"uvc-heading ult-adjust-bottom-margin ultimate-heading-862069d1ed54c0015 uvc-2366 \" data-hspacer=\"no_spacer\"  data-halign=\"left\" style=\"text-align:left\"><div class=\"uvc-heading-spacer no_spacer\" style=\"top\"><\/div><div class=\"uvc-main-heading ult-responsive\"  data-ultimate-target='.uvc-heading.ultimate-heading-862069d1ed54c0015 h4'  data-responsive-json-new='{\"font-size\":\"desktop:20px;\",\"line-height\":\"desktop:24px;\"}' ><h4 style=\"font-family:&#039;Karla&#039;;font-weight:normal;font-style:normal;color:#5eb130;\">SHORTCUTS<\/h4><\/div><\/div>[\/vc_column][vc_column width=&#8221;1\/4&#8243;]<div class=\"ult-content-box-container \" >\t<a class=\"ult-content-box-anchor\" href=\"https:\/\/portalcientifico.cita-aragon.es\/\" target=\"_blank\" rel=\"noopener\" >\t\t<div class=\"ult-content-box\" style=\"background-image:url(&#039;https:\/\/cita-aragon.es\/wp-content\/uploads\/2021\/11\/cita-img-portal-iM-feat@2x-100-1.jpg&#039;);background-size: cover;background-repeat: repeat;background-position: center center;background-color: rgba(0, 0, 0, 0);box-shadow: px px px px none;padding:10px;min-height:250px;-webkit-transition: all 700ms ease;-moz-transition: all 700ms ease;-ms-transition: all 700ms ease;-o-transition: all 700ms ease;transition: all 700ms ease;\"  data-hover_box_shadow=\"none\"    >[vc_column_text css=&#8221;.vc_custom_1674663496450{margin-top: 5px !important;margin-right: 5px !important;margin-bottom: 5px !important;margin-left: 5px !important;padding-top: 10px !important;padding-right: 10px !important;padding-bottom: 10px !important;padding-left: 10px !important;background-color: #ffffff !important;}&#8221;]<\/p>\n<h4>iMarina scientific portal<\/h4>\n<p>[\/vc_column_text]\t\t<\/div>\t<\/a><\/div>[\/vc_column][vc_column width=&#8221;1\/4&#8243;]<div class=\"ult-content-box-container \" >\t<a class=\"ult-content-box-anchor\" href=\"https:\/\/cita-aragon.es\/ofertas-de-empleo\/\" title=\"Ofertas de empleo\" >\t\t<div class=\"ult-content-box\" style=\"background-image:url(&#039;https:\/\/cita-aragon.es\/wp-content\/uploads\/2021\/11\/cita-img-ofertas-feat@2x-100.jpg&#039;);background-size: cover;background-repeat: repeat;background-position: center center;background-color: rgba(0, 0, 0, 0);box-shadow: px px px px none;padding:10px;min-height:250px;-webkit-transition: all 700ms ease;-moz-transition: all 700ms ease;-ms-transition: all 700ms ease;-o-transition: all 700ms ease;transition: all 700ms ease;\"  data-hover_box_shadow=\"none\"    >[vc_column_text css=&#8221;.vc_custom_1674663515734{margin-top: 5px !important;margin-right: 5px !important;margin-bottom: 5px !important;margin-left: 5px !important;padding-top: 10px !important;padding-right: 10px !important;padding-bottom: 10px !important;padding-left: 10px !important;background-color: #ffffff !important;}&#8221;]<\/p>\n<h4>Job offers<\/h4>\n<p>[\/vc_column_text]\t\t<\/div>\t<\/a><\/div>[\/vc_column][vc_column width=&#8221;1\/4&#8243;]<div class=\"ult-content-box-container \" >\t<a class=\"ult-content-box-anchor\" href=\"https:\/\/citarea.cita-aragon.es\/citarea\/\" target=\"_blank\" rel=\"noopener\" >\t\t<div class=\"ult-content-box\" style=\"background-image:url(&#039;https:\/\/cita-aragon.es\/wp-content\/uploads\/2021\/11\/cita-img-biblio-feat@2x-100.jpg&#039;);background-size: cover;background-repeat: repeat;background-position: center center;background-color: rgba(0, 0, 0, 0);box-shadow: px px px px none;padding:10px;min-height:250px;-webkit-transition: all 700ms ease;-moz-transition: all 700ms ease;-ms-transition: all 700ms ease;-o-transition: all 700ms ease;transition: all 700ms ease;\"  data-hover_box_shadow=\"none\"    >[vc_column_text css=&#8221;.vc_custom_1674663530160{margin-top: 5px !important;margin-right: 5px !important;margin-bottom: 5px !important;margin-left: 5px !important;padding-top: 10px !important;padding-right: 10px !important;padding-bottom: 10px !important;padding-left: 10px !important;background-color: #ffffff !important;}&#8221;]<\/p>\n<h4>CITA Library<\/h4>\n<p>[\/vc_column_text]\t\t<\/div>\t<\/a><\/div>[\/vc_column][vc_column width=&#8221;1\/4&#8243;]<div class=\"ult-content-box-container \" >\t<a class=\"ult-content-box-anchor\" href=\"https:\/\/cita-aragon.es\/patentes-y-obtenciones\/\" title=\"Patentes y obtenciones\" >\t\t<div class=\"ult-content-box\" style=\"background-image:url(&#039;https:\/\/cita-aragon.es\/wp-content\/uploads\/2021\/11\/cita-img-patentes-feat@2x-100.jpg&#039;);background-size: cover;background-repeat: repeat;background-position: center center;background-color: rgba(0, 0, 0, 0);box-shadow: px px px px none;padding:10px;min-height:250px;-webkit-transition: all 700ms ease;-moz-transition: all 700ms ease;-ms-transition: all 700ms ease;-o-transition: all 700ms ease;transition: all 700ms ease;\"  data-hover_box_shadow=\"none\"    >[vc_column_text css=&#8221;.vc_custom_1674663565099{margin-top: 5px !important;margin-right: 5px !important;margin-bottom: 5px !important;margin-left: 5px !important;padding-top: 10px !important;padding-right: 10px !important;padding-bottom: 10px !important;padding-left: 10px !important;background-color: #ffffff !important;}&#8221;]<\/p>\n<h4>Patents and varieties<\/h4>\n<p>[\/vc_column_text]\t\t<\/div>\t<\/a><\/div>[\/vc_column][\/vc_row]<\/p>\n<\/div>","protected":false},"excerpt":{"rendered":"<p>[vc_row type=&#8221;vc_default&#8221; gap=&#8221;30&#8243;][vc_column width=&#8221;2\/3&#8243;][vc_column_text el_class=&#8221;texto&#8221;]The Rural Bioeconomy Innovation Centre (CITAte) is CITA\u2019s base in Teruel. Its main purpose is to facilitate and promote bioeconomy and circular economy research and innovation projects in the agri-food, forestry and environmental sectors.[\/vc_column_text][vc_empty_space][\/vc_column][vc_column width=&#8221;1\/3&#8243;][vc_single_image image=&#8221;2699&#8243; img_size=&#8221;medium&#8221; alignment=&#8221;center&#8221;][\/vc_column][\/vc_row][vc_row type=&#8221;vc_default&#8221; gap=&#8221;20&#8243; disable_element=&#8221;yes&#8221; css=&#8221;.vc_custom_1674664308747{margin-bottom: 0px !important;padding-bottom: 0px !important;}&#8221;][vc_column][vc_custom_heading text=&#8221;Nuestros objetivos&#8221; font_container=&#8221;tag:h2|text_align:left|color:%23000000&#8243; use_theme_fonts=&#8221;yes&#8221;][vc_separator color=&#8221;black&#8221;&hellip;<\/p>\n","protected":false},"author":1,"featured_media":0,"parent":0,"menu_order":0,"comment_status":"closed","ping_status":"closed","template":"","meta":{"footnotes":""},"class_list":["post-460775","page","type-page","status-publish","hentry","description-off"],"_links":{"self":[{"href":"https:\/\/cita-aragon.es\/en\/wp-json\/wp\/v2\/pages\/460775"}],"collection":[{"href":"https:\/\/cita-aragon.es\/en\/wp-json\/wp\/v2\/pages"}],"about":[{"href":"https:\/\/cita-aragon.es\/en\/wp-json\/wp\/v2\/types\/page"}],"author":[{"embeddable":true,"href":"https:\/\/cita-aragon.es\/en\/wp-json\/wp\/v2\/users\/1"}],"replies":[{"embeddable":true,"href":"https:\/\/cita-aragon.es\/en\/wp-json\/wp\/v2\/comments?post=460775"}],"version-history":[{"count":2,"href":"https:\/\/cita-aragon.es\/en\/wp-json\/wp\/v2\/pages\/460775\/revisions"}],"predecessor-version":[{"id":460777,"href":"https:\/\/cita-aragon.es\/en\/wp-json\/wp\/v2\/pages\/460775\/revisions\/460777"}],"wp:attachment":[{"href":"https:\/\/cita-aragon.es\/en\/wp-json\/wp\/v2\/media?parent=460775"}],"curies":[{"name":"wp","href":"https:\/\/api.w.org\/{rel}","templated":true}]}}