{"id":460771,"date":"2022-01-14T13:19:31","date_gmt":"2022-01-14T12:19:31","guid":{"rendered":"http:\/\/cita-aragon.es\/instalaciones-principales-montanana\/"},"modified":"2023-01-25T17:28:48","modified_gmt":"2023-01-25T16:28:48","slug":"main-premises-montanana","status":"publish","type":"page","link":"https:\/\/cita-aragon.es\/en\/main-premises-montanana\/","title":{"rendered":"Main premises. Monta\u00f1ana"},"content":{"rendered":"<div class=\"wpb-content-wrapper\"><p>[vc_row type=&#8221;vc_default&#8221; gap=&#8221;30&#8243; css=&#8221;.vc_custom_1643709901768{margin-bottom: 0px !important;padding-bottom: 0px !important;}&#8221;][vc_column width=&#8221;2\/3&#8243;][vc_column_text el_class=&#8221;texto&#8221;]CITA\u2019s headquarters is located at Avda. Monta\u00f1ana 930, 7.5 kilometres along the road linking the village of Monta\u00f1ana with that of San Mateo de G\u00e1llego, on the Aula Dei campus.<\/p>\n<p>In addition to CITA, the Campus is home to the Experimental Station of Aula Dei (EEAD-CSIC) of the CSIC, the Pyrenean Institute of Ecology (IPE) of the CSIC, the Mediterranean Agronomic Institute of Zaragoza\/Centre for Advanced Mediterranean Studies (IAMZ\/CIHEAM) and the Foundation for Agri-Food Innovation and Transfer of Aragon. In addition, the Centre for Plant Protection, the Agri-Food Laboratory, the Agri-Food Transfer Centre and the Centre for Seeds and Nursery Plants, all of which belong to the Department of Agriculture, Livestock and Environment of the Government of Aragon.\u00a0CITA is also the headquarters of the Agri-Food Institute of Aragon (IA2).[\/vc_column_text][\/vc_column][vc_column width=&#8221;1\/3&#8243;][vc_single_image image=&#8221;2223&#8243; img_size=&#8221;full&#8221; alignment=&#8221;center&#8221;][\/vc_column][vc_column][vc_single_image image=&#8221;162884&#8243; img_size=&#8221;full&#8221; onclick=&#8221;link_image&#8221;][\/vc_column][\/vc_row][vc_row type=&#8221;vc_default&#8221; gap=&#8221;30&#8243;][vc_column width=&#8221;1\/3&#8243;][vc_gmaps link=&#8221;#E-8_JTNDaWZyYW1lJTIwc3JjJTNEJTIyaHR0cHMlM0ElMkYlMkZ3d3cuZ29vZ2xlLmNvbSUyRm1hcHMlMkZlbWJlZCUzRnBiJTNEJTIxMW0xNCUyMTFtOCUyMTFtMyUyMTFkMjM4MjEuNzAzMDgyMDgzNzUlMjEyZC0wLjgwOTkxOCUyMTNkNDEuNzI2NzE0JTIxM20yJTIxMWkxMDI0JTIxMmk3NjglMjE0ZjEzLjElMjEzbTMlMjExbTIlMjExczB4MCUyNTNBMHhhZTZhNTNiNzM0M2ExM2QzJTIxMnNDZW50cm8lMjUyMGRlJTI1MjBJbnZlc3RpZ2FjaSUyNUMzJTI1QjNuJTI1MjB5JTI1MjBUZWNub2xvZyUyNUMzJTI1QURhJTI1MjBBZ3JvYWxpbWVudGFyaWElMjUyMGRlJTI1MjBBcmFnJTI1QzMlMjVCM24lMjUyMCUyOENJVEElMjklMjE1ZTAlMjEzbTIlMjExc2VzJTIxMnN1cyUyMTR2MTY0MjU5NTI4MjQ0NSUyMTVtMiUyMTFzZXMlMjEyc3VzJTIyJTIwd2lkdGglM0QlMjI4MDAlMjIlMjBoZWlnaHQlM0QlMjI1NTAlMjIlMjBzdHlsZSUzRCUyMmJvcmRlciUzQTAlM0IlMjIlMjBhbGxvd2Z1bGxzY3JlZW4lM0QlMjIlMjIlMjBsb2FkaW5nJTNEJTIybGF6eSUyMiUzRSUzQyUyRmlmcmFtZSUzRQ==&#8221;][\/vc_column][vc_column width=&#8221;2\/3&#8243;][vc_column_text]<\/p>\n<h4><strong>Access by own vehicle<\/strong><\/h4>\n<p>If you are coming from the Castell\u00f3n (A-68) or Teruel (N-330) roads, it is preferable to take the Z-40 ring road and join the northern ring road (A-2 \/ E-90) in the direction of Barcelona, a ring road which is also used by vehicles coming from Madrid (A-2) and later by those coming from the Huesca motorway (A-23).<\/p>\n<p>From all the aforementioned directions and all those coming on the AP-2 \/ E-90 from Barcelona (AP-2), take exit 326 Monta\u00f1ana-Santa Isabel and turn left onto the A-123 road (Map access from AP2) towards the Monta\u00f1ana neighbourhood.<\/p>\n<p>Once you have passed the Monta\u00f1ana district, after about 7.5 km, you will find the access to the Aula Dei Campus on both sides of the road. The CITA offices are on the right-hand side of the road.[\/vc_column_text][vc_column_text]<\/p>\n<h4><strong>Access by public transport<\/strong><\/h4>\n<p>In addition, the Aula Dei Campus is connected to the city of Zaragoza by line 28 of the municipal urban transport service, which starts in Coso Street.[\/vc_column_text][vc_column_text]<\/p>\n<h4><strong>CITA installations in Monta\u00f1ana<\/strong><\/h4>\n<p>Once at the CITA facilities in Monta\u00f1ana, you should go to the information office located at the entrance of the central administration building.[\/vc_column_text][\/vc_column][\/vc_row][vc_row type=&#8221;vc_default&#8221; full_width=&#8221;stretch_row&#8221; css=&#8221;.vc_custom_1643630575308{margin-bottom: 0px !important;border-top-width: 1px !important;padding-bottom: 0px !important;border-top-color: #575756 !important;border-top-style: solid !important;}&#8221;][vc_column]<div id=\"ultimate-heading-941569dc13ab1bacf\" class=\"uvc-heading ult-adjust-bottom-margin ultimate-heading-941569dc13ab1bacf uvc-6042 \" data-hspacer=\"no_spacer\"  data-halign=\"left\" style=\"text-align:left\"><div class=\"uvc-heading-spacer no_spacer\" style=\"top\"><\/div><div class=\"uvc-main-heading ult-responsive\"  data-ultimate-target='.uvc-heading.ultimate-heading-941569dc13ab1bacf h4'  data-responsive-json-new='{\"font-size\":\"desktop:20px;\",\"line-height\":\"desktop:24px;\"}' ><h4 style=\"font-family:&#039;Karla&#039;;font-weight:normal;font-style:normal;color:#5eb130;\">SHORTCUTS<\/h4><\/div><\/div>[\/vc_column][vc_column width=&#8221;1\/4&#8243;]<div class=\"ult-content-box-container \" >\t<a class=\"ult-content-box-anchor\" href=\"https:\/\/portalcientifico.cita-aragon.es\/\" target=\"_blank\" rel=\"noopener\" >\t\t<div class=\"ult-content-box\" style=\"background-image:url(&#039;https:\/\/cita-aragon.es\/wp-content\/uploads\/2021\/11\/cita-img-portal-iM-feat@2x-100-1.jpg&#039;);background-size: cover;background-repeat: repeat;background-position: center center;background-color: rgba(0, 0, 0, 0);box-shadow: px px px px none;padding:10px;min-height:250px;-webkit-transition: all 700ms ease;-moz-transition: all 700ms ease;-ms-transition: all 700ms ease;-o-transition: all 700ms ease;transition: all 700ms ease;\"  data-hover_box_shadow=\"none\"    >[vc_column_text css=&#8221;.vc_custom_1674663496450{margin-top: 5px !important;margin-right: 5px !important;margin-bottom: 5px !important;margin-left: 5px !important;padding-top: 10px !important;padding-right: 10px !important;padding-bottom: 10px !important;padding-left: 10px !important;background-color: #ffffff !important;}&#8221;]<\/p>\n<h4>iMarina scientific portal<\/h4>\n<p>[\/vc_column_text]\t\t<\/div>\t<\/a><\/div>[\/vc_column][vc_column width=&#8221;1\/4&#8243;]<div class=\"ult-content-box-container \" >\t<a class=\"ult-content-box-anchor\" href=\"https:\/\/cita-aragon.es\/ofertas-de-empleo\/\" title=\"Ofertas de empleo\" >\t\t<div class=\"ult-content-box\" style=\"background-image:url(&#039;https:\/\/cita-aragon.es\/wp-content\/uploads\/2021\/11\/cita-img-ofertas-feat@2x-100.jpg&#039;);background-size: cover;background-repeat: repeat;background-position: center center;background-color: rgba(0, 0, 0, 0);box-shadow: px px px px none;padding:10px;min-height:250px;-webkit-transition: all 700ms ease;-moz-transition: all 700ms ease;-ms-transition: all 700ms ease;-o-transition: all 700ms ease;transition: all 700ms ease;\"  data-hover_box_shadow=\"none\"    >[vc_column_text css=&#8221;.vc_custom_1674663515734{margin-top: 5px !important;margin-right: 5px !important;margin-bottom: 5px !important;margin-left: 5px !important;padding-top: 10px !important;padding-right: 10px !important;padding-bottom: 10px !important;padding-left: 10px !important;background-color: #ffffff !important;}&#8221;]<\/p>\n<h4>Job offers<\/h4>\n<p>[\/vc_column_text]\t\t<\/div>\t<\/a><\/div>[\/vc_column][vc_column width=&#8221;1\/4&#8243;]<div class=\"ult-content-box-container \" >\t<a class=\"ult-content-box-anchor\" href=\"https:\/\/citarea.cita-aragon.es\/citarea\/\" target=\"_blank\" rel=\"noopener\" >\t\t<div class=\"ult-content-box\" style=\"background-image:url(&#039;https:\/\/cita-aragon.es\/wp-content\/uploads\/2021\/11\/cita-img-biblio-feat@2x-100.jpg&#039;);background-size: cover;background-repeat: repeat;background-position: center center;background-color: rgba(0, 0, 0, 0);box-shadow: px px px px none;padding:10px;min-height:250px;-webkit-transition: all 700ms ease;-moz-transition: all 700ms ease;-ms-transition: all 700ms ease;-o-transition: all 700ms ease;transition: all 700ms ease;\"  data-hover_box_shadow=\"none\"    >[vc_column_text css=&#8221;.vc_custom_1674663530160{margin-top: 5px !important;margin-right: 5px !important;margin-bottom: 5px !important;margin-left: 5px !important;padding-top: 10px !important;padding-right: 10px !important;padding-bottom: 10px !important;padding-left: 10px !important;background-color: #ffffff !important;}&#8221;]<\/p>\n<h4>CITA Library<\/h4>\n<p>[\/vc_column_text]\t\t<\/div>\t<\/a><\/div>[\/vc_column][vc_column width=&#8221;1\/4&#8243;]<div class=\"ult-content-box-container \" >\t<a class=\"ult-content-box-anchor\" href=\"https:\/\/cita-aragon.es\/patentes-y-obtenciones\/\" title=\"Patentes y obtenciones\" >\t\t<div class=\"ult-content-box\" style=\"background-image:url(&#039;https:\/\/cita-aragon.es\/wp-content\/uploads\/2021\/11\/cita-img-patentes-feat@2x-100.jpg&#039;);background-size: cover;background-repeat: repeat;background-position: center center;background-color: rgba(0, 0, 0, 0);box-shadow: px px px px none;padding:10px;min-height:250px;-webkit-transition: all 700ms ease;-moz-transition: all 700ms ease;-ms-transition: all 700ms ease;-o-transition: all 700ms ease;transition: all 700ms ease;\"  data-hover_box_shadow=\"none\"    >[vc_column_text css=&#8221;.vc_custom_1674663565099{margin-top: 5px !important;margin-right: 5px !important;margin-bottom: 5px !important;margin-left: 5px !important;padding-top: 10px !important;padding-right: 10px !important;padding-bottom: 10px !important;padding-left: 10px !important;background-color: #ffffff !important;}&#8221;]<\/p>\n<h4>Patents and varieties<\/h4>\n<p>[\/vc_column_text]\t\t<\/div>\t<\/a><\/div>[\/vc_column][\/vc_row]<\/p>\n<\/div>","protected":false},"excerpt":{"rendered":"<p>[vc_row type=&#8221;vc_default&#8221; gap=&#8221;30&#8243; css=&#8221;.vc_custom_1643709901768{margin-bottom: 0px !important;padding-bottom: 0px !important;}&#8221;][vc_column width=&#8221;2\/3&#8243;][vc_column_text el_class=&#8221;texto&#8221;]CITA\u2019s headquarters is located at Avda. Monta\u00f1ana 930, 7.5 kilometres along the road linking the village of Monta\u00f1ana with that of San Mateo de G\u00e1llego, on the Aula Dei campus. In addition to CITA, the Campus is home to the Experimental Station of Aula Dei (EEAD-CSIC)&hellip;<\/p>\n","protected":false},"author":1,"featured_media":0,"parent":0,"menu_order":0,"comment_status":"closed","ping_status":"closed","template":"","meta":{"footnotes":""},"class_list":["post-460771","page","type-page","status-publish","hentry","description-off"],"_links":{"self":[{"href":"https:\/\/cita-aragon.es\/en\/wp-json\/wp\/v2\/pages\/460771"}],"collection":[{"href":"https:\/\/cita-aragon.es\/en\/wp-json\/wp\/v2\/pages"}],"about":[{"href":"https:\/\/cita-aragon.es\/en\/wp-json\/wp\/v2\/types\/page"}],"author":[{"embeddable":true,"href":"https:\/\/cita-aragon.es\/en\/wp-json\/wp\/v2\/users\/1"}],"replies":[{"embeddable":true,"href":"https:\/\/cita-aragon.es\/en\/wp-json\/wp\/v2\/comments?post=460771"}],"version-history":[{"count":2,"href":"https:\/\/cita-aragon.es\/en\/wp-json\/wp\/v2\/pages\/460771\/revisions"}],"predecessor-version":[{"id":460773,"href":"https:\/\/cita-aragon.es\/en\/wp-json\/wp\/v2\/pages\/460771\/revisions\/460773"}],"wp:attachment":[{"href":"https:\/\/cita-aragon.es\/en\/wp-json\/wp\/v2\/media?parent=460771"}],"curies":[{"name":"wp","href":"https:\/\/api.w.org\/{rel}","templated":true}]}}