{"id":2545,"date":"2022-01-27T19:50:26","date_gmt":"2022-01-27T18:50:26","guid":{"rendered":"http:\/\/cita-aragon.es\/?page_id=2545"},"modified":"2022-01-27T19:50:26","modified_gmt":"2022-01-27T18:50:26","slug":"politica-de-privacidad","status":"publish","type":"page","link":"https:\/\/cita-aragon.es\/en\/politica-de-privacidad\/","title":{"rendered":"Pol\u00edtica de privacidad"},"content":{"rendered":"<p>Con la finalidad de compatibilizar la transparencia de la informaci\u00f3n, con una f\u00e1cil comprensi\u00f3n en la forma de presentarla a los usuarios, Centro de Investigaci\u00f3n y\u00a0 Tecnolog\u00eda Agroalimentaria de Arag\u00f3n presenta la pol\u00edtica de privacidad\u00a0 en dos fases (representaci\u00f3n multinivel o a doble capa).Mediante este sistema ofrecemos a nuestros visitantes y usuarios, informaci\u00f3n sobre el tratamiento de sus datos\u00a0 mediante una informaci\u00f3n m\u00e1s resumida y concisa como primera capa de informaci\u00f3n. En caso, de requerir informaci\u00f3n m\u00e1s detallada, dispone de una segunda capa de informaci\u00f3n m\u00e1s extensa y detallada a trav\u00e9s del enlace: \u201c+ Informaci\u00f3n\u201d. En ella se identifican las diferentes aspectos del tratamiento realizado por Centro de Investigaci\u00f3n y\u00a0 Tecnolog\u00eda Agroalimentaria de Arag\u00f3n.<\/p>\n<table>\n<tbody>\n<tr>\n<td width=\"165\"><b><strong>\u00a0<\/strong><\/b><\/p>\n<p><b><strong>Ep\u00edgrafe<\/strong><\/b><\/p>\n<p><b><strong>\u00a0<\/strong><\/b><\/td>\n<td width=\"387\"><b><strong>Primera Capa<\/strong><\/b><\/td>\n<td width=\"153\"><b><strong>Segunda capa (Enlace)<\/strong><\/b><\/td>\n<\/tr>\n<tr>\n<td width=\"165\"><b><strong>Responsable del tratamiento<\/strong><\/b><\/td>\n<td width=\"387\">&nbsp;<\/p>\n<p>Los datos tratados son los estrictamente necesarios, adecuados y pertinentes para cada finalidad.\u00a0<b><strong>Centro de Investigaci\u00f3n y\u00a0 Tecnolog\u00eda Agroalimentaria de Arag\u00f3n<\/strong><\/b>\u00a0es el responsable de los tratamientos de datos personales.<\/p>\n<p>&nbsp;<\/td>\n<td width=\"153\"><b><a href=\"#_Responsable_del_tratamiento\"><strong>+ Informaci\u00f3n<\/strong><\/a><\/b><\/td>\n<\/tr>\n<tr>\n<td width=\"165\"><b><strong>Finalidad<\/strong><\/b><\/td>\n<td width=\"387\">&nbsp;<\/p>\n<p>La finalidad de los tratamientos de datos que se realicen estar\u00e1 de acuerdo a las actividades propias de los Departamentos de\u00a0<b><strong>Centro de Investigaci\u00f3n y\u00a0 Tecnolog\u00eda Agroalimentaria de Arag\u00f3n<\/strong><\/b>, destacando principalmente:<\/p>\n<p>&nbsp;<\/p>\n<p><b><strong>Centro de investigaci\u00f3n agro alimentaria<\/strong><\/b><\/p>\n<p><b><strong>\u00a0<\/strong><\/b><\/td>\n<td width=\"153\"><b><a href=\"#_Finalidad\"><strong>+ Informaci\u00f3n<\/strong><\/a><\/b><\/td>\n<\/tr>\n<tr>\n<td width=\"165\"><b><strong>Legitimaci\u00f3n<\/strong><\/b><\/td>\n<td width=\"387\"><b><strong>\u00a0<\/strong><\/b><\/p>\n<p>El tratamiento de datos est\u00e1 basado en los supuestos recogidos en el art\u00edculo 6 del RGPD. En el caso de\u00a0<b><strong>Centro de Investigaci\u00f3n y\u00a0 Tecnolog\u00eda Agroalimentaria de Arag\u00f3n<\/strong><\/b>\u00a0 es habitual que dicho tratamiento se efect\u00fae cuando el interesado haya dado su consentimiento para el tratamiento de sus datos personales para uno o varios fines espec\u00edficos.<\/p>\n<p><b><strong>\u00a0<\/strong><\/b><\/td>\n<td width=\"153\"><b><a href=\"#_Base_jur%C3%ADdica_del\"><strong>+ Informaci\u00f3n<\/strong><\/a><\/b><\/td>\n<\/tr>\n<tr>\n<td width=\"165\"><b><strong>Conservaci\u00f3n de datos<\/strong><\/b><\/td>\n<td width=\"387\">&nbsp;<\/p>\n<p>Los datos personales proporcionados se conservar\u00e1n durante el tiempo necesario para cumplir con la finalidad para la que se recaban y para determinar las posibles responsabilidades que se pudieran derivar de la finalidad, adem\u00e1s de los per\u00edodos de conservaci\u00f3n legales que exigen su conservaci\u00f3n (Ej: Obligaciones tributarias)<\/p>\n<p>&nbsp;<\/td>\n<td width=\"153\"><b><a href=\"#_Plazo_de_conservaci%C3%B3n\"><strong>+ Informaci\u00f3n<\/strong><\/a><\/b><\/td>\n<\/tr>\n<tr>\n<td width=\"165\"><b><strong>Comunicaci\u00f3n de datos<\/strong><\/b><\/td>\n<td width=\"387\">&nbsp;<\/p>\n<p>Con car\u00e1cter general no se comunicar\u00e1n los datos personales a terceros, salvo obligaci\u00f3n legal:<\/p>\n<p>\u00b7\u00a0\u00a0\u00a0\u00a0\u00a0\u00a0Administraci\u00f3n publica competente<\/p>\n<p>\u00b7\u00a0\u00a0\u00a0\u00a0\u00a0\u00a0Bancos\/Entidades financieras<\/p>\n<p><b><strong>\u00a0<\/strong><\/b><\/td>\n<td width=\"153\"><b><a href=\"#_Categor%C3%ADas_de_destinatarios\"><strong>+ Informaci\u00f3n<\/strong><\/a><\/b><\/td>\n<\/tr>\n<tr>\n<td width=\"165\"><b><strong>Derechos de las partes interesadas<\/strong><\/b><\/td>\n<td width=\"387\">&nbsp;<\/p>\n<p>Reconocemos a nuestros visitantes y usuarios ejercer sus derechos de acceso, rectificaci\u00f3n, supresi\u00f3n y portabilidad de sus datos, de limitaci\u00f3n y oposici\u00f3n a su tratamiento, as\u00ed como a no ser objeto de decisiones basadas \u00fanicamente en el tratamiento automatizado de sus datos, cuando proceda, ante la\u00a0<b><a href=\"https:\/\/www.aepd.es\/es\"><strong>Agencia Espa\u00f1ola de Protecci\u00f3n de Datos<\/strong><\/a><\/b><\/p>\n<p>&nbsp;<\/td>\n<td width=\"153\"><b><a href=\"#_Ejercer_derechos_de\"><strong>+ Informaci\u00f3n<\/strong><\/a><\/b><\/td>\n<\/tr>\n<tr>\n<td width=\"165\"><b><strong>Info. Adicional<\/strong><\/b><\/td>\n<td width=\"387\">&nbsp;<\/p>\n<p>Este sitio web utiliza cookies propias y de terceros para analizar el tr\u00e1fico de la red, as\u00ed como poder personalizar la informaci\u00f3n que ofrece a sus usuarios o promover sus servicios. Informaci\u00f3n para cambiar esta configuraci\u00f3n y obtener m\u00e1s detalles sobre nuestra pol\u00edtica de cookies en el bot\u00f3n\u00a0<b><strong>\u201cPol\u00edtica de Cookies\u201d<\/strong><\/b><\/p>\n<p>&nbsp;<\/p>\n<p>La p\u00e1gina web de la que es titular Centro de Investigaci\u00f3n y\u00a0 Tecnolog\u00eda Agroalimentaria de Arag\u00f3n contiene hiperv\u00ednculos a otras p\u00e1ginas web de terceros, cuyas pol\u00edticas de privacidad son ajenas a la de esta administraci\u00f3n. Al acceder a tales sitios web usted puede decidir si acepta sus pol\u00edticas de privacidad y de cookies. Con car\u00e1cter general, si navega por internet usted puede aceptar o rechazar las cookies de terceros desde las opciones de configuraci\u00f3n de su navegador.<\/p>\n<p><b><strong>\u00a0<\/strong><\/b><\/td>\n<td width=\"153\"><b><strong>+ \u201cPol\u00edtica de Cookies\u201d<\/strong><\/b><\/td>\n<\/tr>\n<\/tbody>\n<\/table>\n<p>&nbsp;<\/p>\n<h3>Responsable del tratamiento<\/h3>\n<p>Responsable: Centro de Investigaci\u00f3n y\u00a0 Tecnolog\u00eda Agroalimentaria de Arag\u00f3n<br \/>\nCIF: Q5000823D<br \/>\nDirecci\u00f3n: Avenida de Monta\u00f1ana n\u00ba 930, 50059, Zaragoza<br \/>\nT:\u00a0 976716300<br \/>\nMail:\u00a0<a href=\"mailto:cita@aragon.es\">cita@aragon.es<\/a><\/p>\n<h3>Finalidad<\/h3>\n<p>a)\u00a0<strong>Prestaci\u00f3n de servicios a clientes actuales y\/o potenciales<\/strong><\/p>\n<p>Centro de investigaci\u00f3n agro alimentaria<\/p>\n<p>Env\u00edo de informaci\u00f3n comercial de nuestros productos y\/o servicios<\/p>\n<p>b)\u00a0<strong>Proveedores y terceros<\/strong><\/p>\n<p>Externalizaci\u00f3n de servicios a terceros (Sociedades, aut\u00f3nomos, fundaciones, asociaciones\u2026)<\/p>\n<p>c)\u00a0<strong>Recursos Humanos<\/strong><\/p>\n<p>Gesti\u00f3n de personal laboral<\/p>\n<p>Expediente personal. Control horario. Incompatibilidades. Formaci\u00f3n. Planes de pensiones.\u00a0 Prevenci\u00f3n de riesgos laborales.<\/p>\n<p>Emisi\u00f3n de la n\u00f3mina del personal, as\u00ed como de todos los productos derivados de la misma.<\/p>\n<p>Gesti\u00f3n de la actividad sindical (En su caso)<\/p>\n<p>d)\u00a0<strong>Videovigilancia<\/strong><\/p>\n<p>Garantizar la seguridad de personas, bienes e instalaciones.<\/p>\n<h3>Base jur\u00eddica del tratamiento<\/h3>\n<p>RGPD: 6.1.a) el interesado dio su consentimiento para el tratamiento de sus datos personales para uno o varios fines espec\u00edficos;<br \/>\nRGPD: 6.1.b) Tratamiento necesario para la ejecuci\u00f3n de un contrato en el que el interesado es parte o para la aplicaci\u00f3n a petici\u00f3n de \u00e9ste de medidas precontractuales;<br \/>\nRGPD: 6.1. c) el tratamiento es necesario para el cumplimiento de una obligaci\u00f3n legal aplicable al responsable del tratamiento;<br \/>\nReglamento General de Protecci\u00f3n de Datos.<br \/>\nLey org\u00e1nica\u00a0 3\/2018, de 5 de diciembre, de Protecci\u00f3n de Datos Personales y garant\u00eda de los derechos digitales.<br \/>\nLey 34\/2002, de 11 de julio, de servicios de la sociedad de la informaci\u00f3n y de comercio electr\u00f3nico (Aplicable en mensajer\u00eda, rrss,\u00a0 y ventas online)<br \/>\n* \u201cVd. tiene derecho a retirar el consentimiento prestado\u201d<\/p>\n<h3>Colectivos<\/h3>\n<p>a) Clientes y usuario actuales y potenciales<\/p>\n<p>b) Profesionales y colaboradores<\/p>\n<p>c) Trabajadores y potenciales candidatos<\/p>\n<p>d) Personas f\u00edsicas que transitan en las instalaciones de la Entidad<\/p>\n<h3>Categor\u00edas de datos personales<\/h3>\n<p>Identificativos (nombre, apellidos, NIF, direcci\u00f3n postal, tel\u00e9fono, direcci\u00f3n de correo electr\u00f3nico, p\u00e1gina web)<\/p>\n<p>Otros datos personales (estado civil, fecha y lugar de nacimiento, edad, sexo, nacionalidad, voz, imagen, firma, huella dactilar, iris, etc.)<\/p>\n<p>Datos bancarios<\/p>\n<p>Informaci\u00f3n Comercial<\/p>\n<p>Compraventa de bienes o de servicios<\/p>\n<h3>Categor\u00edas de destinatarios<\/h3>\n<p>Los datos personales de los clientes ser\u00e1n comunicados a los siguientes destinatarios:<\/p>\n<p>&#8211; Administraciones p\u00fablicas (Ej. Agencia Tributaria; seguridad social)<\/p>\n<p>&#8211; Organismos judiciales \u201cEn su caso\u201d (Tribunales)<\/p>\n<p>&#8211; Entidades financieras (Bancos)<\/p>\n<p>&#8211; Entidades colaboradoras<\/p>\n<h3>Transferencias internacionales<\/h3>\n<p>No est\u00e1n previstas transferencias internacionales de datos.<\/p>\n<h3>Plazo de conservaci\u00f3n de los datos<\/h3>\n<p>Se conservar\u00e1n durante el tiempo necesario para cumplir con la finalidad para la que se recabaron y para determinar las posibles responsabilidades que se pudieran derivar de dicha finalidad y del tratamiento de los datos.<\/p>\n<h3>Medidas de seguridad<\/h3>\n<p>En cumplimiento con lo dispuesto en el art\u00edculo 32 del RGPD, Centro de Investigaci\u00f3n y\u00a0 Tecnolog\u00eda Agroalimentaria de Arag\u00f3n garantizar\u00e1 la confidencialidad, integridad, disponibilidad y resiliencia permanentes de los sistemas y servicios de tratamiento. El nivel de seguridad ser\u00e1 proporcional al riesgo en el tratamiento de cada tipo de datos personales.<\/p>\n<h3>Ejercer derechos de control sobre sus datos<\/h3>\n<p>Reconocemos a nuestros visitantes y usuarios sus derechos de acceso, rectificaci\u00f3n, supresi\u00f3n y portabilidad de sus datos, y la limitaci\u00f3n u oposici\u00f3n a su tratamiento, que pueden ejercitar en la forma legalmente prevista en las direcciones arriba indicadas.<br \/>\nPara m\u00e1s informaci\u00f3n sobre como ejercer sus derechos, la autoridad de control espa\u00f1ola, la Agencia Espa\u00f1ola de Protecci\u00f3n de Datos, le facilita el siguiente enlace con su descripci\u00f3n y formulario para enviarnos\u00a0 la solicitud a nosotros:\u00a0Ejercer derechos<\/p>\n<p>Para cualquier informaci\u00f3n o dudas que necesite resolver sobre el tratamiento de sus datos por parte de Centro de Investigaci\u00f3n y\u00a0 Tecnolog\u00eda Agroalimentaria de Arag\u00f3n, puede ponerse en contacto mediante el correo electr\u00f3nico facilitado: <a href=\"mailto:cita@aragon.es\">cita@aragon.es<\/a><\/p>\n<p><strong>Reclamaci\u00f3n (queja) a la AEPD<\/strong><\/p>\n<p>Si usted siente, despu\u00e9s de contactarnos, considera que sus derechos a sus datos no est\u00e1n siendo respetados, puede hacer una queja a la\u00a0AEPD.<\/p>\n<p>\u00a9 Centro de Investigaci\u00f3n y\u00a0 Tecnolog\u00eda Agroalimentaria de Arag\u00f3n;\u00a0 Avenida de Monta\u00f1ana n\u00ba 930, 50059, Zaragoza V.1.0.0. (Espa\u00f1a)<\/p>\n","protected":false},"excerpt":{"rendered":"<p>Con la finalidad de compatibilizar la transparencia de la informaci\u00f3n, con una f\u00e1cil comprensi\u00f3n en la forma de presentarla a los usuarios, Centro de Investigaci\u00f3n y\u00a0 Tecnolog\u00eda Agroalimentaria de Arag\u00f3n presenta la pol\u00edtica de privacidad\u00a0 en dos fases (representaci\u00f3n multinivel o a doble capa).Mediante este sistema ofrecemos a nuestros visitantes y usuarios, informaci\u00f3n sobre el&hellip;<\/p>\n","protected":false},"author":1,"featured_media":0,"parent":0,"menu_order":0,"comment_status":"closed","ping_status":"closed","template":"","meta":{"footnotes":""},"class_list":["post-2545","page","type-page","status-publish","hentry","description-off"],"_links":{"self":[{"href":"https:\/\/cita-aragon.es\/en\/wp-json\/wp\/v2\/pages\/2545"}],"collection":[{"href":"https:\/\/cita-aragon.es\/en\/wp-json\/wp\/v2\/pages"}],"about":[{"href":"https:\/\/cita-aragon.es\/en\/wp-json\/wp\/v2\/types\/page"}],"author":[{"embeddable":true,"href":"https:\/\/cita-aragon.es\/en\/wp-json\/wp\/v2\/users\/1"}],"replies":[{"embeddable":true,"href":"https:\/\/cita-aragon.es\/en\/wp-json\/wp\/v2\/comments?post=2545"}],"version-history":[{"count":1,"href":"https:\/\/cita-aragon.es\/en\/wp-json\/wp\/v2\/pages\/2545\/revisions"}],"predecessor-version":[{"id":2546,"href":"https:\/\/cita-aragon.es\/en\/wp-json\/wp\/v2\/pages\/2545\/revisions\/2546"}],"wp:attachment":[{"href":"https:\/\/cita-aragon.es\/en\/wp-json\/wp\/v2\/media?parent=2545"}],"curies":[{"name":"wp","href":"https:\/\/api.w.org\/{rel}","templated":true}]}}