{"id":2543,"date":"2022-01-27T19:46:02","date_gmt":"2022-01-27T18:46:02","guid":{"rendered":"http:\/\/cita-aragon.es\/?page_id=2543"},"modified":"2025-01-18T14:02:12","modified_gmt":"2025-01-18T13:02:12","slug":"aviso-legal","status":"publish","type":"page","link":"https:\/\/cita-aragon.es\/en\/aviso-legal\/","title":{"rendered":"Aviso legal"},"content":{"rendered":"<p>En cumplimiento con el deber de informaci\u00f3n recogido en art\u00edculo 10 de la Ley 34\/2002, de 11 de julio, de Servicios de la Sociedad de la Informaci\u00f3n y de Comercio Electr\u00f3nico, se refleja de manera gratuita las condiciones generales que regulan el acceso y utilizaci\u00f3n de la presente p\u00e1gina web, la cual est\u00e1 constituida y asociada bajo el siguiente dominio: <a href=\"https:\/\/cita-aragon.es\/\">https:\/\/cita-aragon.es\/<\/a><\/p>\n<p>La empresa titular de esta p\u00e1gina web (en adelante, web) es Centro de Investigaci\u00f3n y Tecnolog\u00eda Agroalimentaria de Arag\u00f3n y domicilio en Avenida de Monta\u00f1ana n\u00ba 930, 50059, Zaragoza y n\u00famero de CIF Q5000823D<\/p>\n<p>Los medios de contacto facilitados son: <a href=\"mailto:cita@aragon.es\">cita@aragon.es<\/a><\/p>\n<h4>Usuarios<\/h4>\n<p>Ante acciones como el registro y acceso al \u201cPortal\u201d de la p\u00e1gina web o contacto en el <strong>formulario <\/strong>disponible, supondr\u00e1 la atribuci\u00f3n de la condici\u00f3n de USUARIO a la parte interesada, aceptando desde el libre ejercicio de dicho registro o contacto, el presente <strong>\u201cAviso Legal\u201d <\/strong>y la <strong>\u201cPol\u00edtica de Privacidad\u201d <\/strong>aqu\u00ed disponibles.<\/p>\n<h4>Portal<\/h4>\n<p>La p\u00e1gina web facilita informaci\u00f3n online sobre nuestros servicios de investigaci\u00f3n (en adelante, &#8220;servicios&#8221;) pertenecientes a <strong>Centro de Investigaci\u00f3n y Tecnolog\u00eda Agroalimentaria de Arag\u00f3n <\/strong>y\/o sus colaboradores, a los que el <strong>USUARIO <\/strong>puede tener acceso.<\/p>\n<p>El <strong>USUARIO <\/strong>es responsable de las acciones acometidas en el Portal, incluyendo el propio registro de acceso, o la seguridad de la contrase\u00f1a de acceso establecida por este, y siempre recomendando un uso responsable, diligente y confidencial de la misma. Ante la posible habilitaci\u00f3n de chats, blogs, y secci\u00f3n de comentarios o noticias, el USUARIO se compromete a hacer un uso adecuado y responsable que Centro de Investigaci\u00f3n y Tecnolog\u00eda Agroalimentaria de Arag\u00f3n ofrece a trav\u00e9s de su p\u00e1gina web, espacialmente evitando acciones que puedan:<\/p>\n<ol>\n<li>Derivar en actividades ilegales, contrarias a la buena fe y al orden p\u00fablico;<\/li>\n<li>Difundir contenidos ofensivos de car\u00e1cter xen\u00f3foba, sexual, de apolog\u00eda del terrorismo o atentatorio contra los derechos humanos<\/li>\n<li>Da\u00f1ar los sistemas de hardware y software de <strong>Centro de Investigaci\u00f3n y\u00a0 Tecnolog\u00eda Agroalimentaria de Arag\u00f3n<\/strong>, o de sus colaboradores, mediante malwares o cualquier otro m\u00e9todo susceptible de provocar los da\u00f1os a la integridad del sistema o la privacidad de la informaci\u00f3n contenida<\/li>\n<li>Irrumpir y, utilizar las cuentas de otros <strong>USUARIOS <\/strong>para la manipulaci\u00f3n de la seguridad de las cuentas o la autenticidad de los mensajes publicados<\/li>\n<\/ol>\n<p><strong>Centro de Investigaci\u00f3n y Tecnolog\u00eda Agroalimentaria de Arag\u00f3n <\/strong>se reserva el derecho de eliminar y ocultar aquellos comentarios que, no cumplan lo anteriormente descrito, y que a su juicio no resultaran adecuados para su publicaci\u00f3n.<\/p>\n<p>En cualquier caso, <strong>Centro de Investigaci\u00f3n y Tecnolog\u00eda Agroalimentaria de Arag\u00f3n <\/strong>no ser\u00e1 responsable de los comentarios y contenidos compartidos por los <strong>USUARIOS <\/strong>en la web y\/o Portal.<\/p>\n<h4>Propiedad intelectual e industrial<\/h4>\n<p><strong>Centro de Investigaci\u00f3n y Tecnolog\u00eda Agroalimentaria de Arag\u00f3n<\/strong>, por s\u00ed o como cesionaria, es propietario de los derechos de propiedad intelectual de la p\u00e1gina web y de todos los elementos que la conforman (t\u00edtulo enunciativo, im\u00e1genes, sonido, audio, v\u00eddeo, software o textos; marcas o logotipos, combinaciones de colores, estructura y dise\u00f1o, selecci\u00f3n de materiales usados, programas de ordenador necesarios para su funcionamiento, acceso y uso, dominio, c\u00f3digo fuente etc.)<\/p>\n<p>Corresponde al autor el ejercicio exclusivo de los derechos de explotaci\u00f3n de su obra en cualquier forma y en especial, los derechos de reproducci\u00f3n, distribuci\u00f3n, comunicaci\u00f3n p\u00fablica y transformaci\u00f3n, que no podr\u00e1n ser realizadas sin su autorizaci\u00f3n, salvo en los casos previstos en la presente Ley.<\/p>\n<p>Tanto los <strong>USUARIOS<\/strong>, como aquellos que simplemente visiten la p\u00e1gina web, respetaran todos los derechos de propiedad intelectual e industrial de <strong>Centro de Investigaci\u00f3n y Tecnolog\u00eda Agroalimentaria de Arag\u00f3n<\/strong>, sin perjuicio de autorizar la visualizaci\u00f3n, impresi\u00f3n y almacenamiento del contenido del sitio Web, ya sea total o parcial, s\u00f3lo y exclusivamente si concurren las siguientes condiciones:<\/p>\n<ul>\n<li>\u00c1nimo exclusivo de obtener la informaci\u00f3n para uso personal y privado. Se proh\u00edbe expresamente su utilizaci\u00f3n para fines comerciales o il\u00edcitos.<\/li>\n<li>Respeto de la integridad de los contenidos del sitio Web, prohibi\u00e9ndose expresamente cualquier modificaci\u00f3n de estos.<\/li>\n<\/ul>\n<p>A su vez, <strong>Centro de Investigaci\u00f3n y Tecnolog\u00eda Agroalimentaria de Arag\u00f3n <\/strong>es titular de los derechos de propiedad intelectual e industrial referidos sobre sus productos y servicios. Respecto a las difusiones de productos y servicios de terceros, <strong>Centro de Investigaci\u00f3n y\u00a0 Tecnolog\u00eda Agroalimentaria de Arag\u00f3n <\/strong>reconoce a favor de sus titulares los correspondientes derechos de propiedad industrial e intelectual, no implicando que por ello su menci\u00f3n o aparici\u00f3n en el sitio Web derive en derechos o responsabilidades de <strong>Centro de Investigaci\u00f3n y\u00a0 Tecnolog\u00eda Agroalimentaria de Arag\u00f3n <\/strong>sobre los mismos, al igual que tampoco existe alg\u00fan tipo de respaldo, patrocinio, o recomendaci\u00f3n por nuestra parte a no ser que se manifieste de manera expresa.<\/p>\n<p>La utilizaci\u00f3n no autorizada de la informaci\u00f3n contenida en el sitio Web, su reventa, as\u00ed como la lesi\u00f3n de los derechos de Propiedad Intelectual o Industrial de <strong>Centro de Investigaci\u00f3n y Tecnolog\u00eda Agroalimentaria de Arag\u00f3n <\/strong>dar\u00e1 lugar a las responsabilidades legalmente establecidas.<\/p>\n<h4>Modificaciones<\/h4>\n<p>Con el fin de mejorar las prestaciones del sitio Web, <strong>Centro de Investigaci\u00f3n y Tecnolog\u00eda Agroalimentaria de Arag\u00f3n <\/strong>se reserva la facultad de efectuar, en cualquier momento y sin necesidad de previo aviso, modificaciones y actualizaciones de la informaci\u00f3n contenida en el sitio Web, de la configuraci\u00f3n y dise\u00f1o de \u00e9ste y del presente Aviso Legal, as\u00ed como de cualesquiera otras condiciones particulares.<\/p>\n<p>La vigencia de las citadas condiciones del Aviso Legal ir\u00e1 en funci\u00f3n de su exposici\u00f3n y estar\u00e1n vigentes hasta que sean modificadas por otras debidamente publicadas con su n\u00famero de versi\u00f3n indicada.<\/p>\n<h4>Exenci\u00f3n de Responsabilidad<\/h4>\n<p><strong>Centro de Investigaci\u00f3n y\u00a0 Tecnolog\u00eda Agroalimentaria de Arag\u00f3n <\/strong>no garantiza la inexistencia de interrupciones o errores en el acceso al sitio Web o a su contenido, ni que \u00e9ste se encuentre actualizado, ni asume responsabilidad alguna derivada de los contenidos, informaciones o servicios enlazados desde el sitio Web, errores u omisiones, ni garantiza la ausencia de malwares u otros elementos en los mismos que puedan producir alteraciones en el sistema inform\u00e1tico (hardware y software), a pesar de haber adoptado todas las medidas t\u00e9cnicas y organizativas tecnol\u00f3gicas necesarias para evitarlo.<\/p>\n<p>En ning\u00fan caso las cookies u otros medios de naturaleza an\u00e1loga que se puedan utilizar servir\u00e1n para almacenar informaci\u00f3n que permita identificar la persona f\u00edsica usuaria de la Web.<\/p>\n<h4>Actualizaciones o modificaciones<\/h4>\n<p><strong>Centro de Investigaci\u00f3n y Tecnolog\u00eda Agroalimentaria de Arag\u00f3n <\/strong>se reserva el derecho de efectuar sin previo aviso las modificaciones que considere oportunas en la p\u00e1gina web, pudiendo modificar, eliminar o a\u00f1adir tanto los contenidos, productos y servicios que se presten a trav\u00e9s de la misma en la forma que al titular de la web considere m\u00e1s oportuna.<\/p>\n<h4>Hiperv\u00ednculos<\/h4>\n<p>En el caso de que en la p\u00e1gina web, se adjunten hiperv\u00ednculos que faciliten el acceso a otras webs ajenas, como redes sociales, <strong>Centro de Investigaci\u00f3n y Tecnolog\u00eda Agroalimentaria de Arag\u00f3n <\/strong>no ejercer\u00e1 ning\u00fan control sobre tales sitios y sus contenidos.<\/p>\n<p><strong>Centro de Investigaci\u00f3n y Tecnolog\u00eda Agroalimentaria de Arag\u00f3n <\/strong>no ser\u00e1 responsable de las p\u00e1ginas web enlazadas, ni garantizar\u00e1 su calidad, disponibilidad t\u00e9cnica, exactitud, amplitud, veracidad, fiabilidad, validez y constitucionalidad de cualquier contenido en ninguno de los hiperv\u00ednculos que permita a otros sitios de Internet.<\/p>\n<p>Igualmente, la disponibilidad de tales hiperv\u00ednculos no deriva impl\u00edcitamente a la consumaci\u00f3n de ning\u00fan tipo de fusi\u00f3n, colaboraci\u00f3n o participaci\u00f3n con las entidades vinculadas. Sin perjuicio de la posibilidad, de que algunos enlaces est\u00e9n previamente consensuados con el titular de la web enlazada con fines de contraprestaci\u00f3n por las acciones realizadas libremente por el <strong>USUARIO <\/strong>(Marketing de afiliaci\u00f3n). Sin embargo, tal situaci\u00f3n no afectar\u00e1 en ning\u00fan caso sobre la ausencia de responsabilidad que <strong>Centro de Investigaci\u00f3n y Tecnolog\u00eda Agroalimentaria de Arag\u00f3n <\/strong>tiene sobre la independencia de responsabilidades sobre el contenido en la web enlazada.<\/p>\n<h4>Art\u00edculos y Colaboraciones existentes en nuestro sitio Web<\/h4>\n<p><strong>Centro de Investigaci\u00f3n y Tecnolog\u00eda Agroalimentaria de Arag\u00f3n <\/strong>no se hace responsable de las opiniones de terceros que hayan sido publicadas en nuestro sitio web ni coincide necesariamente con estas sin perjuicio de servir de cauce de expresi\u00f3n para que los lectores puedan formar su opini\u00f3n libremente y seg\u00fan su propio criterio.<\/p>\n<h4>Derecho de exclusi\u00f3n<\/h4>\n<p><strong>Centro de Investigaci\u00f3n y Tecnolog\u00eda Agroalimentaria de Arag\u00f3n <\/strong>se reserva el derecho a denegar o retirar el acceso a su p\u00e1gina web y\/o los servicios ofrecidos, sin necesidad de preaviso, a instancia propia o de un tercero, y sin derecho a indemnizaci\u00f3n ni compensaci\u00f3n alguna, cuando se incumplan las presentes condiciones disponibles en el presente Aviso Legal.<\/p>\n<h4>Cumplimiento<\/h4>\n<p><strong>Centro de Investigaci\u00f3n y Tecnolog\u00eda Agroalimentaria de Arag\u00f3n <\/strong>ante el incumplimiento de las presentes condiciones del Aviso Legal sobre su p\u00e1gina web, el titular ejercer\u00e1 todas las acciones civiles y penales disponibles que le puedan corresponder seg\u00fan la legislaci\u00f3n vigente.<\/p>\n<h4>Formulario de contacto<\/h4>\n<p>Este formulario tiene un car\u00e1cter meramente informativo sin que en ning\u00fan caso pueda derivarse necesariamente una respuesta a las comunicaciones efectuadas por este medio ni de la respuesta, si la hubiese, puede derivarse efecto jur\u00eddico vinculante alguno para <strong>Centro de Investigaci\u00f3n y Tecnolog\u00eda Agroalimentaria de Arag\u00f3n<\/strong>, sus socios, asociados o sus colaboradores.<\/p>\n<h4>Ley aplicable<\/h4>\n<p>La ley aplicable y jurisdicci\u00f3n en caso de disputa o conflicto de interpretaci\u00f3n de los t\u00e9rminos que conforman este aviso legal, as\u00ed como cualquier cuesti\u00f3n relacionada con la informaci\u00f3n, o productos\/servicios disponibles en la presente p\u00e1gina web ser\u00e1 bajo la normativa europea y espa\u00f1ola.<\/p>\n<p>Ley 34\/2002, de 11 de julio, de servicios de la sociedad de la informaci\u00f3n y de comercio electr\u00f3nico (LSSI)<\/p>\n<p>Reglamento (UE) 2016\/679 del parlamento europeo y del consejo de 27 de abril de 2016, relativo a la protecci\u00f3n de las personas f\u00edsicas en lo que respecta al tratamiento de datos personales y a la libre circulaci\u00f3n de estos datos<\/p>\n<p>Ley org\u00e1nica 3\/2018, de 5 de diciembre, de Protecci\u00f3n de Datos Personales y garant\u00eda de los derechos digitales.<\/p>\n<p>Para la resoluci\u00f3n de cualquier conflicto que pudiera surgir entre las partes, estas se someten a la jurisdicci\u00f3n y competencia de los tribunales correspondientes al domicilio del responsable del tratamiento, sin perjuicio de lo dispuesto en la normativa de consumidores y usuarios. los Viajeros residentes en la Uni\u00f3n Europea podr\u00e1n recurrir a la \u201cPlataforma Online de Resoluci\u00f3n de Litigios\u201d desarrollada por la Comisi\u00f3n Europea, con el fin de intentar resolver extrajudicialmente cualquier controversia derivada de la prestaci\u00f3n de servicios por parte de <strong>Centro de Investigaci\u00f3n y\u00a0 Tecnolog\u00eda Agroalimentaria de Arag\u00f3n<\/strong>.<\/p>\n<p>Para acceder a la \u201cPlataforma Online de Resoluci\u00f3n de Disputas\u201d puede hacerlo a trav\u00e9s del siguiente enlace:<\/p>\n<p><a href=\"http:\/\/ec.europa.eu\/consumers\/odr\/\">http:\/\/ec.europa.eu\/consumers\/odr\/<\/a><\/p>\n<p>&nbsp;<\/p>\n","protected":false},"excerpt":{"rendered":"<p>En cumplimiento con el deber de informaci\u00f3n recogido en art\u00edculo 10 de la Ley 34\/2002, de 11 de julio, de Servicios de la Sociedad de la Informaci\u00f3n y de Comercio Electr\u00f3nico, se refleja de manera gratuita las condiciones generales que regulan el acceso y utilizaci\u00f3n de la presente p\u00e1gina web, la cual est\u00e1 constituida y&hellip;<\/p>\n","protected":false},"author":1,"featured_media":0,"parent":0,"menu_order":0,"comment_status":"closed","ping_status":"closed","template":"","meta":{"footnotes":""},"class_list":["post-2543","page","type-page","status-publish","hentry","description-off"],"_links":{"self":[{"href":"https:\/\/cita-aragon.es\/en\/wp-json\/wp\/v2\/pages\/2543"}],"collection":[{"href":"https:\/\/cita-aragon.es\/en\/wp-json\/wp\/v2\/pages"}],"about":[{"href":"https:\/\/cita-aragon.es\/en\/wp-json\/wp\/v2\/types\/page"}],"author":[{"embeddable":true,"href":"https:\/\/cita-aragon.es\/en\/wp-json\/wp\/v2\/users\/1"}],"replies":[{"embeddable":true,"href":"https:\/\/cita-aragon.es\/en\/wp-json\/wp\/v2\/comments?post=2543"}],"version-history":[{"count":6,"href":"https:\/\/cita-aragon.es\/en\/wp-json\/wp\/v2\/pages\/2543\/revisions"}],"predecessor-version":[{"id":690962,"href":"https:\/\/cita-aragon.es\/en\/wp-json\/wp\/v2\/pages\/2543\/revisions\/690962"}],"wp:attachment":[{"href":"https:\/\/cita-aragon.es\/en\/wp-json\/wp\/v2\/media?parent=2543"}],"curies":[{"name":"wp","href":"https:\/\/api.w.org\/{rel}","templated":true}]}}