{"id":2432,"date":"2022-01-24T18:21:43","date_gmt":"2022-01-24T17:21:43","guid":{"rendered":"http:\/\/cita-aragon.es\/?page_id=2432"},"modified":"2025-11-21T08:28:54","modified_gmt":"2025-11-21T07:28:54","slug":"grupos-de-investigacion","status":"publish","type":"page","link":"https:\/\/cita-aragon.es\/en\/grupos-de-investigacion\/","title":{"rendered":"Grupos de investigaci\u00f3n"},"content":{"rendered":"<div class=\"wpb-content-wrapper\"><p>[vc_row type=&#8221;vc_default&#8221; gap=&#8221;30&#8243;][vc_column][vc_row_inner][vc_column_inner width=&#8221;1\/4&#8243;][vc_single_image image=&#8221;2435&#8243; img_size=&#8221;400&#215;400&#8243;][\/vc_column_inner][vc_column_inner width=&#8221;3\/4&#8243;][vc_column_text]<\/p>\n<h3><strong>Caracterizaci\u00f3n, adaptaci\u00f3n y mejora de material vegetal para una fruticultura sostenible.\u00a0<a href=\"https:\/\/grupofruticultura-aragon.es\/\">INAFRUT<\/a><\/strong><\/h3>\n<p>La base fundamental del trabajo de este grupo han sido los temas relacionados con el comportamiento y la mejora del material vegetal frutal en varias de las principales especies cultivadas en Arag\u00f3n. El objetivo fundamental es el de contribuir al desarrollo de una fruticultura sostenible frente a los retos productivos actuales, tanto mediante la utilizaci\u00f3n de un material adecuado como por la aplicaci\u00f3n de unas t\u00e9cnicas de an\u00e1lisis y caracterizaci\u00f3n de material correctos con el fin de obtener una fruta de calidad que pueda competir de una manera eficiente en los mercados actuales.[\/vc_column_text]<style type=\"text\/css\" data-type=\"the7_shortcodes-inline-css\">#default-btn-818bdbd42e6fe2f9ef2bc9a6db750bcf.ico-right-side > i {\n  margin-right: 0px;\n  margin-left: 10px;\n}\n#default-btn-818bdbd42e6fe2f9ef2bc9a6db750bcf > i {\n  margin-right: 10px;\n}\n<\/style><a href=\"https:\/\/citarea.cita-aragon.es\/items\/b2c429de-d3d2-477d-bbcb-b80b06f85e39\" class=\"default-btn-shortcode dt-btn dt-btn-m link-hover-off btn-inline-left  vc_custom_1763709850417\" target=\"_blank\" id=\"default-btn-818bdbd42e6fe2f9ef2bc9a6db750bcf\" rel=\"noopener\"><i class=\"fas fa-clipboard\"><\/i><span>Ver presentaci\u00f3n<\/span><\/a><style type=\"text\/css\" data-type=\"the7_shortcodes-inline-css\">#default-btn-2ba7c71a24d405f62ad60c56d923bc11.ico-right-side > i {\n  margin-right: 0px;\n  margin-left: 10px;\n}\n#default-btn-2ba7c71a24d405f62ad60c56d923bc11 > i {\n  margin-right: 10px;\n}\n<\/style><a href=\"https:\/\/grupofruticultura-aragon.es\/\" class=\"default-btn-shortcode dt-btn dt-btn-m link-hover-off btn-inline-left  vc_custom_1643045951852\" target=\"_blank\" id=\"default-btn-2ba7c71a24d405f62ad60c56d923bc11\" rel=\"noopener\"><i class=\"fas fa-link\"><\/i><span>Ver sitio web<\/span><\/a>[\/vc_column_inner][\/vc_row_inner][vc_separator color=&#8221;black&#8221; align=&#8221;align_left&#8221; css=&#8221;.vc_custom_1643045922957{padding-top: 20px !important;}&#8221;][\/vc_column][\/vc_row][vc_row type=&#8221;vc_default&#8221; gap=&#8221;30&#8243;][vc_column][vc_row_inner][vc_column_inner width=&#8221;1\/4&#8243;][vc_single_image image=&#8221;2438&#8243; img_size=&#8221;400&#215;400&#8243;][\/vc_column_inner][vc_column_inner width=&#8221;3\/4&#8243;][vc_column_text]<\/p>\n<h3><strong>Econom\u00eda agroalimentaria y de los recursos naturales<\/strong><\/h3>\n<p>Los objetivos generales se basan en dos \u00e1reas de investigaci\u00f3n que se encuentran relacionadas entre s\u00ed, la econom\u00eda agroalimentaria y la econom\u00eda de los recursos naturales. El objetivo de la primera es el estudio econ\u00f3mico del sector agroalimentario desde la producci\u00f3n agraria hasta el consumo de alimentos. El segundo objetivo del grupo, la econom\u00eda de los recursos naturales trata de responder cuestiones relativas al modo en que la sociedad utiliza los recursos naturales para satisfacer las m\u00faltiples demandas del sistema econ\u00f3mico.[\/vc_column_text]<style type=\"text\/css\" data-type=\"the7_shortcodes-inline-css\">#default-btn-246fc65ee5ddba6f5647662dcf062ede.ico-right-side > i {\n  margin-right: 0px;\n  margin-left: 10px;\n}\n#default-btn-246fc65ee5ddba6f5647662dcf062ede > i {\n  margin-right: 10px;\n}\n<\/style><a href=\"https:\/\/citarea.cita-aragon.es\/items\/922e845c-7b69-4dd6-8ebc-864c6c4682b9\" class=\"default-btn-shortcode dt-btn dt-btn-m link-hover-off btn-inline-left  vc_custom_1763709901699\" target=\"_blank\" id=\"default-btn-246fc65ee5ddba6f5647662dcf062ede\" rel=\"noopener\"><i class=\"fas fa-clipboard\"><\/i><span>Ver presentaci\u00f3n<\/span><\/a>[\/vc_column_inner][\/vc_row_inner][vc_separator color=&#8221;black&#8221; align=&#8221;align_left&#8221; css=&#8221;.vc_custom_1643045922957{padding-top: 20px !important;}&#8221;][\/vc_column][\/vc_row][vc_row type=&#8221;vc_default&#8221; gap=&#8221;30&#8243;][vc_column][vc_row_inner][vc_column_inner width=&#8221;1\/4&#8243;][vc_single_image image=&#8221;2439&#8243; img_size=&#8221;400&#215;400&#8243;][\/vc_column_inner][vc_column_inner width=&#8221;3\/4&#8243;][vc_column_text]<\/p>\n<h3><strong>Econom\u00eda del medio ambiente y de los recursos naturales ECONATURA<\/strong><\/h3>\n<p>El grupo ECONATURA desarrolla trabajos sobre el an\u00e1lisis econ\u00f3mico y medioambiental de la agricultura, la ganader\u00eda y los bosques. Se examinan las pol\u00edticas relacionadas con el sector primario y su impacto en el medio ambiente y los ecosistemas. La investigaci\u00f3n se centra en las pol\u00edticas relacionadas con los recursos h\u00eddricos y el uso de la tierra, y en las medidas de mitigaci\u00f3n y adaptaci\u00f3n al cambio clim\u00e1tico en el sector primario. El enfoque es multidisciplinar e incorpora los procesos biof\u00edsico y el comportamiento estrat\u00e9gico de los agentes que utilizan los recursos.[\/vc_column_text]<style type=\"text\/css\" data-type=\"the7_shortcodes-inline-css\">#default-btn-b71cb538814e2b39413d6186321e0ba8.ico-right-side > i {\n  margin-right: 0px;\n  margin-left: 10px;\n}\n#default-btn-b71cb538814e2b39413d6186321e0ba8 > i {\n  margin-right: 10px;\n}\n<\/style><a href=\"https:\/\/citarea.cita-aragon.es\/items\/cb3d5131-9e2d-4f66-bb23-be334cbb600f\" class=\"default-btn-shortcode dt-btn dt-btn-m link-hover-off btn-inline-left  vc_custom_1763710001410\" target=\"_blank\" id=\"default-btn-b71cb538814e2b39413d6186321e0ba8\" rel=\"noopener\"><i class=\"fas fa-clipboard\"><\/i><span>Ver presentaci\u00f3n<\/span><\/a>[\/vc_column_inner][\/vc_row_inner][vc_separator color=&#8221;black&#8221; align=&#8221;align_left&#8221; css=&#8221;.vc_custom_1643045922957{padding-top: 20px !important;}&#8221;][\/vc_column][\/vc_row][vc_row type=&#8221;vc_default&#8221; gap=&#8221;30&#8243;][vc_column][vc_row_inner][vc_column_inner width=&#8221;1\/4&#8243;][vc_single_image image=&#8221;2441&#8243; img_size=&#8221;400&#215;400&#8243;][\/vc_column_inner][vc_column_inner width=&#8221;3\/4&#8243;][vc_column_text]<\/p>\n<h3><strong>Brucelosis-Salmonelosis<\/strong><\/h3>\n<div class=\"vc-column-text ac-font-normal clearfix\">\n<div align=\"justify\">El grupo lleva trabajando en Brucelosis desde el a\u00f1o 1982, participando activamente en las campa\u00f1as de erradicaci\u00f3n de Arag\u00f3n para la erradicaci\u00f3n de esta enfermedad en los rumiantes. Desde el 2006 el grupo extendi\u00f3 su actividad a otras zoonosis bacterianas de inter\u00e9s, y es por lo que ha diversificado su actividad en materia de epidemiolog\u00eda, diagn\u00f3stico y control de la salmonelosis porcina.<\/div>\n<\/div>\n<p>[\/vc_column_text]<style type=\"text\/css\" data-type=\"the7_shortcodes-inline-css\">#default-btn-2e5f20e5e7904939034773ce81de05c6.ico-right-side > i {\n  margin-right: 0px;\n  margin-left: 10px;\n}\n#default-btn-2e5f20e5e7904939034773ce81de05c6 > i {\n  margin-right: 10px;\n}\n<\/style><a href=\"https:\/\/citarea.cita-aragon.es\/items\/2e53f167-e93d-4a10-bad3-40f577daa02a\" class=\"default-btn-shortcode dt-btn dt-btn-m link-hover-off btn-inline-left  vc_custom_1763710050437\" target=\"_blank\" id=\"default-btn-2e5f20e5e7904939034773ce81de05c6\" rel=\"noopener\"><i class=\"fas fa-clipboard\"><\/i><span>Ver presentaci\u00f3n<\/span><\/a>[\/vc_column_inner][\/vc_row_inner][vc_separator color=&#8221;black&#8221; align=&#8221;align_left&#8221; css=&#8221;.vc_custom_1643045922957{padding-top: 20px !important;}&#8221;][\/vc_column][\/vc_row][vc_row type=&#8221;vc_default&#8221; gap=&#8221;30&#8243;][vc_column][vc_row_inner][vc_column_inner width=&#8221;1\/4&#8243;][vc_single_image image=&#8221;487640&#8243; img_size=&#8221;400&#215;400&#8243;][\/vc_column_inner][vc_column_inner width=&#8221;3\/4&#8243;][vc_column_text]<\/p>\n<h3>Investigaci\u00f3n en producci\u00f3n Agroganadera Sostenible y Saludable<\/h3>\n<div class=\"vc-column-text ac-font-normal clearfix\">\n<div align=\"justify\">\n<div class=\"vc-column-text ac-font-normal clearfix\">\n<div align=\"justify\">\n<p>El grupo INPASS tiene como objetivo fortalecer el papel de la ganader\u00eda y la agricultura e industria alimentaria asociada a ella en el desarrollo rural de Arag\u00f3n. Para ello, aborda aspectos relacionados con la gen\u00e9tica, la reproducci\u00f3n, la sanidad, la alimentaci\u00f3n y el manejo general de los reba\u00f1os, as\u00ed como sus repercusiones en la calidad de los productos de la ganader\u00eda aragonesa.<\/p>\n<\/div>\n<\/div>\n<\/div>\n<\/div>\n<p>[\/vc_column_text]<style type=\"text\/css\" data-type=\"the7_shortcodes-inline-css\">#default-btn-ea9421f25f4d525df43b667b2d79f5a2.ico-right-side > i {\n  margin-right: 0px;\n  margin-left: 10px;\n}\n#default-btn-ea9421f25f4d525df43b667b2d79f5a2 > i {\n  margin-right: 10px;\n}\n<\/style><a href=\"https:\/\/citarea.cita-aragon.es\/items\/015a161d-b56c-4427-84aa-8d0357bf9657\" class=\"default-btn-shortcode dt-btn dt-btn-m link-hover-off btn-inline-left  vc_custom_1763710074388\" target=\"_blank\" id=\"default-btn-ea9421f25f4d525df43b667b2d79f5a2\" rel=\"noopener\"><i class=\"fas fa-clipboard\"><\/i><span>Ver presentaci\u00f3n<\/span><\/a><style type=\"text\/css\" data-type=\"the7_shortcodes-inline-css\">#default-btn-720275d2b5cc0eb0ed6d60126ac3f10a.ico-right-side > i {\n  margin-right: 0px;\n  margin-left: 8px;\n}\n#default-btn-720275d2b5cc0eb0ed6d60126ac3f10a > i {\n  margin-right: 8px;\n}\n<\/style><a href=\"https:\/\/ia2.unizar.es\/node\/2375\" class=\"default-btn-shortcode dt-btn dt-btn-m link-hover-off btn-inline-left \" target=\"_blank\" id=\"default-btn-720275d2b5cc0eb0ed6d60126ac3f10a\" rel=\"noopener\"><span>Ver sitio web<\/span><\/a>[\/vc_column_inner][\/vc_row_inner][vc_separator color=&#8221;black&#8221; align=&#8221;align_left&#8221; css=&#8221;.vc_custom_1643045922957{padding-top: 20px !important;}&#8221;][\/vc_column][\/vc_row][vc_row type=&#8221;vc_default&#8221; gap=&#8221;30&#8243;][vc_column][vc_row_inner][vc_column_inner width=&#8221;1\/4&#8243;][vc_single_image image=&#8221;487644&#8243; img_size=&#8221;400&#215;400&#8243;][\/vc_column_inner][vc_column_inner width=&#8221;3\/4&#8243;][vc_column_text css=&#8221;&#8221;]<\/p>\n<h3>Sistemas Socioecol\u00f3gicos: Resiliencia, Sostenibilidad y Gobernanza de Sistemas Agrarios ante el Cambio Global. SISEC<\/h3>\n<div class=\"vc-column-text ac-font-normal clearfix\">\n<div align=\"justify\">\n<div class=\"vc-column-text ac-font-normal clearfix\">\n<div align=\"justify\">\n<p>Desde un enfoque interdisciplinar, la actividad investigadora del grupo aborda el an\u00e1lisis de las interacciones entre los componentes sociales, ecol\u00f3gicos e institucionales de los sistemas agroalimentarios.\u00a0El objetivo principal es buscar mecanismos de gesti\u00f3n sostenible de los recursos naturales y de adaptaci\u00f3n de las comunidades a los cambios globales, manteniendo el bienestar social y la provisi\u00f3n de servicios de la naturaleza.<\/p>\n<\/div>\n<\/div>\n<\/div>\n<\/div>\n<p>[\/vc_column_text]<style type=\"text\/css\" data-type=\"the7_shortcodes-inline-css\">#default-btn-42e52a6da1feb80d45639157eac105d2.ico-right-side > i {\n  margin-right: 0px;\n  margin-left: 10px;\n}\n#default-btn-42e52a6da1feb80d45639157eac105d2 > i {\n  margin-right: 10px;\n}\n<\/style><a href=\"https:\/\/citarea.cita-aragon.es\/items\/6dee802a-7a96-409f-8282-c2ef667ac4c9\" class=\"default-btn-shortcode dt-btn dt-btn-m link-hover-off btn-inline-left  vc_custom_1763710095946\" target=\"_blank\" id=\"default-btn-42e52a6da1feb80d45639157eac105d2\" rel=\"noopener\"><i class=\"fas fa-clipboard\"><\/i><span>Ver presentaci\u00f3n<\/span><\/a><style type=\"text\/css\" data-type=\"the7_shortcodes-inline-css\">#default-btn-220b0cf439c5f1f7b6f7b8c4d387ec43.ico-right-side > i {\n  margin-right: 0px;\n  margin-left: 8px;\n}\n#default-btn-220b0cf439c5f1f7b6f7b8c4d387ec43 > i {\n  margin-right: 8px;\n}\n<\/style><a href=\"https:\/\/socialecologicalagrolab.com\/\" class=\"default-btn-shortcode dt-btn dt-btn-m link-hover-off btn-inline-left \" target=\"_blank\" id=\"default-btn-220b0cf439c5f1f7b6f7b8c4d387ec43\" rel=\"noopener\"><span>Ver sitio web<\/span><\/a>[\/vc_column_inner][\/vc_row_inner][vc_separator color=&#8221;black&#8221; align=&#8221;align_left&#8221; css=&#8221;.vc_custom_1643045922957{padding-top: 20px !important;}&#8221;][\/vc_column][\/vc_row][vc_row type=&#8221;vc_default&#8221; gap=&#8221;30&#8243;][vc_column][vc_row_inner][vc_column_inner width=&#8221;1\/4&#8243;][vc_single_image image=&#8221;2444&#8243; img_size=&#8221;400&#215;400&#8243;][\/vc_column_inner][vc_column_inner width=&#8221;3\/4&#8243;][vc_column_text]<\/p>\n<h3><strong>Producci\u00f3n vegetal sostenible. <a href=\"http:\/\/provesos.chil.me\/\">PROVESOS<\/a><\/strong><\/h3>\n<div class=\"vc-column-text ac-font-normal clearfix\">\n<div align=\"justify\">\n<div class=\"vc-column-text ac-font-normal clearfix\">\n<div align=\"justify\">El grupo PROVESOS centra su actividad de investigaci\u00f3n en la optimizaci\u00f3n de los sistemas agr\u00edcolas en un entorno de producci\u00f3n sostenible bajo dos l\u00edneas de actuaci\u00f3n principales: (i) la conservaci\u00f3n y caracterizaci\u00f3n de recursos fitogen\u00e9ticos, \u00a0(ii) el estudio de los ecosistemas agr\u00edcolas de cara a garantizar la protecci\u00f3n de los cultivos frente a plagas, enfermedades y flora arvense, aportando conocimiento sobre el ciclo biol\u00f3gico y la din\u00e1mica poblacional de organismos perjudiciales y beneficiosos para optimizar el manejo de los cultivos y el dise\u00f1o de medidas de control biol\u00f3gico e integrado.<\/div>\n<\/div>\n<\/div>\n<\/div>\n<p>[\/vc_column_text]<style type=\"text\/css\" data-type=\"the7_shortcodes-inline-css\">#default-btn-42b6a6213ae734681f20da090959f2b0.ico-right-side > i {\n  margin-right: 0px;\n  margin-left: 10px;\n}\n#default-btn-42b6a6213ae734681f20da090959f2b0 > i {\n  margin-right: 10px;\n}\n<\/style><a href=\"https:\/\/citarea.cita-aragon.es\/items\/38e5bac4-f497-4f34-ba33-3d3940f7011e\" class=\"default-btn-shortcode dt-btn dt-btn-m link-hover-off btn-inline-left  vc_custom_1763710116186\" target=\"_blank\" id=\"default-btn-42b6a6213ae734681f20da090959f2b0\" rel=\"noopener\"><i class=\"fas fa-clipboard\"><\/i><span>Ver presentaci\u00f3n<\/span><\/a><style type=\"text\/css\" data-type=\"the7_shortcodes-inline-css\">#default-btn-69645e0fc4ee89020ca3f0e1b1af5e0c.ico-right-side > i {\n  margin-right: 0px;\n  margin-left: 10px;\n}\n#default-btn-69645e0fc4ee89020ca3f0e1b1af5e0c > i {\n  margin-right: 10px;\n}\n<\/style><a href=\"http:\/\/provesos.chil.me\/\" class=\"default-btn-shortcode dt-btn dt-btn-m link-hover-off btn-inline-left  vc_custom_1643046301639\" target=\"_blank\" id=\"default-btn-69645e0fc4ee89020ca3f0e1b1af5e0c\" rel=\"noopener\"><i class=\"fas fa-link\"><\/i><span>Ver sitio web<\/span><\/a>[\/vc_column_inner][\/vc_row_inner][vc_separator color=&#8221;black&#8221; align=&#8221;align_left&#8221; css=&#8221;.vc_custom_1643045922957{padding-top: 20px !important;}&#8221;][\/vc_column][\/vc_row][vc_row type=&#8221;vc_default&#8221; gap=&#8221;30&#8243;][vc_column][vc_row_inner][vc_column_inner width=&#8221;1\/4&#8243;][vc_single_image image=&#8221;2445&#8243; img_size=&#8221;400&#215;400&#8243;][\/vc_column_inner][vc_column_inner width=&#8221;3\/4&#8243;][vc_column_text]<\/p>\n<h3><strong>Riego, agronomia y medio ambiente. <a href=\"http:\/\/grupo-rama.es\/es\/\" target=\"_blank\" rel=\"noopener\">RAMA<\/a><\/strong><\/h3>\n<div class=\"vc-column-text ac-font-normal clearfix\">\n<div align=\"justify\">\n<div class=\"vc-column-text ac-font-normal clearfix\">\n<div align=\"justify\">\n<div class=\"vc-column-text ac-font-normal clearfix\">\n<div align=\"justify\">El grupo de Investigaci\u00f3n RAMA centra su actividad en aspectos cient\u00edficos de la interfaz entre la agronom\u00eda de cultivos, el agua, el suelo y el medio ambiente desde la perspectiva de una de las regiones m\u00e1s \u00e1ridas de Europa: el valle medio del Ebro. Las investigaciones del grupo se centran en generar informaci\u00f3n cient\u00edfica y t\u00e9cnica para establecer sistemas agrarios m\u00e1s competitivos, eficientes y sostenibles.<\/div>\n<\/div>\n<\/div>\n<\/div>\n<\/div>\n<\/div>\n<p>[\/vc_column_text]<style type=\"text\/css\" data-type=\"the7_shortcodes-inline-css\">#default-btn-2f2fffa0ff0fe242a831a61002707ec7.ico-right-side > i {\n  margin-right: 0px;\n  margin-left: 10px;\n}\n#default-btn-2f2fffa0ff0fe242a831a61002707ec7 > i {\n  margin-right: 10px;\n}\n<\/style><a href=\"https:\/\/citarea.cita-aragon.es\/items\/c6ed4b99-27c4-40e4-9ed3-35c6deb2987e\" class=\"default-btn-shortcode dt-btn dt-btn-m link-hover-off btn-inline-left  vc_custom_1763710131501\" target=\"_blank\" id=\"default-btn-2f2fffa0ff0fe242a831a61002707ec7\" rel=\"noopener\"><i class=\"fas fa-clipboard\"><\/i><span>Ver presentaci\u00f3n<\/span><\/a><style type=\"text\/css\" data-type=\"the7_shortcodes-inline-css\">#default-btn-77c253f80324b5c9829e38b8e3e0940d.ico-right-side > i {\n  margin-right: 0px;\n  margin-left: 10px;\n}\n#default-btn-77c253f80324b5c9829e38b8e3e0940d > i {\n  margin-right: 10px;\n}\n<\/style><a href=\"https:\/\/grupo-rama.es\/\" class=\"default-btn-shortcode dt-btn dt-btn-m link-hover-off btn-inline-left  vc_custom_1665124806676\" target=\"_blank\" id=\"default-btn-77c253f80324b5c9829e38b8e3e0940d\" rel=\"noopener\"><i class=\"fas fa-link\"><\/i><span>Ver sitio web<\/span><\/a>[\/vc_column_inner][\/vc_row_inner][vc_separator color=&#8221;black&#8221; align=&#8221;align_left&#8221; css=&#8221;.vc_custom_1643045922957{padding-top: 20px !important;}&#8221;][\/vc_column][\/vc_row][vc_row type=&#8221;vc_default&#8221; full_width=&#8221;stretch_row&#8221; css=&#8221;.vc_custom_1643630575308{margin-bottom: 0px !important;border-top-width: 1px !important;padding-bottom: 0px !important;border-top-color: #575756 !important;border-top-style: solid !important;}&#8221;][vc_column]<div id=\"ultimate-heading-246469e9dfd4d0aeb\" class=\"uvc-heading ult-adjust-bottom-margin ultimate-heading-246469e9dfd4d0aeb uvc-6242 \" data-hspacer=\"no_spacer\"  data-halign=\"left\" style=\"text-align:left\"><div class=\"uvc-heading-spacer no_spacer\" style=\"top\"><\/div><div class=\"uvc-main-heading ult-responsive\"  data-ultimate-target='.uvc-heading.ultimate-heading-246469e9dfd4d0aeb h4'  data-responsive-json-new='{\"font-size\":\"desktop:20px;\",\"line-height\":\"desktop:24px;\"}' ><h4 style=\"font-family:&#039;Karla&#039;;font-weight:normal;font-style:normal;color:#5eb130;\">ACCESOS DIRECTOS<\/h4><\/div><\/div>[\/vc_column][vc_column width=&#8221;1\/4&#8243;]<div class=\"ult-content-box-container \" >\t<a class=\"ult-content-box-anchor\" href=\"https:\/\/portalcientifico.cita-aragon.es\/\" target=\"_blank\" rel=\"noopener\" >\t\t<div class=\"ult-content-box\" style=\"background-image:url(&#039;https:\/\/cita-aragon.es\/wp-content\/uploads\/2021\/11\/cita-img-portal-iM-feat@2x-100-1.jpg&#039;);background-size: cover;background-repeat: repeat;background-position: center center;background-color: rgba(0, 0, 0, 0);box-shadow: px px px px none;padding:10px;min-height:250px;-webkit-transition: all 700ms ease;-moz-transition: all 700ms ease;-ms-transition: all 700ms ease;-o-transition: all 700ms ease;transition: all 700ms ease;\"  data-hover_box_shadow=\"none\"    >[vc_column_text css=&#8221;.vc_custom_1637059701271{margin-top: 5px !important;margin-right: 5px !important;margin-bottom: 5px !important;margin-left: 5px !important;padding-top: 10px !important;padding-right: 10px !important;padding-bottom: 10px !important;padding-left: 10px !important;background-color: #ffffff !important;}&#8221;]<\/p>\n<h4>Portal cient\u00edfico iMarina<\/h4>\n<p>[\/vc_column_text]\t\t<\/div>\t<\/a><\/div>[\/vc_column][vc_column width=&#8221;1\/4&#8243;]<div class=\"ult-content-box-container \" >\t<a class=\"ult-content-box-anchor\" href=\"https:\/\/cita-aragon.es\/ofertas-de-empleo\/\" title=\"Ofertas de empleo\" >\t\t<div class=\"ult-content-box\" style=\"background-image:url(&#039;https:\/\/cita-aragon.es\/wp-content\/uploads\/2021\/11\/cita-img-ofertas-feat@2x-100.jpg&#039;);background-size: cover;background-repeat: repeat;background-position: center center;background-color: rgba(0, 0, 0, 0);box-shadow: px px px px none;padding:10px;min-height:250px;-webkit-transition: all 700ms ease;-moz-transition: all 700ms ease;-ms-transition: all 700ms ease;-o-transition: all 700ms ease;transition: all 700ms ease;\"  data-hover_box_shadow=\"none\"    >[vc_column_text css=&#8221;.vc_custom_1637060178746{margin-top: 5px !important;margin-right: 5px !important;margin-bottom: 5px !important;margin-left: 5px !important;padding-top: 10px !important;padding-right: 10px !important;padding-bottom: 10px !important;padding-left: 10px !important;background-color: #ffffff !important;}&#8221;]<\/p>\n<h4>Ofertas de empleo<\/h4>\n<p>[\/vc_column_text]\t\t<\/div>\t<\/a><\/div>[\/vc_column][vc_column width=&#8221;1\/4&#8243;]<div class=\"ult-content-box-container \" >\t<a class=\"ult-content-box-anchor\" href=\"https:\/\/citarea.cita-aragon.es\/citarea\/\" target=\"_blank\" rel=\"noopener\" >\t\t<div class=\"ult-content-box\" style=\"background-image:url(&#039;https:\/\/cita-aragon.es\/wp-content\/uploads\/2021\/11\/cita-img-biblio-feat@2x-100.jpg&#039;);background-size: cover;background-repeat: repeat;background-position: center center;background-color: rgba(0, 0, 0, 0);box-shadow: px px px px none;padding:10px;min-height:250px;-webkit-transition: all 700ms ease;-moz-transition: all 700ms ease;-ms-transition: all 700ms ease;-o-transition: all 700ms ease;transition: all 700ms ease;\"  data-hover_box_shadow=\"none\"    >[vc_column_text css=&#8221;.vc_custom_1637060250753{margin-top: 5px !important;margin-right: 5px !important;margin-bottom: 5px !important;margin-left: 5px !important;padding-top: 10px !important;padding-right: 10px !important;padding-bottom: 10px !important;padding-left: 10px !important;background-color: #ffffff !important;}&#8221;]<\/p>\n<h4>Biblioteca del CITA<\/h4>\n<p>[\/vc_column_text]\t\t<\/div>\t<\/a><\/div>[\/vc_column][vc_column width=&#8221;1\/4&#8243;]<div class=\"ult-content-box-container \" >\t<a class=\"ult-content-box-anchor\" href=\"https:\/\/cita-aragon.es\/patentes-y-obtenciones\/\" title=\"Patentes y obtenciones\" >\t\t<div class=\"ult-content-box\" style=\"background-image:url(&#039;https:\/\/cita-aragon.es\/wp-content\/uploads\/2021\/11\/cita-img-patentes-feat@2x-100.jpg&#039;);background-size: cover;background-repeat: repeat;background-position: center center;background-color: rgba(0, 0, 0, 0);box-shadow: px px px px none;padding:10px;min-height:250px;-webkit-transition: all 700ms ease;-moz-transition: all 700ms ease;-ms-transition: all 700ms ease;-o-transition: all 700ms ease;transition: all 700ms ease;\"  data-hover_box_shadow=\"none\"    >[vc_column_text css=&#8221;.vc_custom_1637060288500{margin-top: 5px !important;margin-right: 5px !important;margin-bottom: 5px !important;margin-left: 5px !important;padding-top: 10px !important;padding-right: 10px !important;padding-bottom: 10px !important;padding-left: 10px !important;background-color: #ffffff !important;}&#8221;]<\/p>\n<h4>Patentes y obtenciones<\/h4>\n<p>[\/vc_column_text]\t\t<\/div>\t<\/a><\/div>[\/vc_column][\/vc_row]<\/p>\n<\/div>","protected":false},"excerpt":{"rendered":"<p>[vc_row type=&#8221;vc_default&#8221; gap=&#8221;30&#8243;][vc_column][vc_row_inner][vc_column_inner width=&#8221;1\/4&#8243;][vc_single_image image=&#8221;2435&#8243; img_size=&#8221;400&#215;400&#8243;][\/vc_column_inner][vc_column_inner width=&#8221;3\/4&#8243;][vc_column_text] Caracterizaci\u00f3n, adaptaci\u00f3n y mejora de material vegetal para una fruticultura sostenible.\u00a0INAFRUT La base fundamental del trabajo de este grupo han sido los temas relacionados con el comportamiento y la mejora del material vegetal frutal en varias de las principales especies cultivadas en Arag\u00f3n. El objetivo fundamental es el&hellip;<\/p>\n","protected":false},"author":1,"featured_media":0,"parent":0,"menu_order":0,"comment_status":"closed","ping_status":"closed","template":"","meta":{"footnotes":""},"class_list":["post-2432","page","type-page","status-publish","hentry","description-off"],"_links":{"self":[{"href":"https:\/\/cita-aragon.es\/en\/wp-json\/wp\/v2\/pages\/2432"}],"collection":[{"href":"https:\/\/cita-aragon.es\/en\/wp-json\/wp\/v2\/pages"}],"about":[{"href":"https:\/\/cita-aragon.es\/en\/wp-json\/wp\/v2\/types\/page"}],"author":[{"embeddable":true,"href":"https:\/\/cita-aragon.es\/en\/wp-json\/wp\/v2\/users\/1"}],"replies":[{"embeddable":true,"href":"https:\/\/cita-aragon.es\/en\/wp-json\/wp\/v2\/comments?post=2432"}],"version-history":[{"count":31,"href":"https:\/\/cita-aragon.es\/en\/wp-json\/wp\/v2\/pages\/2432\/revisions"}],"predecessor-version":[{"id":918799,"href":"https:\/\/cita-aragon.es\/en\/wp-json\/wp\/v2\/pages\/2432\/revisions\/918799"}],"wp:attachment":[{"href":"https:\/\/cita-aragon.es\/en\/wp-json\/wp\/v2\/media?parent=2432"}],"curies":[{"name":"wp","href":"https:\/\/api.w.org\/{rel}","templated":true}]}}