{"id":2404,"date":"2022-01-24T13:58:05","date_gmt":"2022-01-24T12:58:05","guid":{"rendered":"http:\/\/cita-aragon.es\/?page_id=2404"},"modified":"2024-05-13T14:31:08","modified_gmt":"2024-05-13T12:31:08","slug":"medios-comunicacion","status":"publish","type":"page","link":"https:\/\/cita-aragon.es\/en\/medios-comunicacion\/","title":{"rendered":"El CITA en los medios de comunicaci\u00f3n"},"content":{"rendered":"<div class=\"wpb-content-wrapper\"><p>[vc_row type=&#8221;vc_default&#8221; css=&#8221;.vc_custom_1643635211387{padding-bottom: 50px !important;}&#8221;][vc_column]<div class=\"aio-icon-component    style_1\"><div id=\"Info-box-wrap-9540\" class=\"aio-icon-box left-icon\" style=\"\"  ><div class=\"aio-icon-left\"><div class=\"ult-just-icon-wrapper  \"><div class=\"align-icon\" style=\"text-align:center;\">\n<div class=\"aio-icon square \"  style=\"color:#ffffff;background:#5eb130;font-size:32px;display:inline-block;\">\n\t<i class=\"fas fa-photo-video\"><\/i>\n<\/div><\/div><\/div><\/div><div class=\"aio-ibd-block\"><div class=\"aio-icon-header\" ><h2 class=\"aio-icon-title ult-responsive\"  data-ultimate-target='#Info-box-wrap-9540 .aio-icon-title'  data-responsive-json-new='{\"font-size\":\"\",\"line-height\":\"\"}'  style=\"\">Medios de comunicaci\u00f3n<\/h2><\/div> <!-- header --><div class=\"aio-icon-description ult-responsive\"  data-ultimate-target='#Info-box-wrap-9540 .aio-icon-description'  data-responsive-json-new='{\"font-size\":\"\",\"line-height\":\"\"}'  style=\"\">Se pueden consultar todas las apariciones en medios de comunicaci\u00f3n que ha conllevado la actividad del CITA desde 2014 en este <a href=\"https:\/\/www.zotero.org\/groups\/322181\/cita_noticias2\/tags\/Emision%20de%20radio\/item-list\">enlace.\u00a0<\/a><\/p>\n<p>Tambi\u00e9n puedes acceder a continuaci\u00f3n a las apariciones de forma cronol\u00f3gica, por tipolog\u00eda de medio de comunicaci\u00f3n y por departamento o unidad.<\/div> <!-- description --><\/div> <!-- aio-ibd-block --><\/div> <!-- aio-icon-box --><\/div> <!-- aio-icon-component -->[\/vc_column][\/vc_row][vc_row type=&#8221;vc_default&#8221; gap=&#8221;30&#8243; content_placement=&#8221;middle&#8221;][vc_column]<div id=\"advanced-tabs-desc-wrap-1487\" class=\"ult_tabs \" style=\" \" data-tabsstyle=\"style2\"\n data-titlebg=\"#ffffff\" data-titlecolor=\"#000000\" data-fullheight=\"off\"\n data-titlehoverbg=\"#5db130\" data-titlehovercolor=\"#ffffff\"\n data-rotatetabs=\"0\" data-responsivemode=\"Both\" data-animation=\"Slide\"\ndata-activetitle=\"#ffffff\" data-activeicon=\"\" data-activebg=\"#5db130\"  data-respmode=\"Tabs\" data-respwidth=\"400\" data-scroll = \"on\" data-activeindex=\"1\"><ul id=advanced-tabs-wrap-8255 class=\"ult_tabmenu style2 \" style=\"color:transparent;border-bottom-color:transparent;border-bottom-width:0px;border-bottom-style:solid;border-bottom-width:0px;\"><li class=\"ult_tab_li   \" data-iconcolor=\"#74777b\" data-iconhover=\"#ffffff\" style=\"\">\n\t\t\t\t\t<a href=\"#anos\" id=\"anos\" style=\"color:#000000;background-color:#ffffff;border-top-left-radius:8px;;  \" class=\"ult_a \">\n\t\t\t\t\t   <span class=\"ult_tab_main  Both \">\n\t\t\t\t\t    <span class=\"ult_tab_section\">\n\t\t\t\t\t  \t\t<span  data-ultimate-target='#advanced-tabs-wrap-8255 .ult-span-text'  data-responsive-json-new='{\"font-size\":\"desktop:20px;\",\"line-height\":\"\"}'  class=\"ult-span-text ult-responsive\" style=\"font-family:Glegoo;font-weight:600;\">Por a\u00f1os<\/span>\n\t\t\t\t\t\t   \t<span class=\"aio-icon none ult_tab_iconright\" style=\"color:#74777b;font-size:15px;\">\n\t\t\t\t\t\t   \t<i class=\" fas fa-calendar-day ult_tab_icon\"  ><\/i>\n\t\t\t\t\t\t   <\/span>\n\t\t\t\t\t\t<\/span>\n\t\t\t\t\t   <\/span>\n\n\t\t\t\t\t<\/a>\n\t\t\t\t\t<\/li><li class=\"ult_tab_li   \" data-iconcolor=\"#74777b\" data-iconhover=\"#ffffff\" style=\"\">\n\t\t\t\t\t<a href=\"#1642677161327-8e9a2-296a\" id=\"1642677161327-8e9a2-296a\" style=\"color:#000000;background-color:#ffffff;;  \" class=\"ult_a \">\n\t\t\t\t\t   <span class=\"ult_tab_main  Both \">\n\t\t\t\t\t    <span class=\"ult_tab_section\">\n\t\t\t\t\t  \t\t<span  data-ultimate-target='#advanced-tabs-wrap-8255 .ult-span-text'  data-responsive-json-new='{\"font-size\":\"desktop:20px;\",\"line-height\":\"\"}'  class=\"ult-span-text ult-responsive\" style=\"font-family:Glegoo;font-weight:600;\">Por tipo<\/span>\n\t\t\t\t\t\t   \t<span class=\"aio-icon none ult_tab_iconright\" style=\"color:#74777b;font-size:15px;\">\n\t\t\t\t\t\t   \t<i class=\" icomoon-icomoonfree-16x16-newspaper ult_tab_icon\"  ><\/i>\n\t\t\t\t\t\t   <\/span>\n\t\t\t\t\t\t<\/span>\n\t\t\t\t\t   <\/span>\n\n\t\t\t\t\t<\/a>\n\t\t\t\t\t<\/li><li class=\"ult_tab_li   \" data-iconcolor=\"#74777b\" data-iconhover=\"#ffffff\" style=\"\">\n\t\t\t\t\t<a href=\"#1642677771805-2-7e9a2-296a\" id=\"1642677771805-2-7e9a2-296a\" style=\"color:#000000;background-color:#ffffff;border-top-right-radius:8px;;  \" class=\"ult_a \">\n\t\t\t\t\t   <span class=\"ult_tab_main  Both \">\n\t\t\t\t\t    <span class=\"ult_tab_section\">\n\t\t\t\t\t  \t\t<span  data-ultimate-target='#advanced-tabs-wrap-8255 .ult-span-text'  data-responsive-json-new='{\"font-size\":\"desktop:20px;\",\"line-height\":\"\"}'  class=\"ult-span-text ult-responsive\" style=\"font-family:Glegoo;font-weight:600;\">Por unidades o \u00e1reas<\/span>\n\t\t\t\t\t\t   \t<span class=\"aio-icon none ult_tab_iconright\" style=\"color:#74777b;font-size:15px;\">\n\t\t\t\t\t\t   \t<i class=\" fas fa-people-arrows ult_tab_icon\"  ><\/i>\n\t\t\t\t\t\t   <\/span>\n\t\t\t\t\t\t<\/span>\n\t\t\t\t\t   <\/span>\n\n\t\t\t\t\t<\/a>\n\t\t\t\t\t<\/li><\/ul><div  data-ultimate-target='#advanced-tabs-desc-wrap-1487 .ult_tabcontent .ult_tab_min_contain  p'  data-responsive-json-new='{\"font-size\":\"\",\"line-height\":\"\"}' class=\"ult_tabcontent ult-responsive style2\" style=\"background-color:#fafafa;border-style:solid; border-width:1px;border-radius:3px; border-color:#666666;color:#74777b;\"><div class=\"ult_tab_min_contain \" >\n\t\t\t<div  class=\"ult_tabitemname\"  >\n\t\t\t\t[vc_column_text]<\/p>\n<ul>\n<li><a href=\"https:\/\/www.zotero.org\/groups\/322181\/cita_noticias2\/tags\/2024\/item-list\" target=\"_blank\" rel=\"noopener\">2024<\/a><\/li>\n<li><a href=\"https:\/\/www.zotero.org\/groups\/322181\/cita_noticias2\/tags\/2023\/item-list\" target=\"_blank\" rel=\"noopener\">2023<\/a><\/li>\n<li><a href=\"https:\/\/www.zotero.org\/groups\/322181\/cita_noticias2\/tags\/2022\/item-list\" target=\"_blank\" rel=\"noopener\">2022<\/a><\/li>\n<li><a href=\"https:\/\/www.zotero.org\/groups\/322181\/cita_noticias2\/tags\/2021\/item-list\" target=\"_blank\" rel=\"noopener\">2021<\/a><\/li>\n<li><a href=\"https:\/\/www.zotero.org\/groups\/322181\/cita_noticias2\/tags\/2020\/item-list\" target=\"_blank\" rel=\"noopener\">2020<\/a><\/li>\n<li><a href=\"https:\/\/www.zotero.org\/groups\/322181\/cita_noticias2\/tags\/2019\/item-list\" target=\"_blank\" rel=\"noopener\">2019<\/a><\/li>\n<li><a href=\"https:\/\/www.zotero.org\/groups\/322181\/cita_noticias2\/tags\/2018\/item-list\" target=\"_blank\" rel=\"noopener\">2018<\/a><\/li>\n<li><a href=\"https:\/\/www.zotero.org\/groups\/322181\/cita_noticias2\/tags\/2017\/item-list\" target=\"_blank\" rel=\"noopener\">2017<\/a><\/li>\n<li><a href=\"https:\/\/www.zotero.org\/groups\/322181\/cita_noticias2\/tags\/2016\/item-list\" target=\"_blank\" rel=\"noopener\">2016<\/a><\/li>\n<li><a href=\"https:\/\/www.zotero.org\/groups\/322181\/cita_noticias2\/tags\/2015\/item-list\" target=\"_blank\" rel=\"noopener\">2015<\/a><\/li>\n<li><a href=\"https:\/\/www.zotero.org\/groups\/322181\/cita_noticias2\/tags\/2014\/item-list\" target=\"_blank\" rel=\"noopener\">2014<\/a><\/li>\n<\/ul>\n<p>[\/vc_column_text]\n\t\t\t<\/div>\n\t\t\t<div  class=\"ult_tabitemname\"  >\n\t\t\t\t[vc_column_text]<\/p>\n<ul>\n<li><a href=\"https:\/\/www.zotero.org\/groups\/322181\/cita_noticias2\/tags\/Articulo%20en%20periodico\/item-list\" target=\"_blank\" rel=\"noopener\">Art\u00edculos en peri\u00f3dicos<\/a><\/li>\n<li><a href=\"https:\/\/www.zotero.org\/groups\/322181\/cita_noticias2\/tags\/Emision%20de%20TV\/item-list\" target=\"_blank\" rel=\"noopener\">Emisiones en televisi\u00f3n<\/a><\/li>\n<li><a href=\"https:\/\/www.zotero.org\/groups\/322181\/cita_noticias2\/tags\/Emision%20de%20radio\/item-list\" target=\"_blank\" rel=\"noopener\">Emisiones en radio<\/a><\/li>\n<li><a href=\"https:\/\/www.zotero.org\/groups\/322181\/cita_noticias2\/tags\/Articulo%20en%20revista\/item-list\" target=\"_blank\" rel=\"noopener\">Art\u00edculos en revistas divulgativas o t\u00e9cnicas<\/a><\/li>\n<li><a href=\"https:\/\/www.zotero.org\/groups\/322181\/cita_noticias2\/tags\/Entrada%20en%20blog\/item-list\" target=\"_blank\" rel=\"noopener\">Aportaciones en blog<\/a><\/li>\n<\/ul>\n<p>[\/vc_column_text]\n\t\t\t<\/div>\n\t\t\t<div  class=\"ult_tabitemname\"  >\n\t\t\t\t[vc_column_text]<\/p>\n<ul>\n<li><a href=\"https:\/\/www.zotero.org\/groups\/322181\/cita_noticias2\/tags\/Ciencia%20vegetal\/library\" target=\"_blank\" rel=\"noopener\">Ciencia Vegetal (desde 2022)<\/a>\n<ul>\n<li><a href=\"https:\/\/www.zotero.org\/groups\/322181\/cita_noticias2\/tags\/Hortofruticultura\/library\" target=\"_blank\" rel=\"noopener\">Hortofruticultura (hasta 2022)<\/a><\/li>\n<\/ul>\n<\/li>\n<li><a href=\"https:\/\/www.zotero.org\/groups\/322181\/cita_noticias2\/tags\/Ciencia%20animal\/library\" target=\"_blank\" rel=\"noopener\">Ciencia Animal (desde 2022)<\/a>\n<ul>\n<li><a href=\"https:\/\/www.zotero.org\/groups\/322181\/cita_noticias2\/tags\/Produccion%20y%20Sanidad%20Animal\/library\" target=\"_blank\" rel=\"noopener\">Producci\u00f3n y Sanidad Animal (hasta 2022)<\/a><\/li>\n<\/ul>\n<\/li>\n<li><a href=\"https:\/\/www.zotero.org\/groups\/322181\/cita_noticias2\/tags\/Economia%20agroalimentaria\/item-list\" target=\"_blank\" rel=\"noopener\">Econom\u00eda Agroalimentaria<\/a><\/li>\n<li><a href=\"https:\/\/www.zotero.org\/groups\/322181\/cita_noticias2\/tags\/SAFMA\/item-list\" target=\"_blank\" rel=\"noopener\">Sistemas Agr\u00edcolas, Forestales y Medio Ambiente (desde 2022)<\/a>\n<ul>\n<li><a href=\"https:\/\/www.zotero.org\/groups\/322181\/cita_noticias2\/tags\/Sanidad%20Vegetal\/item-list\" target=\"_blank\" rel=\"noopener\">Protecci\u00f3n Vegetal (hasta 2022)<\/a><\/li>\n<li><a href=\"https:\/\/www.zotero.org\/groups\/322181\/cita_noticias2\/tags\/Recursos%20Forestales\/item-list\" target=\"_blank\" rel=\"noopener\">Recursos Forestales (hasta 2022)<\/a><\/li>\n<li><a href=\"https:\/\/www.zotero.org\/groups\/322181\/cita_noticias2\/tags\/Suelos%20y%20riegos\/item-list\">Suelos y Riegos (hasta 2022)<\/a><\/li>\n<\/ul>\n<\/li>\n<li>Laboratorios de An\u00e1lisis y Asistencia Tecnol\u00f3gica<\/li>\n<\/ul>\n<p>[\/vc_column_text]\n\t\t\t<\/div><\/div><\/div><\/div><div class=\"ult_acord advanced-tabs-desc-wrap-1487\">\n   <div class=\"ult-tabto-accordion \" style=\"width:;\"\n    data-titlecolor=\"#000000\"  data-titlebg=\"#ffffff\"\n     data-titlehoverbg=\"#5db130\" data-titlehovercolor=\"#ffffff\" data-animation=\"Slide\"\n     data-activetitle=\"#ffffff\" data-activeicon=\"\" data-activebg=\"#5db130\" data-scroll = \"on\" data-activeindex=\"1\" >\n     <dl><dt class=\"\">\n        \t<a class=\"ult-tabto-actitle withBorder ult_a\" id=\"anos\" style=\"color:#000000;;background-color:#ffffff;border-bottom-color:transparent;border-bottom-width:0px;border-bottom-style:solid;\" href=\"#anos\">\n        \t\t<i class=\"accordion-icon\"><\/i>\n        \t\t\t<span class=\"ult_tab_main ult_ac_mainBoth\">\n\t\t\t\t\t   <span  data-ultimate-target='#advanced-tabs-wrap-8255 .ult-span-text'  data-responsive-json-new='{\"font-size\":\"desktop:20px;\",\"line-height\":\"\"}'  class=\"ult-span-text ult_acordian-text ult-responsive\" style=\"font-family:Glegoo;font-weight:600;;color:inherit \" >Por a\u00f1os<\/span>\n\t\t\t\t\t<\/span>\n\t\t\t\t\t   <div class=\"aio-icon none \" style=\"color:#74777b;font-size:15px;\" data-iconcolor=\"#74777b\" data-iconhover=\"#ffffff\">\n\t\t\t\t\t   <i class=\"  fas fa-calendar-day ult_tab_icon\"  ><\/i>\n\t\t\t\t\t   <\/div>\n\t\t\t\t\t<\/a><\/dt>\n            \t\t<dd class=\"ult-tabto-accordionItem ult-tabto-accolapsed\">\n\t\t\t            <div class=\"ult-tabto-acontent\" style=\"background-color:#fafafa;border-style:solid; border-width:1px;border-radius:3px; border-color:#666666;color:#74777b;\">\n\t\t\t               [vc_column_text]<\/p>\n<ul>\n<li><a href=\"https:\/\/www.zotero.org\/groups\/322181\/cita_noticias2\/tags\/2024\/item-list\" target=\"_blank\" rel=\"noopener\">2024<\/a><\/li>\n<li><a href=\"https:\/\/www.zotero.org\/groups\/322181\/cita_noticias2\/tags\/2023\/item-list\" target=\"_blank\" rel=\"noopener\">2023<\/a><\/li>\n<li><a href=\"https:\/\/www.zotero.org\/groups\/322181\/cita_noticias2\/tags\/2022\/item-list\" target=\"_blank\" rel=\"noopener\">2022<\/a><\/li>\n<li><a href=\"https:\/\/www.zotero.org\/groups\/322181\/cita_noticias2\/tags\/2021\/item-list\" target=\"_blank\" rel=\"noopener\">2021<\/a><\/li>\n<li><a href=\"https:\/\/www.zotero.org\/groups\/322181\/cita_noticias2\/tags\/2020\/item-list\" target=\"_blank\" rel=\"noopener\">2020<\/a><\/li>\n<li><a href=\"https:\/\/www.zotero.org\/groups\/322181\/cita_noticias2\/tags\/2019\/item-list\" target=\"_blank\" rel=\"noopener\">2019<\/a><\/li>\n<li><a href=\"https:\/\/www.zotero.org\/groups\/322181\/cita_noticias2\/tags\/2018\/item-list\" target=\"_blank\" rel=\"noopener\">2018<\/a><\/li>\n<li><a href=\"https:\/\/www.zotero.org\/groups\/322181\/cita_noticias2\/tags\/2017\/item-list\" target=\"_blank\" rel=\"noopener\">2017<\/a><\/li>\n<li><a href=\"https:\/\/www.zotero.org\/groups\/322181\/cita_noticias2\/tags\/2016\/item-list\" target=\"_blank\" rel=\"noopener\">2016<\/a><\/li>\n<li><a href=\"https:\/\/www.zotero.org\/groups\/322181\/cita_noticias2\/tags\/2015\/item-list\" target=\"_blank\" rel=\"noopener\">2015<\/a><\/li>\n<li><a href=\"https:\/\/www.zotero.org\/groups\/322181\/cita_noticias2\/tags\/2014\/item-list\" target=\"_blank\" rel=\"noopener\">2014<\/a><\/li>\n<\/ul>\n<p>[\/vc_column_text]\n\t\t\t            <\/div>\n        \t<\/dd><dt class=\"\">\n        \t<a class=\"ult-tabto-actitle withBorder ult_a\" id=\"1642677161327-8e9a2-296a\" style=\"color:#000000;;background-color:#ffffff;border-bottom-color:transparent;border-bottom-width:0px;border-bottom-style:solid;border-bottom-color:transparent;border-bottom-width:0px;border-bottom-style:solid;\" href=\"#1642677161327-8e9a2-296a\">\n        \t\t<i class=\"accordion-icon\"><\/i>\n        \t\t\t<span class=\"ult_tab_main ult_ac_mainBoth\">\n\t\t\t\t\t   <span  data-ultimate-target='#advanced-tabs-wrap-8255 .ult-span-text'  data-responsive-json-new='{\"font-size\":\"desktop:20px;\",\"line-height\":\"\"}'  class=\"ult-span-text ult_acordian-text ult-responsive\" style=\"font-family:Glegoo;font-weight:600;;color:inherit \" >Por tipo<\/span>\n\t\t\t\t\t<\/span>\n\t\t\t\t\t   <div class=\"aio-icon none \" style=\"color:#74777b;font-size:15px;\" data-iconcolor=\"#74777b\" data-iconhover=\"#ffffff\">\n\t\t\t\t\t   <i class=\"  icomoon-icomoonfree-16x16-newspaper ult_tab_icon\"  ><\/i>\n\t\t\t\t\t   <\/div>\n\t\t\t\t\t<\/a><\/dt>\n            \t\t<dd class=\"ult-tabto-accordionItem ult-tabto-accolapsed\">\n\t\t\t            <div class=\"ult-tabto-acontent\" style=\"background-color:#fafafa;border-style:solid; border-width:1px;border-radius:3px; border-color:#666666;color:#74777b;\">\n\t\t\t               [vc_column_text]<\/p>\n<ul>\n<li><a href=\"https:\/\/www.zotero.org\/groups\/322181\/cita_noticias2\/tags\/Articulo%20en%20periodico\/item-list\" target=\"_blank\" rel=\"noopener\">Art\u00edculos en peri\u00f3dicos<\/a><\/li>\n<li><a href=\"https:\/\/www.zotero.org\/groups\/322181\/cita_noticias2\/tags\/Emision%20de%20TV\/item-list\" target=\"_blank\" rel=\"noopener\">Emisiones en televisi\u00f3n<\/a><\/li>\n<li><a href=\"https:\/\/www.zotero.org\/groups\/322181\/cita_noticias2\/tags\/Emision%20de%20radio\/item-list\" target=\"_blank\" rel=\"noopener\">Emisiones en radio<\/a><\/li>\n<li><a href=\"https:\/\/www.zotero.org\/groups\/322181\/cita_noticias2\/tags\/Articulo%20en%20revista\/item-list\" target=\"_blank\" rel=\"noopener\">Art\u00edculos en revistas divulgativas o t\u00e9cnicas<\/a><\/li>\n<li><a href=\"https:\/\/www.zotero.org\/groups\/322181\/cita_noticias2\/tags\/Entrada%20en%20blog\/item-list\" target=\"_blank\" rel=\"noopener\">Aportaciones en blog<\/a><\/li>\n<\/ul>\n<p>[\/vc_column_text]\n\t\t\t            <\/div>\n        \t<\/dd><dt class=\"\">\n        \t<a class=\"ult-tabto-actitle withBorder ult_a\" id=\"1642677771805-2-7e9a2-296a\" style=\"color:#000000;;background-color:#ffffff;border-bottom-color:transparent;border-bottom-width:0px;border-bottom-style:solid;border-bottom-color:transparent;border-bottom-width:0px;border-bottom-style:solid;border-bottom-color:transparent;border-bottom-width:0px;border-bottom-style:solid;\" href=\"#1642677771805-2-7e9a2-296a\">\n        \t\t<i class=\"accordion-icon\"><\/i>\n        \t\t\t<span class=\"ult_tab_main ult_ac_mainBoth\">\n\t\t\t\t\t   <span  data-ultimate-target='#advanced-tabs-wrap-8255 .ult-span-text'  data-responsive-json-new='{\"font-size\":\"desktop:20px;\",\"line-height\":\"\"}'  class=\"ult-span-text ult_acordian-text ult-responsive\" style=\"font-family:Glegoo;font-weight:600;;color:inherit \" >Por unidades o \u00e1reas<\/span>\n\t\t\t\t\t<\/span>\n\t\t\t\t\t   <div class=\"aio-icon none \" style=\"color:#74777b;font-size:15px;\" data-iconcolor=\"#74777b\" data-iconhover=\"#ffffff\">\n\t\t\t\t\t   <i class=\"  fas fa-people-arrows ult_tab_icon\"  ><\/i>\n\t\t\t\t\t   <\/div>\n\t\t\t\t\t<\/a><\/dt>\n            \t\t<dd class=\"ult-tabto-accordionItem ult-tabto-accolapsed\">\n\t\t\t            <div class=\"ult-tabto-acontent\" style=\"background-color:#fafafa;border-style:solid; border-width:1px;border-radius:3px; border-color:#666666;color:#74777b;\">\n\t\t\t               [vc_column_text]<\/p>\n<ul>\n<li><a href=\"https:\/\/www.zotero.org\/groups\/322181\/cita_noticias2\/tags\/Ciencia%20vegetal\/library\" target=\"_blank\" rel=\"noopener\">Ciencia Vegetal (desde 2022)<\/a>\n<ul>\n<li><a href=\"https:\/\/www.zotero.org\/groups\/322181\/cita_noticias2\/tags\/Hortofruticultura\/library\" target=\"_blank\" rel=\"noopener\">Hortofruticultura (hasta 2022)<\/a><\/li>\n<\/ul>\n<\/li>\n<li><a href=\"https:\/\/www.zotero.org\/groups\/322181\/cita_noticias2\/tags\/Ciencia%20animal\/library\" target=\"_blank\" rel=\"noopener\">Ciencia Animal (desde 2022)<\/a>\n<ul>\n<li><a href=\"https:\/\/www.zotero.org\/groups\/322181\/cita_noticias2\/tags\/Produccion%20y%20Sanidad%20Animal\/library\" target=\"_blank\" rel=\"noopener\">Producci\u00f3n y Sanidad Animal (hasta 2022)<\/a><\/li>\n<\/ul>\n<\/li>\n<li><a href=\"https:\/\/www.zotero.org\/groups\/322181\/cita_noticias2\/tags\/Economia%20agroalimentaria\/item-list\" target=\"_blank\" rel=\"noopener\">Econom\u00eda Agroalimentaria<\/a><\/li>\n<li><a href=\"https:\/\/www.zotero.org\/groups\/322181\/cita_noticias2\/tags\/SAFMA\/item-list\" target=\"_blank\" rel=\"noopener\">Sistemas Agr\u00edcolas, Forestales y Medio Ambiente (desde 2022)<\/a>\n<ul>\n<li><a href=\"https:\/\/www.zotero.org\/groups\/322181\/cita_noticias2\/tags\/Sanidad%20Vegetal\/item-list\" target=\"_blank\" rel=\"noopener\">Protecci\u00f3n Vegetal (hasta 2022)<\/a><\/li>\n<li><a href=\"https:\/\/www.zotero.org\/groups\/322181\/cita_noticias2\/tags\/Recursos%20Forestales\/item-list\" target=\"_blank\" rel=\"noopener\">Recursos Forestales (hasta 2022)<\/a><\/li>\n<li><a href=\"https:\/\/www.zotero.org\/groups\/322181\/cita_noticias2\/tags\/Suelos%20y%20riegos\/item-list\">Suelos y Riegos (hasta 2022)<\/a><\/li>\n<\/ul>\n<\/li>\n<li>Laboratorios de An\u00e1lisis y Asistencia Tecnol\u00f3gica<\/li>\n<\/ul>\n<p>[\/vc_column_text]\n\t\t\t            <\/div>\n        \t<\/dd>\n    \t<\/dl>\n    <!--<div class=\"extraborder\" style=\"background-color:#5db130\"><\/div>-->\n<\/div>\n\n<\/div>[\/vc_column][\/vc_row][vc_row type=&#8221;vc_default&#8221; full_width=&#8221;stretch_row&#8221; css=&#8221;.vc_custom_1643630575308{margin-bottom: 0px !important;border-top-width: 1px !important;padding-bottom: 0px !important;border-top-color: #575756 !important;border-top-style: solid !important;}&#8221;][vc_column]<div id=\"ultimate-heading-384069de1bfa571f3\" class=\"uvc-heading ult-adjust-bottom-margin ultimate-heading-384069de1bfa571f3 uvc-5107 \" data-hspacer=\"no_spacer\"  data-halign=\"left\" style=\"text-align:left\"><div class=\"uvc-heading-spacer no_spacer\" style=\"top\"><\/div><div class=\"uvc-main-heading ult-responsive\"  data-ultimate-target='.uvc-heading.ultimate-heading-384069de1bfa571f3 h4'  data-responsive-json-new='{\"font-size\":\"desktop:20px;\",\"line-height\":\"desktop:24px;\"}' ><h4 style=\"font-family:&#039;Karla&#039;;font-weight:normal;font-style:normal;color:#5eb130;\">ACCESOS DIRECTOS<\/h4><\/div><\/div>[\/vc_column][vc_column width=&#8221;1\/4&#8243;]<div class=\"ult-content-box-container \" >\t<a class=\"ult-content-box-anchor\" href=\"https:\/\/portalcientifico.cita-aragon.es\/\" target=\"_blank\" rel=\"noopener\" >\t\t<div class=\"ult-content-box\" style=\"background-image:url(&#039;https:\/\/cita-aragon.es\/wp-content\/uploads\/2021\/11\/cita-img-portal-iM-feat@2x-100-1.jpg&#039;);background-size: cover;background-repeat: repeat;background-position: center center;background-color: rgba(0, 0, 0, 0);box-shadow: px px px px none;padding:10px;min-height:250px;-webkit-transition: all 700ms ease;-moz-transition: all 700ms ease;-ms-transition: all 700ms ease;-o-transition: all 700ms ease;transition: all 700ms ease;\"  data-hover_box_shadow=\"none\"    >[vc_column_text css=&#8221;.vc_custom_1637059701271{margin-top: 5px !important;margin-right: 5px !important;margin-bottom: 5px !important;margin-left: 5px !important;padding-top: 10px !important;padding-right: 10px !important;padding-bottom: 10px !important;padding-left: 10px !important;background-color: #ffffff !important;}&#8221;]<\/p>\n<h4>Portal cient\u00edfico iMarina<\/h4>\n<p>[\/vc_column_text]\t\t<\/div>\t<\/a><\/div>[\/vc_column][vc_column width=&#8221;1\/4&#8243;]<div class=\"ult-content-box-container \" >\t<a class=\"ult-content-box-anchor\" href=\"https:\/\/cita-aragon.es\/ofertas-de-empleo\/\" title=\"Ofertas de empleo\" >\t\t<div class=\"ult-content-box\" style=\"background-image:url(&#039;https:\/\/cita-aragon.es\/wp-content\/uploads\/2021\/11\/cita-img-ofertas-feat@2x-100.jpg&#039;);background-size: cover;background-repeat: repeat;background-position: center center;background-color: rgba(0, 0, 0, 0);box-shadow: px px px px none;padding:10px;min-height:250px;-webkit-transition: all 700ms ease;-moz-transition: all 700ms ease;-ms-transition: all 700ms ease;-o-transition: all 700ms ease;transition: all 700ms ease;\"  data-hover_box_shadow=\"none\"    >[vc_column_text css=&#8221;.vc_custom_1637060178746{margin-top: 5px !important;margin-right: 5px !important;margin-bottom: 5px !important;margin-left: 5px !important;padding-top: 10px !important;padding-right: 10px !important;padding-bottom: 10px !important;padding-left: 10px !important;background-color: #ffffff !important;}&#8221;]<\/p>\n<h4>Ofertas de empleo<\/h4>\n<p>[\/vc_column_text]\t\t<\/div>\t<\/a><\/div>[\/vc_column][vc_column width=&#8221;1\/4&#8243;]<div class=\"ult-content-box-container \" >\t<a class=\"ult-content-box-anchor\" href=\"https:\/\/citarea.cita-aragon.es\/citarea\/\" target=\"_blank\" rel=\"noopener\" >\t\t<div class=\"ult-content-box\" style=\"background-image:url(&#039;https:\/\/cita-aragon.es\/wp-content\/uploads\/2021\/11\/cita-img-biblio-feat@2x-100.jpg&#039;);background-size: cover;background-repeat: repeat;background-position: center center;background-color: rgba(0, 0, 0, 0);box-shadow: px px px px none;padding:10px;min-height:250px;-webkit-transition: all 700ms ease;-moz-transition: all 700ms ease;-ms-transition: all 700ms ease;-o-transition: all 700ms ease;transition: all 700ms ease;\"  data-hover_box_shadow=\"none\"    >[vc_column_text css=&#8221;.vc_custom_1637060250753{margin-top: 5px !important;margin-right: 5px !important;margin-bottom: 5px !important;margin-left: 5px !important;padding-top: 10px !important;padding-right: 10px !important;padding-bottom: 10px !important;padding-left: 10px !important;background-color: #ffffff !important;}&#8221;]<\/p>\n<h4>Biblioteca del CITA<\/h4>\n<p>[\/vc_column_text]\t\t<\/div>\t<\/a><\/div>[\/vc_column][vc_column width=&#8221;1\/4&#8243;]<div class=\"ult-content-box-container \" >\t<a class=\"ult-content-box-anchor\" href=\"https:\/\/cita-aragon.es\/patentes-y-obtenciones\/\" title=\"Patentes y obtenciones\" >\t\t<div class=\"ult-content-box\" style=\"background-image:url(&#039;https:\/\/cita-aragon.es\/wp-content\/uploads\/2021\/11\/cita-img-patentes-feat@2x-100.jpg&#039;);background-size: cover;background-repeat: repeat;background-position: center center;background-color: rgba(0, 0, 0, 0);box-shadow: px px px px none;padding:10px;min-height:250px;-webkit-transition: all 700ms ease;-moz-transition: all 700ms ease;-ms-transition: all 700ms ease;-o-transition: all 700ms ease;transition: all 700ms ease;\"  data-hover_box_shadow=\"none\"    >[vc_column_text css=&#8221;.vc_custom_1637060288500{margin-top: 5px !important;margin-right: 5px !important;margin-bottom: 5px !important;margin-left: 5px !important;padding-top: 10px !important;padding-right: 10px !important;padding-bottom: 10px !important;padding-left: 10px !important;background-color: #ffffff !important;}&#8221;]<\/p>\n<h4>Patentes y obtenciones<\/h4>\n<p>[\/vc_column_text]\t\t<\/div>\t<\/a><\/div>[\/vc_column][\/vc_row]<\/p>\n<\/div>","protected":false},"excerpt":{"rendered":"<p>[vc_row type=&#8221;vc_default&#8221; css=&#8221;.vc_custom_1643635211387{padding-bottom: 50px !important;}&#8221;][vc_column][\/vc_column][\/vc_row][vc_row type=&#8221;vc_default&#8221; gap=&#8221;30&#8243; content_placement=&#8221;middle&#8221;][vc_column][\/vc_column][\/vc_row][vc_row type=&#8221;vc_default&#8221; full_width=&#8221;stretch_row&#8221; css=&#8221;.vc_custom_1643630575308{margin-bottom: 0px !important;border-top-width: 1px !important;padding-bottom: 0px !important;border-top-color: #575756 !important;border-top-style: solid !important;}&#8221;][vc_column][\/vc_column][vc_column width=&#8221;1\/4&#8243;][\/vc_column][vc_column width=&#8221;1\/4&#8243;][\/vc_column][vc_column width=&#8221;1\/4&#8243;][\/vc_column][vc_column width=&#8221;1\/4&#8243;][\/vc_column][\/vc_row]<\/p>\n","protected":false},"author":1,"featured_media":0,"parent":0,"menu_order":0,"comment_status":"closed","ping_status":"closed","template":"","meta":{"footnotes":""},"class_list":["post-2404","page","type-page","status-publish","hentry","description-off"],"_links":{"self":[{"href":"https:\/\/cita-aragon.es\/en\/wp-json\/wp\/v2\/pages\/2404"}],"collection":[{"href":"https:\/\/cita-aragon.es\/en\/wp-json\/wp\/v2\/pages"}],"about":[{"href":"https:\/\/cita-aragon.es\/en\/wp-json\/wp\/v2\/types\/page"}],"author":[{"embeddable":true,"href":"https:\/\/cita-aragon.es\/en\/wp-json\/wp\/v2\/users\/1"}],"replies":[{"embeddable":true,"href":"https:\/\/cita-aragon.es\/en\/wp-json\/wp\/v2\/comments?post=2404"}],"version-history":[{"count":15,"href":"https:\/\/cita-aragon.es\/en\/wp-json\/wp\/v2\/pages\/2404\/revisions"}],"predecessor-version":[{"id":592163,"href":"https:\/\/cita-aragon.es\/en\/wp-json\/wp\/v2\/pages\/2404\/revisions\/592163"}],"wp:attachment":[{"href":"https:\/\/cita-aragon.es\/en\/wp-json\/wp\/v2\/media?parent=2404"}],"curies":[{"name":"wp","href":"https:\/\/api.w.org\/{rel}","templated":true}]}}