{"id":2202,"date":"2022-01-14T13:18:30","date_gmt":"2022-01-14T12:18:30","guid":{"rendered":"http:\/\/cita-aragon.es\/?page_id=2202"},"modified":"2022-02-09T19:29:37","modified_gmt":"2022-02-09T18:29:37","slug":"finca-la-garcipollera","status":"publish","type":"page","link":"https:\/\/cita-aragon.es\/en\/finca-la-garcipollera\/","title":{"rendered":"Finca \u201cLa Garcipollera\u201d"},"content":{"rendered":"<div class=\"wpb-content-wrapper\"><p>[vc_row type=&#8221;vc_default&#8221; gap=&#8221;30&#8243;][vc_column width=&#8221;2\/3&#8243;][vc_column_text]La Finca \u201cLa Garcipollera\u201d est\u00e1 situada en Besc\u00f3s de la Garcipollera (Huesca) cerca de Jaca Y se dedica al estudio de la agricultura y ganader\u00eda de monta\u00f1a. Cuenta con unas 14 has de pradera, y todo tipo de instalaciones ganaderas, as\u00ed como dos ganados experimentales uno bovino de unas 200 cabezas y uno ovino de unas 300 cabezas. Tiene tambi\u00e9n parcelas experimentales de frutales de monta\u00f1a.<br \/>\nTambi\u00e9n dispone de viviendas.[\/vc_column_text]<style type=\"text\/css\" data-type=\"the7_shortcodes-inline-css\">#default-btn-27f8dd3f62e289e5bfef989acfc442f7.ico-right-side > i {\n  margin-right: 0px;\n  margin-left: 8px;\n}\n#default-btn-27f8dd3f62e289e5bfef989acfc442f7 > i {\n  margin-right: 8px;\n}\n<\/style><a href=\"https:\/\/cita-aragon.es\/wp-content\/uploads\/2022\/01\/documentos_Garcipollera_be5d9501.pdf\" class=\"default-btn-shortcode dt-btn dt-btn-l link-hover-off btn-inline-left \" target=\"_blank\" id=\"default-btn-27f8dd3f62e289e5bfef989acfc442f7\" rel=\"noopener\"><i class=\"fa icon-doc-text\"><\/i><span>M\u00e1s informaci\u00f3n<\/span><\/a>[vc_empty_space][vc_gmaps link=&#8221;#E-8_JTNDaWZyYW1lJTIwc3JjJTNEJTIyaHR0cHMlM0ElMkYlMkZ3d3cuZ29vZ2xlLmNvbSUyRm1hcHMlMkZlbWJlZCUzRnBiJTNEJTIxMW0xNCUyMTFtOCUyMTFtMyUyMTFkNDY5NjkuMDAyODUyNzg1MzQlMjEyZC0wLjUwMjc3NyUyMTNkNDIuNjI4MjMwMDAwMDAwMDElMjEzbTIlMjExaTEwMjQlMjEyaTc2OCUyMTRmMTMuMSUyMTNtMyUyMTFtMiUyMTFzMHgwJTI1M0EweDMzNDAyNmJiNjk4ZTUxODYlMjEyc0ZpbmNhJTI1MjBFeHBlcmltZW50YWwlMjUyMCUyNTIyTGElMjUyMEdhcmNpcG9sbGVyYSUyNTIyLiUyNTIwQ2VudHJvJTI1MjBkZSUyNTIwaW52ZXN0aWdhY2klMjVDMyUyNUIzbiUyNTIweSUyNTIwVGVjbm9naWElMjUyMEFncm9hbGltZW50YXJpYSUyNTIwZGUlMjUyMEFyYWclMjVDMyUyNUIzbi4lMjUyMENJVEFyaWElMjE1ZTAlMjEzbTIlMjExc2VzJTIxMnNlcyUyMTR2MTY0MjY3NjY5NzQ4MyUyMTVtMiUyMTFzZXMlMjEyc2VzJTIyJTIwd2lkdGglM0QlMjI2MDAlMjIlMjBoZWlnaHQlM0QlMjI0NTAlMjIlMjBzdHlsZSUzRCUyMmJvcmRlciUzQTAlM0IlMjIlMjBhbGxvd2Z1bGxzY3JlZW4lM0QlMjIlMjIlMjBsb2FkaW5nJTNEJTIybGF6eSUyMiUzRSUzQyUyRmlmcmFtZSUzRQ==&#8221; size=&#8221;270&#8243;][\/vc_column][vc_column width=&#8221;1\/3&#8243;][vc_single_image image=&#8221;2237&#8243; img_size=&#8221;full&#8221;][\/vc_column][\/vc_row][vc_row type=&#8221;vc_default&#8221; full_width=&#8221;stretch_row&#8221; css=&#8221;.vc_custom_1644431374874{margin-top: 50px !important;margin-bottom: 0px !important;border-top-width: 1px !important;padding-bottom: 0px !important;border-top-color: #575756 !important;border-top-style: solid !important;}&#8221;][vc_column]<div id=\"ultimate-heading-578669ea34ce4a32b\" class=\"uvc-heading ult-adjust-bottom-margin ultimate-heading-578669ea34ce4a32b uvc-9585 \" data-hspacer=\"no_spacer\"  data-halign=\"left\" style=\"text-align:left\"><div class=\"uvc-heading-spacer no_spacer\" style=\"top\"><\/div><div class=\"uvc-main-heading ult-responsive\"  data-ultimate-target='.uvc-heading.ultimate-heading-578669ea34ce4a32b h4'  data-responsive-json-new='{\"font-size\":\"desktop:20px;\",\"line-height\":\"desktop:24px;\"}' ><h4 style=\"font-family:&#039;Karla&#039;;font-weight:normal;font-style:normal;color:#5eb130;\">ACCESOS DIRECTOS<\/h4><\/div><\/div>[\/vc_column][vc_column width=&#8221;1\/4&#8243;]<div class=\"ult-content-box-container \" >\t<a class=\"ult-content-box-anchor\" href=\"https:\/\/portalcientifico.cita-aragon.es\/\" target=\"_blank\" rel=\"noopener\" >\t\t<div class=\"ult-content-box\" style=\"background-image:url(&#039;https:\/\/cita-aragon.es\/wp-content\/uploads\/2021\/11\/cita-img-portal-iM-feat@2x-100-1.jpg&#039;);background-size: cover;background-repeat: repeat;background-position: center center;background-color: rgba(0, 0, 0, 0);box-shadow: px px px px none;padding:10px;min-height:250px;-webkit-transition: all 700ms ease;-moz-transition: all 700ms ease;-ms-transition: all 700ms ease;-o-transition: all 700ms ease;transition: all 700ms ease;\"  data-hover_box_shadow=\"none\"    >[vc_column_text css=&#8221;.vc_custom_1637059701271{margin-top: 5px !important;margin-right: 5px !important;margin-bottom: 5px !important;margin-left: 5px !important;padding-top: 10px !important;padding-right: 10px !important;padding-bottom: 10px !important;padding-left: 10px !important;background-color: #ffffff !important;}&#8221;]<\/p>\n<h4>Portal cient\u00edfico iMarina<\/h4>\n<p>[\/vc_column_text]\t\t<\/div>\t<\/a><\/div>[\/vc_column][vc_column width=&#8221;1\/4&#8243;]<div class=\"ult-content-box-container \" >\t<a class=\"ult-content-box-anchor\" href=\"https:\/\/cita-aragon.es\/ofertas-de-empleo\/\" title=\"Ofertas de empleo\" >\t\t<div class=\"ult-content-box\" style=\"background-image:url(&#039;https:\/\/cita-aragon.es\/wp-content\/uploads\/2021\/11\/cita-img-ofertas-feat@2x-100.jpg&#039;);background-size: cover;background-repeat: repeat;background-position: center center;background-color: rgba(0, 0, 0, 0);box-shadow: px px px px none;padding:10px;min-height:250px;-webkit-transition: all 700ms ease;-moz-transition: all 700ms ease;-ms-transition: all 700ms ease;-o-transition: all 700ms ease;transition: all 700ms ease;\"  data-hover_box_shadow=\"none\"    >[vc_column_text css=&#8221;.vc_custom_1637060178746{margin-top: 5px !important;margin-right: 5px !important;margin-bottom: 5px !important;margin-left: 5px !important;padding-top: 10px !important;padding-right: 10px !important;padding-bottom: 10px !important;padding-left: 10px !important;background-color: #ffffff !important;}&#8221;]<\/p>\n<h4>Ofertas de empleo<\/h4>\n<p>[\/vc_column_text]\t\t<\/div>\t<\/a><\/div>[\/vc_column][vc_column width=&#8221;1\/4&#8243;]<div class=\"ult-content-box-container \" >\t<a class=\"ult-content-box-anchor\" href=\"https:\/\/citarea.cita-aragon.es\/citarea\/\" target=\"_blank\" rel=\"noopener\" >\t\t<div class=\"ult-content-box\" style=\"background-image:url(&#039;https:\/\/cita-aragon.es\/wp-content\/uploads\/2021\/11\/cita-img-biblio-feat@2x-100.jpg&#039;);background-size: cover;background-repeat: repeat;background-position: center center;background-color: rgba(0, 0, 0, 0);box-shadow: px px px px none;padding:10px;min-height:250px;-webkit-transition: all 700ms ease;-moz-transition: all 700ms ease;-ms-transition: all 700ms ease;-o-transition: all 700ms ease;transition: all 700ms ease;\"  data-hover_box_shadow=\"none\"    >[vc_column_text css=&#8221;.vc_custom_1637060250753{margin-top: 5px !important;margin-right: 5px !important;margin-bottom: 5px !important;margin-left: 5px !important;padding-top: 10px !important;padding-right: 10px !important;padding-bottom: 10px !important;padding-left: 10px !important;background-color: #ffffff !important;}&#8221;]<\/p>\n<h4>Biblioteca del CITA<\/h4>\n<p>[\/vc_column_text]\t\t<\/div>\t<\/a><\/div>[\/vc_column][vc_column width=&#8221;1\/4&#8243;]<div class=\"ult-content-box-container \" >\t<a class=\"ult-content-box-anchor\" href=\"https:\/\/cita-aragon.es\/patentes-y-obtenciones\/\" title=\"Patentes y obtenciones\" >\t\t<div class=\"ult-content-box\" style=\"background-image:url(&#039;https:\/\/cita-aragon.es\/wp-content\/uploads\/2021\/11\/cita-img-patentes-feat@2x-100.jpg&#039;);background-size: cover;background-repeat: repeat;background-position: center center;background-color: rgba(0, 0, 0, 0);box-shadow: px px px px none;padding:10px;min-height:250px;-webkit-transition: all 700ms ease;-moz-transition: all 700ms ease;-ms-transition: all 700ms ease;-o-transition: all 700ms ease;transition: all 700ms ease;\"  data-hover_box_shadow=\"none\"    >[vc_column_text css=&#8221;.vc_custom_1637060288500{margin-top: 5px !important;margin-right: 5px !important;margin-bottom: 5px !important;margin-left: 5px !important;padding-top: 10px !important;padding-right: 10px !important;padding-bottom: 10px !important;padding-left: 10px !important;background-color: #ffffff !important;}&#8221;]<\/p>\n<h4>Patentes y obtenciones<\/h4>\n<p>[\/vc_column_text]\t\t<\/div>\t<\/a><\/div>[\/vc_column][\/vc_row]<\/p>\n<\/div>","protected":false},"excerpt":{"rendered":"<p>[vc_row type=&#8221;vc_default&#8221; gap=&#8221;30&#8243;][vc_column width=&#8221;2\/3&#8243;][vc_column_text]La Finca \u201cLa Garcipollera\u201d est\u00e1 situada en Besc\u00f3s de la Garcipollera (Huesca) cerca de Jaca Y se dedica al estudio de la agricultura y ganader\u00eda de monta\u00f1a. Cuenta con unas 14 has de pradera, y todo tipo de instalaciones ganaderas, as\u00ed como dos ganados experimentales uno bovino de unas 200 cabezas y&hellip;<\/p>\n","protected":false},"author":1,"featured_media":0,"parent":0,"menu_order":0,"comment_status":"closed","ping_status":"closed","template":"","meta":{"footnotes":""},"class_list":["post-2202","page","type-page","status-publish","hentry","description-off"],"_links":{"self":[{"href":"https:\/\/cita-aragon.es\/en\/wp-json\/wp\/v2\/pages\/2202"}],"collection":[{"href":"https:\/\/cita-aragon.es\/en\/wp-json\/wp\/v2\/pages"}],"about":[{"href":"https:\/\/cita-aragon.es\/en\/wp-json\/wp\/v2\/types\/page"}],"author":[{"embeddable":true,"href":"https:\/\/cita-aragon.es\/en\/wp-json\/wp\/v2\/users\/1"}],"replies":[{"embeddable":true,"href":"https:\/\/cita-aragon.es\/en\/wp-json\/wp\/v2\/comments?post=2202"}],"version-history":[{"count":8,"href":"https:\/\/cita-aragon.es\/en\/wp-json\/wp\/v2\/pages\/2202\/revisions"}],"predecessor-version":[{"id":2672,"href":"https:\/\/cita-aragon.es\/en\/wp-json\/wp\/v2\/pages\/2202\/revisions\/2672"}],"wp:attachment":[{"href":"https:\/\/cita-aragon.es\/en\/wp-json\/wp\/v2\/media?parent=2202"}],"curies":[{"name":"wp","href":"https:\/\/api.w.org\/{rel}","templated":true}]}}