{"id":2176,"date":"2022-01-05T12:20:32","date_gmt":"2022-01-05T11:20:32","guid":{"rendered":"http:\/\/cita-aragon.es\/?page_id=2176"},"modified":"2022-02-09T19:27:26","modified_gmt":"2022-02-09T18:27:26","slug":"comite-cientifico","status":"publish","type":"page","link":"https:\/\/cita-aragon.es\/en\/comite-cientifico\/","title":{"rendered":"Comit\u00e9 Cient\u00edfico"},"content":{"rendered":"<div class=\"wpb-content-wrapper\"><p>[vc_row type=&#8221;vc_default&#8221; css=&#8221;.vc_custom_1644431235924{padding-bottom: 50px !important;}&#8221;][vc_column width=&#8221;1\/2&#8243;]<div class=\"ult-content-box-container \" >\t\t<div class=\"ult-content-box\" style=\"background-color:#eeeeee;box-shadow: px px px px none;padding:20px;-webkit-transition: all 700ms ease;-moz-transition: all 700ms ease;-ms-transition: all 700ms ease;-o-transition: all 700ms ease;transition: all 700ms ease;\"  data-hover_box_shadow=\"none\"     data-bg=\"#eeeeee\" >[vc_row_inner][vc_column_inner width=&#8221;1\/5&#8243;][vc_single_image image=&#8221;2211&#8243; img_size=&#8221;full&#8221; image_hovers=&#8221;false&#8221; css=&#8221;.vc_custom_1642590887684{margin-bottom: 0px !important;padding-bottom: 0px !important;}&#8221;][\/vc_column_inner][vc_column_inner width=&#8221;4\/5&#8243;][vc_column_text css=&#8221;.vc_custom_1642007465409{margin-bottom: 0px !important;padding-bottom: 0px !important;}&#8221;]<\/p>\n<h4>I\u00f1aki Hormaza Urroz<\/h4>\n<p>Es el Presidente del Comit\u00e9. Profesor de Investigaci\u00f3n del CSIC en el Instituto de Hortofruticultura Subtropical y Mediterr\u00e1nea &#8220;La Mayora&#8221; (Instituto Mixto Universidad de M\u00e1laga-CSIC). Se doctor\u00f3 en la Universidad de California Davis y es profesor visitante en la Universidad de Harvard. Responsable del grupo de investigaci\u00f3n en Fruticultura Subtropical y Mediterr\u00e1nea. Es autor de 150 art\u00edculos cient\u00edficos. En 2017 fue nombrado miembro de honor de la Botanical Society of America.[\/vc_column_text][\/vc_column_inner][\/vc_row_inner]\t\t<\/div><\/div>[vc_empty_space height=&#8221;30px&#8221;][\/vc_column][vc_column width=&#8221;1\/2&#8243;]<div class=\"ult-content-box-container \" >\t\t<div class=\"ult-content-box\" style=\"background-color:#eeeeee;box-shadow: px px px px none;padding:20px;-webkit-transition: all 700ms ease;-moz-transition: all 700ms ease;-ms-transition: all 700ms ease;-o-transition: all 700ms ease;transition: all 700ms ease;\"  data-hover_box_shadow=\"none\"     data-bg=\"#eeeeee\" >[vc_row_inner][vc_column_inner width=&#8221;1\/5&#8243;][vc_single_image image=&#8221;2218&#8243; img_size=&#8221;full&#8221; image_hovers=&#8221;false&#8221; css=&#8221;.vc_custom_1642591528514{margin-bottom: 0px !important;padding-bottom: 0px !important;}&#8221;][\/vc_column_inner][vc_column_inner width=&#8221;4\/5&#8243;][vc_column_text css=&#8221;.vc_custom_1642007475230{margin-bottom: 0px !important;padding-bottom: 0px !important;}&#8221;]<\/p>\n<h4>Dunixi Gabi\u00f1a Iturriaga<\/h4>\n<p>Ex subdirector del Instituto Agron\u00f3mico Mediterr\u00e1neo de Zaragoza, integrante del International Center for Advanced Mediterranean Agronomic Studies (CIHEAM). Amplia experiencia nacional e internacional en investigaci\u00f3n agroalimentaria, innovaci\u00f3n y formaci\u00f3n especializada de estudiantes y profesionales, con especial \u00e9nfasis en la cuenca Mediterr\u00e1nea. Ex miembro del Consejo y del Comit\u00e9 Cient\u00edfico de la Federaci\u00f3n Europea de Ciencia Animal. Experiencia en gesti\u00f3n de proyectos de investigaci\u00f3n de los programas marco de la Comisi\u00f3n Europea y otros programas internacionales.[\/vc_column_text][\/vc_column_inner][\/vc_row_inner]\t\t<\/div><\/div>[vc_empty_space height=&#8221;30px&#8221;][\/vc_column][vc_column width=&#8221;1\/2&#8243;]<div class=\"ult-content-box-container \" >\t\t<div class=\"ult-content-box\" style=\"background-color:#eeeeee;box-shadow: px px px px none;padding:20px;-webkit-transition: all 700ms ease;-moz-transition: all 700ms ease;-ms-transition: all 700ms ease;-o-transition: all 700ms ease;transition: all 700ms ease;\"  data-hover_box_shadow=\"none\"     data-bg=\"#eeeeee\" >[vc_row_inner][vc_column_inner width=&#8221;1\/5&#8243;][vc_single_image image=&#8221;2213&#8243; img_size=&#8221;full&#8221; image_hovers=&#8221;false&#8221; css=&#8221;.vc_custom_1642591049624{margin-bottom: 0px !important;padding-bottom: 0px !important;}&#8221;][\/vc_column_inner][vc_column_inner width=&#8221;4\/5&#8243;][vc_column_text css=&#8221;.vc_custom_1642007543454{margin-bottom: 0px !important;padding-bottom: 0px !important;}&#8221;]<\/p>\n<h4>Eva Ugarte Sagastiz\u00e1bal<\/h4>\n<p>Directoria de Tecnolog\u00eda e Innovaci\u00f3n de NEIKER (Instituto Vasco de Investigaciones Agrarias). Responsable de los proyectos de innovaci\u00f3n y transferencia de NEIKER, es especialista en gen\u00e9tica de ovino de leche, y cuenta con numerosas publicaciones cient\u00edficas en este campo y otros relacionados. Ha sido miembro de la Comisi\u00f3n Cient\u00edfica de peque\u00f1os rumiantes de la Federaci\u00f3n Europea de Ciencia Animal (EAAP), y reconocida con el Distinguished Service Award 2019 por esta misma Federaci\u00f3n cient\u00edfica.[\/vc_column_text][\/vc_column_inner][\/vc_row_inner]\t\t<\/div><\/div>[vc_empty_space height=&#8221;30px&#8221;][\/vc_column][vc_column width=&#8221;1\/2&#8243;]<div class=\"ult-content-box-container \" >\t\t<div class=\"ult-content-box\" style=\"background-color:#eeeeee;box-shadow: px px px px none;padding:20px;-webkit-transition: all 700ms ease;-moz-transition: all 700ms ease;-ms-transition: all 700ms ease;-o-transition: all 700ms ease;transition: all 700ms ease;\"  data-hover_box_shadow=\"none\"     data-bg=\"#eeeeee\" >[vc_row_inner][vc_column_inner width=&#8221;1\/5&#8243;][vc_single_image image=&#8221;2214&#8243; img_size=&#8221;full&#8221; image_hovers=&#8221;false&#8221; css=&#8221;.vc_custom_1642591150020{margin-bottom: 0px !important;padding-bottom: 0px !important;}&#8221;][\/vc_column_inner][vc_column_inner width=&#8221;4\/5&#8243;][vc_column_text css=&#8221;.vc_custom_1642007623370{margin-bottom: 0px !important;padding-bottom: 0px !important;}&#8221;]<\/p>\n<h4>Ignacio Romagosa Clariana<\/h4>\n<p>Catedr\u00e1tico del Departamento de Producci\u00f3n Vegetal y Ciencia Forestal de la Universidad de Lleida. Realiz\u00f3 su doctorado en Agronom\u00eda en la Universidad del Estado de Colorado, en EEUU. En la actualidad es Director de Agrotecnio, centro de investigaci\u00f3n situado en el Campus de la ETSEA (Escola T\u00e8cnica Superior d&#8217;Enginyeria Agr\u00e0ria) y que pertenece a la Red CERCA de Centros de Excelencia en Investigaci\u00f3n de la Generalitat de Catalunya. Es miembro de la Real Academia de Ingenier\u00eda. Ha sido director del Instituto Agron\u00f3mico Mediterr\u00e1neo de Zaragoza.[\/vc_column_text][\/vc_column_inner][\/vc_row_inner]\t\t<\/div><\/div>[vc_empty_space height=&#8221;30px&#8221;][\/vc_column][vc_column width=&#8221;1\/2&#8243;]<div class=\"ult-content-box-container \" >\t\t<div class=\"ult-content-box\" style=\"background-color:#eeeeee;box-shadow: px px px px none;padding:20px;-webkit-transition: all 700ms ease;-moz-transition: all 700ms ease;-ms-transition: all 700ms ease;-o-transition: all 700ms ease;transition: all 700ms ease;\"  data-hover_box_shadow=\"none\"     data-bg=\"#eeeeee\" >[vc_row_inner][vc_column_inner width=&#8221;1\/5&#8243;][vc_single_image image=&#8221;2219&#8243; img_size=&#8221;full&#8221; image_hovers=&#8221;false&#8221; css=&#8221;.vc_custom_1642591613923{margin-bottom: 0px !important;padding-bottom: 0px !important;}&#8221;][\/vc_column_inner][vc_column_inner width=&#8221;4\/5&#8243;][vc_column_text css=&#8221;.vc_custom_1642007563591{margin-bottom: 0px !important;padding-bottom: 0px !important;}&#8221;]<\/p>\n<h4>Marta Guadalupe Rivera Ferre<\/h4>\n<p>Directora de la C\u00e1tedra de Agroecolog\u00eda y Sistemas Alimentario de la Universidad de Vic-Universidad Central de Catalu\u00f1a. Miembro de la junta editorial de la Revista Internacional de Sociolog\u00eda de la Agricultura y la Alimentaci\u00f3n y la Revista de Desarrollo Sostenible, ha participado como autora principal en las evaluaciones lideradas por las Naciones Unidas en la Evaluaci\u00f3n Internacional de Ciencia y Tecnolog\u00eda del Conocimiento Agr\u00edcola para el Desarrollo (IAASTD, 2005- 2008) y el cap\u00edtulo rural del Panel Intergubernamental de Cambio Clim\u00e1tico (IPCC, 2010-2014).[\/vc_column_text][\/vc_column_inner][\/vc_row_inner]\t\t<\/div><\/div>[vc_empty_space height=&#8221;30px&#8221;][\/vc_column][vc_column width=&#8221;1\/2&#8243;]<div class=\"ult-content-box-container \" >\t\t<div class=\"ult-content-box\" style=\"background-color:#eeeeee;box-shadow: px px px px none;padding:20px;-webkit-transition: all 700ms ease;-moz-transition: all 700ms ease;-ms-transition: all 700ms ease;-o-transition: all 700ms ease;transition: all 700ms ease;\"  data-hover_box_shadow=\"none\"     data-bg=\"#eeeeee\" >[vc_row_inner][vc_column_inner width=&#8221;1\/5&#8243;][vc_single_image image=&#8221;2215&#8243; img_size=&#8221;full&#8221; image_hovers=&#8221;false&#8221; css=&#8221;.vc_custom_1642591238642{margin-bottom: 0px !important;padding-bottom: 0px !important;}&#8221;][\/vc_column_inner][vc_column_inner width=&#8221;4\/5&#8243;][vc_column_text css=&#8221;.vc_custom_1642007571999{margin-bottom: 0px !important;padding-bottom: 0px !important;}&#8221;]<\/p>\n<h4>Rafael Pag\u00e1n Tom\u00e1s<\/h4>\n<p>Catedr\u00e1tico de la Universidad de Zaragoza en el Departamento de Producci\u00f3n Animal y Ciencia de los Alimentos. Ha publicado n\u00fameros art\u00edculos cient\u00edficos en el \u00e1rea de nuevas tecnolog\u00edas de procesado de alimentos. Ha sido ganador del concurso &#8220;Elevator Pitch&#8221; del IV Encuentro Triple H\u00e9lice con Unizar por su algo grado de colaboraci\u00f3n con la empresa. Cumple en estos momentos se segundo mandato como Director del Instituto Agroalimentario de Arag\u00f3n \u2013 IA2 (Instituto Mixto de Investigaci\u00f3n de la Universidad de Zaragoza y el CITA de Arag\u00f3n).[\/vc_column_text][\/vc_column_inner][\/vc_row_inner]\t\t<\/div><\/div>[vc_empty_space height=&#8221;30px&#8221;][\/vc_column][vc_column width=&#8221;1\/2&#8243;]<div class=\"ult-content-box-container \" >\t\t<div class=\"ult-content-box\" style=\"background-color:#eeeeee;box-shadow: px px px px none;padding:20px;-webkit-transition: all 700ms ease;-moz-transition: all 700ms ease;-ms-transition: all 700ms ease;-o-transition: all 700ms ease;transition: all 700ms ease;\"  data-hover_box_shadow=\"none\"     data-bg=\"#eeeeee\" >[vc_row_inner][vc_column_inner width=&#8221;1\/5&#8243;][vc_single_image image=&#8221;2216&#8243; img_size=&#8221;full&#8221; image_hovers=&#8221;false&#8221; css=&#8221;.vc_custom_1642591339449{margin-bottom: 0px !important;padding-bottom: 0px !important;}&#8221;][\/vc_column_inner][vc_column_inner width=&#8221;4\/5&#8243;][vc_column_text css=&#8221;.vc_custom_1642007581803{margin-bottom: 0px !important;padding-bottom: 0px !important;}&#8221;]<\/p>\n<h4>Inmaculada Mart\u00edn Burriel<\/h4>\n<p>Profesora titular del Departamento de Anatom\u00eda, Embriolog\u00eda y Gen\u00e9tica Animal de la Universidad de Zaragoza e investigadora del Instituto de Investigaci\u00f3n Sanitaria de Arag\u00f3n (IIS). Premio Extraordinario de Doctorado y contratada postdoctoral por los programas Marie Curie, Ram\u00f3n y Cajal e I3, con amplia experiencia internacional. Coordina el M\u00e1ster Universitario en \u201cSalud Global: Integraci\u00f3n de la Salud Ambiental, Humana y Animal\u201d de la Universidad de Zaragoza.[\/vc_column_text][\/vc_column_inner][\/vc_row_inner]\t\t<\/div><\/div>[vc_empty_space height=&#8221;30px&#8221;][\/vc_column][vc_column width=&#8221;1\/2&#8243;]<div class=\"ult-content-box-container \" >\t\t<div class=\"ult-content-box\" style=\"background-color:#eeeeee;box-shadow: px px px px none;padding:20px;-webkit-transition: all 700ms ease;-moz-transition: all 700ms ease;-ms-transition: all 700ms ease;-o-transition: all 700ms ease;transition: all 700ms ease;\"  data-hover_box_shadow=\"none\"     data-bg=\"#eeeeee\" >[vc_row_inner][vc_column_inner width=&#8221;1\/5&#8243;][vc_single_image image=&#8221;2217&#8243; img_size=&#8221;full&#8221; image_hovers=&#8221;false&#8221; css=&#8221;.vc_custom_1642591424329{margin-bottom: 0px !important;padding-bottom: 0px !important;}&#8221;][\/vc_column_inner][vc_column_inner width=&#8221;4\/5&#8243;][vc_column_text css=&#8221;.vc_custom_1642007592201{margin-bottom: 0px !important;padding-bottom: 0px !important;}&#8221;]<\/p>\n<h4>Alberto Garrido Colmenero<\/h4>\n<p>Profesor de Econom\u00eda Agraria y de los Recursos Naturales y Vicerrector de Calidad y Eficiencia de la Universidad Polit\u00e9cnica de Madrid. Ha sido profesor visitante de la Universidad de California, Berkeley y trabajado ocasionalmente en multitud de universidades extranjeras, la OECD, el BID, el Banco Mundial, la FAO, y la Comisi\u00f3n Europea. Miembro de los consejos asesores de Rosenberg International Forum on Water Policy IMDEA-Food, y la Fundaci\u00f3n General de la Universidad Polit\u00e9cnica de Madrid. Vicedirector del Observatorio del Agua de la Fundaci\u00f3n Bot\u00edn y fundador del Centro de Estudios e Investigaci\u00f3n para la Gesti\u00f3n de Riesgos Agrarios y Medioambientales (CEIGRAM).[\/vc_column_text][\/vc_column_inner][\/vc_row_inner]\t\t<\/div><\/div>[vc_empty_space height=&#8221;30px&#8221;][\/vc_column][\/vc_row][vc_row type=&#8221;vc_default&#8221; full_width=&#8221;stretch_row&#8221; css=&#8221;.vc_custom_1643630575308{margin-bottom: 0px !important;border-top-width: 1px !important;padding-bottom: 0px !important;border-top-color: #575756 !important;border-top-style: solid !important;}&#8221;][vc_column]<div id=\"ultimate-heading-291969e79300abe06\" class=\"uvc-heading ult-adjust-bottom-margin ultimate-heading-291969e79300abe06 uvc-9892 \" data-hspacer=\"no_spacer\"  data-halign=\"left\" style=\"text-align:left\"><div class=\"uvc-heading-spacer no_spacer\" style=\"top\"><\/div><div class=\"uvc-main-heading ult-responsive\"  data-ultimate-target='.uvc-heading.ultimate-heading-291969e79300abe06 h4'  data-responsive-json-new='{\"font-size\":\"desktop:20px;\",\"line-height\":\"desktop:24px;\"}' ><h4 style=\"font-family:&#039;Karla&#039;;font-weight:normal;font-style:normal;color:#5eb130;\">ACCESOS DIRECTOS<\/h4><\/div><\/div>[\/vc_column][vc_column width=&#8221;1\/4&#8243;]<div class=\"ult-content-box-container \" >\t<a class=\"ult-content-box-anchor\" href=\"https:\/\/portalcientifico.cita-aragon.es\/\" target=\"_blank\" rel=\"noopener\" >\t\t<div class=\"ult-content-box\" style=\"background-image:url(&#039;https:\/\/cita-aragon.es\/wp-content\/uploads\/2021\/11\/cita-img-portal-iM-feat@2x-100-1.jpg&#039;);background-size: cover;background-repeat: repeat;background-position: center center;background-color: rgba(0, 0, 0, 0);box-shadow: px px px px none;padding:10px;min-height:250px;-webkit-transition: all 700ms ease;-moz-transition: all 700ms ease;-ms-transition: all 700ms ease;-o-transition: all 700ms ease;transition: all 700ms ease;\"  data-hover_box_shadow=\"none\"    >[vc_column_text css=&#8221;.vc_custom_1637059701271{margin-top: 5px !important;margin-right: 5px !important;margin-bottom: 5px !important;margin-left: 5px !important;padding-top: 10px !important;padding-right: 10px !important;padding-bottom: 10px !important;padding-left: 10px !important;background-color: #ffffff !important;}&#8221;]<\/p>\n<h4>Portal cient\u00edfico iMarina<\/h4>\n<p>[\/vc_column_text]\t\t<\/div>\t<\/a><\/div>[\/vc_column][vc_column width=&#8221;1\/4&#8243;]<div class=\"ult-content-box-container \" >\t<a class=\"ult-content-box-anchor\" href=\"https:\/\/cita-aragon.es\/ofertas-de-empleo\/\" title=\"Ofertas de empleo\" >\t\t<div class=\"ult-content-box\" style=\"background-image:url(&#039;https:\/\/cita-aragon.es\/wp-content\/uploads\/2021\/11\/cita-img-ofertas-feat@2x-100.jpg&#039;);background-size: cover;background-repeat: repeat;background-position: center center;background-color: rgba(0, 0, 0, 0);box-shadow: px px px px none;padding:10px;min-height:250px;-webkit-transition: all 700ms ease;-moz-transition: all 700ms ease;-ms-transition: all 700ms ease;-o-transition: all 700ms ease;transition: all 700ms ease;\"  data-hover_box_shadow=\"none\"    >[vc_column_text css=&#8221;.vc_custom_1637060178746{margin-top: 5px !important;margin-right: 5px !important;margin-bottom: 5px !important;margin-left: 5px !important;padding-top: 10px !important;padding-right: 10px !important;padding-bottom: 10px !important;padding-left: 10px !important;background-color: #ffffff !important;}&#8221;]<\/p>\n<h4>Ofertas de empleo<\/h4>\n<p>[\/vc_column_text]\t\t<\/div>\t<\/a><\/div>[\/vc_column][vc_column width=&#8221;1\/4&#8243;]<div class=\"ult-content-box-container \" >\t<a class=\"ult-content-box-anchor\" href=\"https:\/\/citarea.cita-aragon.es\/citarea\/\" target=\"_blank\" rel=\"noopener\" >\t\t<div class=\"ult-content-box\" style=\"background-image:url(&#039;https:\/\/cita-aragon.es\/wp-content\/uploads\/2021\/11\/cita-img-biblio-feat@2x-100.jpg&#039;);background-size: cover;background-repeat: repeat;background-position: center center;background-color: rgba(0, 0, 0, 0);box-shadow: px px px px none;padding:10px;min-height:250px;-webkit-transition: all 700ms ease;-moz-transition: all 700ms ease;-ms-transition: all 700ms ease;-o-transition: all 700ms ease;transition: all 700ms ease;\"  data-hover_box_shadow=\"none\"    >[vc_column_text css=&#8221;.vc_custom_1637060250753{margin-top: 5px !important;margin-right: 5px !important;margin-bottom: 5px !important;margin-left: 5px !important;padding-top: 10px !important;padding-right: 10px !important;padding-bottom: 10px !important;padding-left: 10px !important;background-color: #ffffff !important;}&#8221;]<\/p>\n<h4>Biblioteca del CITA<\/h4>\n<p>[\/vc_column_text]\t\t<\/div>\t<\/a><\/div>[\/vc_column][vc_column width=&#8221;1\/4&#8243;]<div class=\"ult-content-box-container \" >\t<a class=\"ult-content-box-anchor\" href=\"https:\/\/cita-aragon.es\/patentes-y-obtenciones\/\" title=\"Patentes y obtenciones\" >\t\t<div class=\"ult-content-box\" style=\"background-image:url(&#039;https:\/\/cita-aragon.es\/wp-content\/uploads\/2021\/11\/cita-img-patentes-feat@2x-100.jpg&#039;);background-size: cover;background-repeat: repeat;background-position: center center;background-color: rgba(0, 0, 0, 0);box-shadow: px px px px none;padding:10px;min-height:250px;-webkit-transition: all 700ms ease;-moz-transition: all 700ms ease;-ms-transition: all 700ms ease;-o-transition: all 700ms ease;transition: all 700ms ease;\"  data-hover_box_shadow=\"none\"    >[vc_column_text css=&#8221;.vc_custom_1637060288500{margin-top: 5px !important;margin-right: 5px !important;margin-bottom: 5px !important;margin-left: 5px !important;padding-top: 10px !important;padding-right: 10px !important;padding-bottom: 10px !important;padding-left: 10px !important;background-color: #ffffff !important;}&#8221;]<\/p>\n<h4>Patentes y obtenciones<\/h4>\n<p>[\/vc_column_text]\t\t<\/div>\t<\/a><\/div>[\/vc_column][\/vc_row]<\/p>\n<\/div>","protected":false},"excerpt":{"rendered":"<p>[vc_row type=&#8221;vc_default&#8221; css=&#8221;.vc_custom_1644431235924{padding-bottom: 50px !important;}&#8221;][vc_column width=&#8221;1\/2&#8243;][vc_empty_space height=&#8221;30px&#8221;][\/vc_column][vc_column width=&#8221;1\/2&#8243;][vc_empty_space height=&#8221;30px&#8221;][\/vc_column][vc_column width=&#8221;1\/2&#8243;][vc_empty_space height=&#8221;30px&#8221;][\/vc_column][vc_column width=&#8221;1\/2&#8243;][vc_empty_space height=&#8221;30px&#8221;][\/vc_column][vc_column width=&#8221;1\/2&#8243;][vc_empty_space height=&#8221;30px&#8221;][\/vc_column][vc_column width=&#8221;1\/2&#8243;][vc_empty_space height=&#8221;30px&#8221;][\/vc_column][vc_column width=&#8221;1\/2&#8243;][vc_empty_space height=&#8221;30px&#8221;][\/vc_column][vc_column width=&#8221;1\/2&#8243;][vc_empty_space height=&#8221;30px&#8221;][\/vc_column][\/vc_row][vc_row type=&#8221;vc_default&#8221; full_width=&#8221;stretch_row&#8221; css=&#8221;.vc_custom_1643630575308{margin-bottom: 0px !important;border-top-width: 1px !important;padding-bottom: 0px !important;border-top-color: #575756 !important;border-top-style: solid !important;}&#8221;][vc_column][\/vc_column][vc_column width=&#8221;1\/4&#8243;][\/vc_column][vc_column width=&#8221;1\/4&#8243;][\/vc_column][vc_column width=&#8221;1\/4&#8243;][\/vc_column][vc_column width=&#8221;1\/4&#8243;][\/vc_column][\/vc_row]<\/p>\n","protected":false},"author":1,"featured_media":0,"parent":0,"menu_order":0,"comment_status":"closed","ping_status":"closed","template":"","meta":{"footnotes":""},"class_list":["post-2176","page","type-page","status-publish","hentry","description-off"],"_links":{"self":[{"href":"https:\/\/cita-aragon.es\/en\/wp-json\/wp\/v2\/pages\/2176"}],"collection":[{"href":"https:\/\/cita-aragon.es\/en\/wp-json\/wp\/v2\/pages"}],"about":[{"href":"https:\/\/cita-aragon.es\/en\/wp-json\/wp\/v2\/types\/page"}],"author":[{"embeddable":true,"href":"https:\/\/cita-aragon.es\/en\/wp-json\/wp\/v2\/users\/1"}],"replies":[{"embeddable":true,"href":"https:\/\/cita-aragon.es\/en\/wp-json\/wp\/v2\/comments?post=2176"}],"version-history":[{"count":8,"href":"https:\/\/cita-aragon.es\/en\/wp-json\/wp\/v2\/pages\/2176\/revisions"}],"predecessor-version":[{"id":1002262,"href":"https:\/\/cita-aragon.es\/en\/wp-json\/wp\/v2\/pages\/2176\/revisions\/1002262"}],"wp:attachment":[{"href":"https:\/\/cita-aragon.es\/en\/wp-json\/wp\/v2\/media?parent=2176"}],"curies":[{"name":"wp","href":"https:\/\/api.w.org\/{rel}","templated":true}]}}