{"id":2170,"date":"2022-01-05T12:19:23","date_gmt":"2022-01-05T11:19:23","guid":{"rendered":"http:\/\/cita-aragon.es\/?page_id=2170"},"modified":"2024-10-23T13:56:11","modified_gmt":"2024-10-23T11:56:11","slug":"transparencia","status":"publish","type":"page","link":"https:\/\/cita-aragon.es\/en\/transparencia\/","title":{"rendered":"Transparencia"},"content":{"rendered":"<div class=\"wpb-content-wrapper\"><p>[vc_row][vc_column][vc_custom_heading text=&#8221;Informaci\u00f3n institucional&#8221; font_container=&#8221;tag:h3|text_align:left&#8221; use_theme_fonts=&#8221;yes&#8221;][vc_separator color=&#8221;black&#8221; align=&#8221;align_left&#8221;]<style type=\"text\/css\" data-type=\"the7_shortcodes-inline-css\">#default-btn-6c977fda7a8b6377cf888cecbfb882c9 {\n  font-size: 17px;\n  line-height: 19px;\n  font-weight: bold;\n  padding: 4px 0px 4px 0px;\n}\n#default-btn-6c977fda7a8b6377cf888cecbfb882c9.ico-right-side > i {\n  margin-right: 0px;\n  margin-left: 17px;\n}\n#default-btn-6c977fda7a8b6377cf888cecbfb882c9:after {\n  height: 2px;\n}\n#default-btn-6c977fda7a8b6377cf888cecbfb882c9 > i {\n  margin-right: 17px;\n  font-size: 17px;\n}\n#default-btn-6c977fda7a8b6377cf888cecbfb882c9.ico-right-side > i {\n  margin-right: 0px;\n  margin-left: 17px;\n}\n#default-btn-6c977fda7a8b6377cf888cecbfb882c9 > i {\n  margin-right: 17px;\n}\n<\/style><div class=\"btn-align-left\"><a href=\"https:\/\/cita-aragon.es\/wp-content\/uploads\/Ley-creacion-del-CITA-2.pdf\" class=\"default-btn-shortcode dt-btn-link link-hover-off upwards-line \" id=\"default-btn-6c977fda7a8b6377cf888cecbfb882c9\"><i class=\"fas fa-file-alt\"><\/i><span>Ley de creaci\u00f3n del CITA<\/span><\/a><\/div><style type=\"text\/css\" data-type=\"the7_shortcodes-inline-css\">#default-btn-c87d932d0e58d70453a3a8e9c4bbe9a5 {\n  font-size: 17px;\n  line-height: 19px;\n  font-weight: bold;\n  padding: 4px 0px 4px 0px;\n}\n#default-btn-c87d932d0e58d70453a3a8e9c4bbe9a5.ico-right-side > i {\n  margin-right: 0px;\n  margin-left: 17px;\n}\n#default-btn-c87d932d0e58d70453a3a8e9c4bbe9a5:after {\n  height: 2px;\n}\n#default-btn-c87d932d0e58d70453a3a8e9c4bbe9a5 > i {\n  margin-right: 17px;\n  font-size: 17px;\n}\n#default-btn-c87d932d0e58d70453a3a8e9c4bbe9a5.ico-right-side > i {\n  margin-right: 0px;\n  margin-left: 17px;\n}\n#default-btn-c87d932d0e58d70453a3a8e9c4bbe9a5 > i {\n  margin-right: 17px;\n}\n<\/style><div class=\"btn-align-left\"><a href=\"https:\/\/cita-aragon.es\/wp-content\/uploads\/Estatutos.pdf\" class=\"default-btn-shortcode dt-btn-link link-hover-off upwards-line \" id=\"default-btn-c87d932d0e58d70453a3a8e9c4bbe9a5\"><i class=\"fas fa-file-alt\"><\/i><span>Estatutos<\/span><\/a><\/div><style type=\"text\/css\" data-type=\"the7_shortcodes-inline-css\">#default-btn-ce280f7838ad7aac8cc91c7ab3fda5f6 {\n  font-size: 17px;\n  line-height: 19px;\n  font-weight: bold;\n  padding: 4px 0px 4px 0px;\n}\n#default-btn-ce280f7838ad7aac8cc91c7ab3fda5f6.ico-right-side > i {\n  margin-right: 0px;\n  margin-left: 17px;\n}\n#default-btn-ce280f7838ad7aac8cc91c7ab3fda5f6:after {\n  height: 2px;\n}\n#default-btn-ce280f7838ad7aac8cc91c7ab3fda5f6 > i {\n  margin-right: 17px;\n  font-size: 17px;\n}\n#default-btn-ce280f7838ad7aac8cc91c7ab3fda5f6.ico-right-side > i {\n  margin-right: 0px;\n  margin-left: 17px;\n}\n#default-btn-ce280f7838ad7aac8cc91c7ab3fda5f6 > i {\n  margin-right: 17px;\n}\n<\/style><div class=\"btn-align-left\"><a href=\"https:\/\/cita-aragon.es\/wp-content\/uploads\/Modicacion-Estatutos-CITA-1.pdf\" class=\"default-btn-shortcode dt-btn-link link-hover-off upwards-line \" id=\"default-btn-ce280f7838ad7aac8cc91c7ab3fda5f6\"><i class=\"fas fa-file-alt\"><\/i><span>Modificaci\u00f3n de los Estatutos del CITA<\/span><\/a><\/div><style type=\"text\/css\" data-type=\"the7_shortcodes-inline-css\">#default-btn-7f3cb3b3d1aa266dee1204ef078fed3b {\n  font-size: 17px;\n  line-height: 19px;\n  font-weight: bold;\n  padding: 4px 0px 4px 0px;\n}\n#default-btn-7f3cb3b3d1aa266dee1204ef078fed3b.ico-right-side > i {\n  margin-right: 0px;\n  margin-left: 17px;\n}\n#default-btn-7f3cb3b3d1aa266dee1204ef078fed3b:after {\n  height: 2px;\n}\n#default-btn-7f3cb3b3d1aa266dee1204ef078fed3b > i {\n  margin-right: 17px;\n  font-size: 17px;\n}\n#default-btn-7f3cb3b3d1aa266dee1204ef078fed3b.ico-right-side > i {\n  margin-right: 0px;\n  margin-left: 17px;\n}\n#default-btn-7f3cb3b3d1aa266dee1204ef078fed3b > i {\n  margin-right: 17px;\n}\n<\/style><div class=\"btn-align-left\"><a href=\"https:\/\/cita-aragon.es\/wp-content\/uploads\/I-PLAN-DE-IGUALDAD-ENTRE-HOMBRES-Y-MUJERES.pdf\" class=\"default-btn-shortcode dt-btn-link link-hover-off upwards-line \" id=\"default-btn-7f3cb3b3d1aa266dee1204ef078fed3b\"><i class=\"fas fa-file-alt\"><\/i><span>Plan de Igualdad del Gobierno de Arag\u00f3n<\/span><\/a><\/div><style type=\"text\/css\" data-type=\"the7_shortcodes-inline-css\">#default-btn-2d675215e449d5e3a57693985ff4df05 {\n  font-size: 17px;\n  line-height: 19px;\n  font-weight: bold;\n  padding: 4px 0px 4px 0px;\n}\n#default-btn-2d675215e449d5e3a57693985ff4df05.ico-right-side > i {\n  margin-right: 0px;\n  margin-left: 17px;\n}\n#default-btn-2d675215e449d5e3a57693985ff4df05:after {\n  height: 2px;\n}\n#default-btn-2d675215e449d5e3a57693985ff4df05 > i {\n  margin-right: 17px;\n  font-size: 17px;\n}\n#default-btn-2d675215e449d5e3a57693985ff4df05.ico-right-side > i {\n  margin-right: 0px;\n  margin-left: 17px;\n}\n#default-btn-2d675215e449d5e3a57693985ff4df05 > i {\n  margin-right: 17px;\n}\n<\/style><div class=\"btn-align-left\"><a href=\"https:\/\/cita-aragon.es\/wp-content\/uploads\/Politica_Calidad_CITA.pdf\" class=\"default-btn-shortcode dt-btn-link link-hover-off upwards-line \" id=\"default-btn-2d675215e449d5e3a57693985ff4df05\"><i class=\"fas fa-file-alt\"><\/i><span>Pol\u00edtica de Calidad<\/span><\/a><\/div><style type=\"text\/css\" data-type=\"the7_shortcodes-inline-css\">#default-btn-cdb0f656d11f52944f9201668583c5d4 {\n  font-size: 17px;\n  line-height: 19px;\n  font-weight: bold;\n  padding: 4px 0px 4px 0px;\n}\n#default-btn-cdb0f656d11f52944f9201668583c5d4.ico-right-side > i {\n  margin-right: 0px;\n  margin-left: 17px;\n}\n#default-btn-cdb0f656d11f52944f9201668583c5d4:after {\n  height: 2px;\n}\n#default-btn-cdb0f656d11f52944f9201668583c5d4 > i {\n  margin-right: 17px;\n  font-size: 17px;\n}\n#default-btn-cdb0f656d11f52944f9201668583c5d4.ico-right-side > i {\n  margin-right: 0px;\n  margin-left: 17px;\n}\n#default-btn-cdb0f656d11f52944f9201668583c5d4 > i {\n  margin-right: 17px;\n}\n<\/style><div class=\"btn-align-left\"><a href=\"https:\/\/cita-aragon.es\/wp-content\/uploads\/Declaracion-COSCE.pdf\" class=\"default-btn-shortcode dt-btn-link link-hover-off upwards-line \" id=\"default-btn-cdb0f656d11f52944f9201668583c5d4\"><i class=\"fas fa-file-alt\"><\/i><span>Declaraci\u00f3n institucional sobre el uso de animales en experimentaci\u00f3n cient\u00edfica y docencia<\/span><\/a><\/div>[vc_separator color=&#8221;white&#8221;][vc_custom_heading text=&#8221;\u00d3rganos de representaci\u00f3n de personal&#8221; font_container=&#8221;tag:h3|text_align:left&#8221; use_theme_fonts=&#8221;yes&#8221;][vc_separator color=&#8221;black&#8221;][vc_custom_heading text=&#8221;Pol\u00edtica Antifraude&#8221; font_container=&#8221;tag:h3|text_align:left&#8221; use_theme_fonts=&#8221;yes&#8221;]<style type=\"text\/css\" data-type=\"the7_shortcodes-inline-css\">#default-btn-b735e14647c5eb470c567923eafe43a6 {\n  font-size: 17px;\n  line-height: 19px;\n  font-weight: bold;\n  padding: 4px 0px 4px 0px;\n}\n#default-btn-b735e14647c5eb470c567923eafe43a6.ico-right-side > i {\n  margin-right: 0px;\n  margin-left: 17px;\n}\n#default-btn-b735e14647c5eb470c567923eafe43a6:after {\n  height: 2px;\n}\n#default-btn-b735e14647c5eb470c567923eafe43a6 > i {\n  margin-right: 17px;\n  font-size: 17px;\n}\n#default-btn-b735e14647c5eb470c567923eafe43a6.ico-right-side > i {\n  margin-right: 0px;\n  margin-left: 17px;\n}\n#default-btn-b735e14647c5eb470c567923eafe43a6 > i {\n  margin-right: 17px;\n}\n<\/style><div class=\"btn-align-left\"><a href=\"https:\/\/cita-aragon.es\/wp-content\/uploads\/Resolucion-Plan-antifraude-CITA_firma.pdf\" class=\"default-btn-shortcode dt-btn-link link-hover-off upwards-line \" id=\"default-btn-b735e14647c5eb470c567923eafe43a6\"><i class=\"fas fa-file-alt\"><\/i><span>Plan de medidas antifraude<\/span><\/a><\/div>[vc_separator color=&#8221;black&#8221;][vc_separator color=&#8221;white&#8221;][vc_custom_heading text=&#8221;Portal de Transparencia&#8221; font_container=&#8221;tag:h3|text_align:left&#8221; use_theme_fonts=&#8221;yes&#8221;][vc_column_text]<\/p>\n<div>Tienes acceso a la informaci\u00f3n dirigi\u00e9ndote a nosotros o desde la <a href=\"https:\/\/transparencia.aragon.es\/\" target=\"_blank\" rel=\"noopener\" data-saferedirecturl=\"https:\/\/www.google.com\/url?q=https:\/\/transparencia.aragon.es\/&amp;source=gmail&amp;ust=1654879977885000&amp;usg=AOvVaw3HHYwaY4kZUZtnJ6I8LBG-\">web de transparencia del Gobierno de Arag\u00f3n\u00a0https:\/\/transparencia.<wbr \/>aragon.es\/<\/a><\/div>\n<p>[\/vc_column_text][\/vc_column][\/vc_row][vc_row type=&#8221;vc_default&#8221; full_width=&#8221;stretch_row&#8221; css=&#8221;.vc_custom_1643630575308{margin-bottom: 0px !important;border-top-width: 1px !important;padding-bottom: 0px !important;border-top-color: #575756 !important;border-top-style: solid !important;}&#8221;][vc_column]<div id=\"ultimate-heading-172269d8963caa5fb\" class=\"uvc-heading ult-adjust-bottom-margin ultimate-heading-172269d8963caa5fb uvc-9705 \" data-hspacer=\"no_spacer\"  data-halign=\"left\" style=\"text-align:left\"><div class=\"uvc-heading-spacer no_spacer\" style=\"top\"><\/div><div class=\"uvc-main-heading ult-responsive\"  data-ultimate-target='.uvc-heading.ultimate-heading-172269d8963caa5fb h4'  data-responsive-json-new='{\"font-size\":\"desktop:20px;\",\"line-height\":\"desktop:24px;\"}' ><h4 style=\"font-family:&#039;Karla&#039;;font-weight:normal;font-style:normal;color:#5eb130;\">ACCESOS DIRECTOS<\/h4><\/div><\/div>[\/vc_column][vc_column width=&#8221;1\/4&#8243;]<div class=\"ult-content-box-container \" >\t<a class=\"ult-content-box-anchor\" href=\"https:\/\/portalcientifico.cita-aragon.es\/\" target=\"_blank\" rel=\"noopener\" >\t\t<div class=\"ult-content-box\" style=\"background-image:url(&#039;https:\/\/cita-aragon.es\/wp-content\/uploads\/2021\/11\/cita-img-portal-iM-feat@2x-100-1.jpg&#039;);background-size: cover;background-repeat: repeat;background-position: center center;background-color: rgba(0, 0, 0, 0);box-shadow: px px px px none;padding:10px;min-height:250px;-webkit-transition: all 700ms ease;-moz-transition: all 700ms ease;-ms-transition: all 700ms ease;-o-transition: all 700ms ease;transition: all 700ms ease;\"  data-hover_box_shadow=\"none\"    >[vc_column_text css=&#8221;.vc_custom_1637059701271{margin-top: 5px !important;margin-right: 5px !important;margin-bottom: 5px !important;margin-left: 5px !important;padding-top: 10px !important;padding-right: 10px !important;padding-bottom: 10px !important;padding-left: 10px !important;background-color: #ffffff !important;}&#8221;]<\/p>\n<h4>Portal cient\u00edfico iMarina<\/h4>\n<p>[\/vc_column_text]\t\t<\/div>\t<\/a><\/div>[\/vc_column][vc_column width=&#8221;1\/4&#8243;]<div class=\"ult-content-box-container \" >\t<a class=\"ult-content-box-anchor\" href=\"https:\/\/cita-aragon.es\/ofertas-de-empleo\/\" title=\"Ofertas de empleo\" >\t\t<div class=\"ult-content-box\" style=\"background-image:url(&#039;https:\/\/cita-aragon.es\/wp-content\/uploads\/2021\/11\/cita-img-ofertas-feat@2x-100.jpg&#039;);background-size: cover;background-repeat: repeat;background-position: center center;background-color: rgba(0, 0, 0, 0);box-shadow: px px px px none;padding:10px;min-height:250px;-webkit-transition: all 700ms ease;-moz-transition: all 700ms ease;-ms-transition: all 700ms ease;-o-transition: all 700ms ease;transition: all 700ms ease;\"  data-hover_box_shadow=\"none\"    >[vc_column_text css=&#8221;.vc_custom_1637060178746{margin-top: 5px !important;margin-right: 5px !important;margin-bottom: 5px !important;margin-left: 5px !important;padding-top: 10px !important;padding-right: 10px !important;padding-bottom: 10px !important;padding-left: 10px !important;background-color: #ffffff !important;}&#8221;]<\/p>\n<h4>Ofertas de empleo<\/h4>\n<p>[\/vc_column_text]\t\t<\/div>\t<\/a><\/div>[\/vc_column][vc_column width=&#8221;1\/4&#8243;]<div class=\"ult-content-box-container \" >\t<a class=\"ult-content-box-anchor\" href=\"https:\/\/citarea.cita-aragon.es\/citarea\/\" target=\"_blank\" rel=\"noopener\" >\t\t<div class=\"ult-content-box\" style=\"background-image:url(&#039;https:\/\/cita-aragon.es\/wp-content\/uploads\/2021\/11\/cita-img-biblio-feat@2x-100.jpg&#039;);background-size: cover;background-repeat: repeat;background-position: center center;background-color: rgba(0, 0, 0, 0);box-shadow: px px px px none;padding:10px;min-height:250px;-webkit-transition: all 700ms ease;-moz-transition: all 700ms ease;-ms-transition: all 700ms ease;-o-transition: all 700ms ease;transition: all 700ms ease;\"  data-hover_box_shadow=\"none\"    >[vc_column_text css=&#8221;.vc_custom_1637060250753{margin-top: 5px !important;margin-right: 5px !important;margin-bottom: 5px !important;margin-left: 5px !important;padding-top: 10px !important;padding-right: 10px !important;padding-bottom: 10px !important;padding-left: 10px !important;background-color: #ffffff !important;}&#8221;]<\/p>\n<h4>Biblioteca del CITA<\/h4>\n<p>[\/vc_column_text]\t\t<\/div>\t<\/a><\/div>[\/vc_column][vc_column width=&#8221;1\/4&#8243;]<div class=\"ult-content-box-container \" >\t<a class=\"ult-content-box-anchor\" href=\"https:\/\/cita-aragon.es\/patentes-y-obtenciones\/\" title=\"Patentes y obtenciones\" >\t\t<div class=\"ult-content-box\" style=\"background-image:url(&#039;https:\/\/cita-aragon.es\/wp-content\/uploads\/2021\/11\/cita-img-patentes-feat@2x-100.jpg&#039;);background-size: cover;background-repeat: repeat;background-position: center center;background-color: rgba(0, 0, 0, 0);box-shadow: px px px px none;padding:10px;min-height:250px;-webkit-transition: all 700ms ease;-moz-transition: all 700ms ease;-ms-transition: all 700ms ease;-o-transition: all 700ms ease;transition: all 700ms ease;\"  data-hover_box_shadow=\"none\"    >[vc_column_text css=&#8221;.vc_custom_1637060288500{margin-top: 5px !important;margin-right: 5px !important;margin-bottom: 5px !important;margin-left: 5px !important;padding-top: 10px !important;padding-right: 10px !important;padding-bottom: 10px !important;padding-left: 10px !important;background-color: #ffffff !important;}&#8221;]<\/p>\n<h4>Patentes y obtenciones<\/h4>\n<p>[\/vc_column_text]\t\t<\/div>\t<\/a><\/div>[\/vc_column][\/vc_row][vc_row][vc_column][\/vc_column][\/vc_row][vc_row][vc_column][\/vc_column][\/vc_row][vc_row][vc_column][\/vc_column][\/vc_row][vc_row][vc_column][vc_separator][\/vc_column][\/vc_row][vc_row][vc_column][\/vc_column][\/vc_row]<\/p>\n<\/div>","protected":false},"excerpt":{"rendered":"<p>[vc_row][vc_column][vc_custom_heading text=&#8221;Informaci\u00f3n institucional&#8221; font_container=&#8221;tag:h3|text_align:left&#8221; use_theme_fonts=&#8221;yes&#8221;][vc_separator color=&#8221;black&#8221; align=&#8221;align_left&#8221;][vc_separator color=&#8221;white&#8221;][vc_custom_heading text=&#8221;\u00d3rganos de representaci\u00f3n de personal&#8221; font_container=&#8221;tag:h3|text_align:left&#8221; use_theme_fonts=&#8221;yes&#8221;][vc_separator color=&#8221;black&#8221;][vc_custom_heading text=&#8221;Pol\u00edtica Antifraude&#8221; font_container=&#8221;tag:h3|text_align:left&#8221; use_theme_fonts=&#8221;yes&#8221;][vc_separator color=&#8221;black&#8221;][vc_separator color=&#8221;white&#8221;][vc_custom_heading text=&#8221;Portal de Transparencia&#8221; font_container=&#8221;tag:h3|text_align:left&#8221; use_theme_fonts=&#8221;yes&#8221;][vc_column_text] Tienes acceso a la informaci\u00f3n dirigi\u00e9ndote a nosotros o desde la web de transparencia del Gobierno de Arag\u00f3n\u00a0https:\/\/transparencia.aragon.es\/ [\/vc_column_text][\/vc_column][\/vc_row][vc_row type=&#8221;vc_default&#8221; full_width=&#8221;stretch_row&#8221; css=&#8221;.vc_custom_1643630575308{margin-bottom: 0px !important;border-top-width: 1px !important;padding-bottom: 0px !important;border-top-color:&hellip;<\/p>\n","protected":false},"author":1,"featured_media":0,"parent":0,"menu_order":0,"comment_status":"closed","ping_status":"closed","template":"","meta":{"footnotes":""},"class_list":["post-2170","page","type-page","status-publish","hentry","description-off"],"_links":{"self":[{"href":"https:\/\/cita-aragon.es\/en\/wp-json\/wp\/v2\/pages\/2170"}],"collection":[{"href":"https:\/\/cita-aragon.es\/en\/wp-json\/wp\/v2\/pages"}],"about":[{"href":"https:\/\/cita-aragon.es\/en\/wp-json\/wp\/v2\/types\/page"}],"author":[{"embeddable":true,"href":"https:\/\/cita-aragon.es\/en\/wp-json\/wp\/v2\/users\/1"}],"replies":[{"embeddable":true,"href":"https:\/\/cita-aragon.es\/en\/wp-json\/wp\/v2\/comments?post=2170"}],"version-history":[{"count":34,"href":"https:\/\/cita-aragon.es\/en\/wp-json\/wp\/v2\/pages\/2170\/revisions"}],"predecessor-version":[{"id":635557,"href":"https:\/\/cita-aragon.es\/en\/wp-json\/wp\/v2\/pages\/2170\/revisions\/635557"}],"wp:attachment":[{"href":"https:\/\/cita-aragon.es\/en\/wp-json\/wp\/v2\/media?parent=2170"}],"curies":[{"name":"wp","href":"https:\/\/api.w.org\/{rel}","templated":true}]}}