{"id":166780,"date":"2022-05-31T10:06:45","date_gmt":"2022-05-31T08:06:45","guid":{"rendered":"http:\/\/cita-aragon.es\/?page_id=166780"},"modified":"2025-11-27T09:26:52","modified_gmt":"2025-11-27T08:26:52","slug":"biblioteca","status":"publish","type":"page","link":"https:\/\/cita-aragon.es\/en\/biblioteca\/","title":{"rendered":"Biblioteca"},"content":{"rendered":"<div class=\"wpb-content-wrapper\"><p>[vc_row type=&#8221;vc_default&#8221; gap=&#8221;30&#8243;][vc_column width=&#8221;1\/3&#8243;][vc_column_text css=&#8221;&#8221;]La biblioteca del CITA se crea en 1964, con fondos destinados a cursos de horticultura y zootecnia. La Biblioteca forma parte desde el inicio del Grupo de Trabajo de Documentaci\u00f3n Cient\u00edfica que conform\u00f3 la red RIDA, red compuesta por las bibliotecas de los centros de Investigaci\u00f3n de la red INIA-CCAA, y tambi\u00e9n de RECIDA, red de centros espa\u00f1oles de documentaci\u00f3n ambiental o de espacios naturales protegidos.[\/vc_column_text][vc_single_image image=&#8221;168046&#8243; img_size=&#8221;300&#215;300&#8243;][\/vc_column][vc_column width=&#8221;2\/3&#8243;]<div id=\"advanced-tabs-desc-wrap-6986\" class=\"ult_tabs \" style=\" \" data-tabsstyle=\"style2\"\n data-titlebg=\"#ffffff\" data-titlecolor=\"#000000\" data-fullheight=\"off\"\n data-titlehoverbg=\"#5db130\" data-titlehovercolor=\"#ffffff\"\n data-rotatetabs=\"0\" data-responsivemode=\"Both\" data-animation=\"Slide\"\ndata-activetitle=\"#ffffff\" data-activeicon=\"\" data-activebg=\"#5db130\"  data-respmode=\"Tabs\" data-respwidth=\"400\" data-scroll = \"on\" data-activeindex=\"1\"><ul id=advanced-tabs-wrap-8629 class=\"ult_tabmenu style2 \" style=\"color:transparent;border-bottom-color:transparent;border-bottom-width:0px;border-bottom-style:solid;border-bottom-width:0px;\"><li class=\"ult_tab_li   \" data-iconcolor=\"#74777b\" data-iconhover=\"#ffffff\" style=\"\">\n\t\t\t\t\t<a href=\"#1653983108954-2-7\" id=\"1653983108954-2-7\" style=\"color:#000000;background-color:#ffffff;border-top-left-radius:8px;;  \" class=\"ult_a \">\n\t\t\t\t\t   <span class=\"ult_tab_main  Both \">\n\t\t\t\t\t    <span class=\"ult_tab_section\">\n\t\t\t\t\t  \t\t<span  data-ultimate-target='#advanced-tabs-wrap-8629 .ult-span-text'  data-responsive-json-new='{\"font-size\":\"desktop:20px;\",\"line-height\":\"\"}'  class=\"ult-span-text ult-responsive\" style=\"font-family:Glegoo;font-weight:600;\">Servicios<\/span>\n\t\t\t\t\t\t   \t<span class=\"aio-icon none ult_tab_iconright\" style=\"color:#74777b;font-size:15px;\">\n\t\t\t\t\t\t   \t<i class=\" fas fa-hands-helping ult_tab_icon\"  ><\/i>\n\t\t\t\t\t\t   <\/span>\n\t\t\t\t\t\t<\/span>\n\t\t\t\t\t   <\/span>\n\n\t\t\t\t\t<\/a>\n\t\t\t\t\t<\/li><li class=\"ult_tab_li   \" data-iconcolor=\"#74777b\" data-iconhover=\"#ffffff\" style=\"\">\n\t\t\t\t\t<a href=\"#1642677161327-80669-0a40\" id=\"1642677161327-80669-0a40\" style=\"color:#000000;background-color:#ffffff;;  \" class=\"ult_a \">\n\t\t\t\t\t   <span class=\"ult_tab_main  Both \">\n\t\t\t\t\t    <span class=\"ult_tab_section\">\n\t\t\t\t\t  \t\t<span  data-ultimate-target='#advanced-tabs-wrap-8629 .ult-span-text'  data-responsive-json-new='{\"font-size\":\"desktop:20px;\",\"line-height\":\"\"}'  class=\"ult-span-text ult-responsive\" style=\"font-family:Glegoo;font-weight:600;\">Cat\u00e1logo<\/span>\n\t\t\t\t\t\t   \t<span class=\"aio-icon none ult_tab_iconright\" style=\"color:#74777b;font-size:15px;\">\n\t\t\t\t\t\t   \t<i class=\" icomoon-icomoonfree-16x16-books ult_tab_icon\"  ><\/i>\n\t\t\t\t\t\t   <\/span>\n\t\t\t\t\t\t<\/span>\n\t\t\t\t\t   <\/span>\n\n\t\t\t\t\t<\/a>\n\t\t\t\t\t<\/li><li class=\"ult_tab_li   \" data-iconcolor=\"#74777b\" data-iconhover=\"#ffffff\" style=\"\">\n\t\t\t\t\t<a href=\"#1653913836483-2-8\" id=\"1653913836483-2-8\" style=\"color:#000000;background-color:#ffffff;border-top-right-radius:8px;;  \" class=\"ult_a \">\n\t\t\t\t\t   <span class=\"ult_tab_main  Both \">\n\t\t\t\t\t    <span class=\"ult_tab_section\">\n\t\t\t\t\t  \t\t<span  data-ultimate-target='#advanced-tabs-wrap-8629 .ult-span-text'  data-responsive-json-new='{\"font-size\":\"desktop:20px;\",\"line-height\":\"\"}'  class=\"ult-span-text ult-responsive\" style=\"font-family:Glegoo;font-weight:600;\">Repositorio<\/span>\n\t\t\t\t\t\t   \t<span class=\"aio-icon none ult_tab_iconright\" style=\"color:#74777b;font-size:15px;\">\n\t\t\t\t\t\t   \t<i class=\" icomoon-the7-font-website ult_tab_icon\"  ><\/i>\n\t\t\t\t\t\t   <\/span>\n\t\t\t\t\t\t<\/span>\n\t\t\t\t\t   <\/span>\n\n\t\t\t\t\t<\/a>\n\t\t\t\t\t<\/li><\/ul><div  data-ultimate-target='#advanced-tabs-desc-wrap-6986 .ult_tabcontent .ult_tab_min_contain  p'  data-responsive-json-new='{\"font-size\":\"\",\"line-height\":\"\"}' class=\"ult_tabcontent ult-responsive style2\" style=\"background-color:#fafafa;border-style:solid; border-width:1px;border-radius:3px; border-color:#666666;color:#74777b;\"><div class=\"ult_tab_min_contain \" >\n\t\t\t<div  class=\"ult_tabitemname\"  >\n\t\t\t\t[vc_column_text css=&#8221;&#8221;]<strong>Relacionados con gesti\u00f3n de documentaci\u00f3n\u00a0<\/strong><\/p>\n<ul>\n<li>Prestamos de documentos (inclu\u00eddo prestamo interbibliotecario)<\/li>\n<li>Obtenci\u00f3n de\u00a0 documentos (art\u00edculos, etc.)<\/li>\n<li>Creaci\u00f3n de boletines de sumarios, de art\u00edculos recibidos&#8230;<\/li>\n<li>Gesti\u00f3n del cat\u00e1logo bibliogr\u00e1fico<\/li>\n<\/ul>\n<p><strong>Apoyo a la actividad investigadora<\/strong><\/p>\n<ul>\n<li>Difusi\u00f3n de la producci\u00f3n cient\u00edfica<\/li>\n<li>Evaluaci\u00f3n de la actividad investigadora para acreditaciones<\/li>\n<li>Formaci\u00f3n en bases de datos<\/li>\n<li>Gesti\u00f3n del repositorio institucional y del portal cient\u00edfico del centro<\/li>\n<\/ul>\n<p>[\/vc_column_text]\n\t\t\t<\/div>\n\t\t\t<div  class=\"ult_tabitemname\"  >\n\t\t\t\t[vc_column_text css=&#8221;&#8221;]El cat\u00e1logo de la biblioteca del CITA ofrece <b data-olk-copy-source=\"MessageBody\">11.318<\/b>.registros bibliogr\u00e1ficos que pueden ser consultados por internet y est\u00e1 basado en Koha, sistema integrado de gesti\u00f3n bibliotecaria que permite administrar los servicios y procesos que se realizan en una biblioteca: pr\u00e9stamos, consulta, catalogaci\u00f3n, entre otros, adem\u00e1s cuenta con un cat\u00e1logo web.<\/p>\n<p><a href=\"https:\/\/biblioteca.cita-aragon.es\/\"><img loading=\"lazy\" decoding=\"async\" class=\"size-medium wp-image-168053 aligncenter\" src=\"https:\/\/cita-aragon.es\/wp-content\/uploads\/catalogo-400x234.jpg\" alt=\"\" width=\"400\" height=\"234\" srcset=\"https:\/\/cita-aragon.es\/wp-content\/uploads\/catalogo-400x234.jpg 400w, https:\/\/cita-aragon.es\/wp-content\/uploads\/catalogo-1024x598.jpg 1024w, https:\/\/cita-aragon.es\/wp-content\/uploads\/catalogo-768x449.jpg 768w, https:\/\/cita-aragon.es\/wp-content\/uploads\/catalogo.jpg 1164w\" sizes=\"(max-width: 400px) 100vw, 400px\" \/><\/a>[\/vc_column_text]\n\t\t\t<\/div>\n\t\t\t<div  class=\"ult_tabitemname\"  >\n\t\t\t\t[vc_column_text css=&#8221;&#8221;]<\/p>\n<h4>citarea: Repositorio institucional del CITA<\/h4>\n<p>El CITA adem\u00e1s dispone entre sus herramientas de gesti\u00f3n documental con un repositorio institucional (citaREA), creado en 2009, que cuenta en la actualidad con cerca de <span data-olk-copy-source=\"MessageBody\">6.975 documentos<\/span> documentos, a texto completo.<\/p>\n<p><a href=\"https:\/\/citarea.cita-aragon.es\/\"><img loading=\"lazy\" decoding=\"async\" class=\"aligncenter wp-image-168049 size-medium\" src=\"https:\/\/cita-aragon.es\/wp-content\/uploads\/citarea-400x287.jpg\" alt=\"\" width=\"400\" height=\"287\" srcset=\"https:\/\/cita-aragon.es\/wp-content\/uploads\/citarea-400x287.jpg 400w, https:\/\/cita-aragon.es\/wp-content\/uploads\/citarea-1024x735.jpg 1024w, https:\/\/cita-aragon.es\/wp-content\/uploads\/citarea-768x551.jpg 768w, https:\/\/cita-aragon.es\/wp-content\/uploads\/citarea.jpg 1058w\" sizes=\"(max-width: 400px) 100vw, 400px\" \/><\/a>[\/vc_column_text]\n\t\t\t<\/div><\/div><\/div><\/div><div class=\"ult_acord advanced-tabs-desc-wrap-6986\">\n   <div class=\"ult-tabto-accordion \" style=\"width:;\"\n    data-titlecolor=\"#000000\"  data-titlebg=\"#ffffff\"\n     data-titlehoverbg=\"#5db130\" data-titlehovercolor=\"#ffffff\" data-animation=\"Slide\"\n     data-activetitle=\"#ffffff\" data-activeicon=\"\" data-activebg=\"#5db130\" data-scroll = \"on\" data-activeindex=\"1\" >\n     <dl><dt class=\"\">\n        \t<a class=\"ult-tabto-actitle withBorder ult_a\" id=\"1653983108954-2-7\" style=\"color:#000000;;background-color:#ffffff;border-bottom-color:transparent;border-bottom-width:0px;border-bottom-style:solid;\" href=\"#1653983108954-2-7\">\n        \t\t<i class=\"accordion-icon\"><\/i>\n        \t\t\t<span class=\"ult_tab_main ult_ac_mainBoth\">\n\t\t\t\t\t   <span  data-ultimate-target='#advanced-tabs-wrap-8629 .ult-span-text'  data-responsive-json-new='{\"font-size\":\"desktop:20px;\",\"line-height\":\"\"}'  class=\"ult-span-text ult_acordian-text ult-responsive\" style=\"font-family:Glegoo;font-weight:600;;color:inherit \" >Servicios<\/span>\n\t\t\t\t\t<\/span>\n\t\t\t\t\t   <div class=\"aio-icon none \" style=\"color:#74777b;font-size:15px;\" data-iconcolor=\"#74777b\" data-iconhover=\"#ffffff\">\n\t\t\t\t\t   <i class=\"  fas fa-hands-helping ult_tab_icon\"  ><\/i>\n\t\t\t\t\t   <\/div>\n\t\t\t\t\t<\/a><\/dt>\n            \t\t<dd class=\"ult-tabto-accordionItem ult-tabto-accolapsed\">\n\t\t\t            <div class=\"ult-tabto-acontent\" style=\"background-color:#fafafa;border-style:solid; border-width:1px;border-radius:3px; border-color:#666666;color:#74777b;\">\n\t\t\t               [vc_column_text css=&#8221;&#8221;]<strong>Relacionados con gesti\u00f3n de documentaci\u00f3n\u00a0<\/strong><\/p>\n<ul>\n<li>Prestamos de documentos (inclu\u00eddo prestamo interbibliotecario)<\/li>\n<li>Obtenci\u00f3n de\u00a0 documentos (art\u00edculos, etc.)<\/li>\n<li>Creaci\u00f3n de boletines de sumarios, de art\u00edculos recibidos&#8230;<\/li>\n<li>Gesti\u00f3n del cat\u00e1logo bibliogr\u00e1fico<\/li>\n<\/ul>\n<p><strong>Apoyo a la actividad investigadora<\/strong><\/p>\n<ul>\n<li>Difusi\u00f3n de la producci\u00f3n cient\u00edfica<\/li>\n<li>Evaluaci\u00f3n de la actividad investigadora para acreditaciones<\/li>\n<li>Formaci\u00f3n en bases de datos<\/li>\n<li>Gesti\u00f3n del repositorio institucional y del portal cient\u00edfico del centro<\/li>\n<\/ul>\n<p>[\/vc_column_text]\n\t\t\t            <\/div>\n        \t<\/dd><dt class=\"\">\n        \t<a class=\"ult-tabto-actitle withBorder ult_a\" id=\"1642677161327-80669-0a40\" style=\"color:#000000;;background-color:#ffffff;border-bottom-color:transparent;border-bottom-width:0px;border-bottom-style:solid;border-bottom-color:transparent;border-bottom-width:0px;border-bottom-style:solid;\" href=\"#1642677161327-80669-0a40\">\n        \t\t<i class=\"accordion-icon\"><\/i>\n        \t\t\t<span class=\"ult_tab_main ult_ac_mainBoth\">\n\t\t\t\t\t   <span  data-ultimate-target='#advanced-tabs-wrap-8629 .ult-span-text'  data-responsive-json-new='{\"font-size\":\"desktop:20px;\",\"line-height\":\"\"}'  class=\"ult-span-text ult_acordian-text ult-responsive\" style=\"font-family:Glegoo;font-weight:600;;color:inherit \" >Cat\u00e1logo<\/span>\n\t\t\t\t\t<\/span>\n\t\t\t\t\t   <div class=\"aio-icon none \" style=\"color:#74777b;font-size:15px;\" data-iconcolor=\"#74777b\" data-iconhover=\"#ffffff\">\n\t\t\t\t\t   <i class=\"  icomoon-icomoonfree-16x16-books ult_tab_icon\"  ><\/i>\n\t\t\t\t\t   <\/div>\n\t\t\t\t\t<\/a><\/dt>\n            \t\t<dd class=\"ult-tabto-accordionItem ult-tabto-accolapsed\">\n\t\t\t            <div class=\"ult-tabto-acontent\" style=\"background-color:#fafafa;border-style:solid; border-width:1px;border-radius:3px; border-color:#666666;color:#74777b;\">\n\t\t\t               [vc_column_text css=&#8221;&#8221;]El cat\u00e1logo de la biblioteca del CITA ofrece <b data-olk-copy-source=\"MessageBody\">11.318<\/b>.registros bibliogr\u00e1ficos que pueden ser consultados por internet y est\u00e1 basado en Koha, sistema integrado de gesti\u00f3n bibliotecaria que permite administrar los servicios y procesos que se realizan en una biblioteca: pr\u00e9stamos, consulta, catalogaci\u00f3n, entre otros, adem\u00e1s cuenta con un cat\u00e1logo web.<\/p>\n<p><a href=\"https:\/\/biblioteca.cita-aragon.es\/\"><img loading=\"lazy\" decoding=\"async\" class=\"size-medium wp-image-168053 aligncenter\" src=\"https:\/\/cita-aragon.es\/wp-content\/uploads\/catalogo-400x234.jpg\" alt=\"\" width=\"400\" height=\"234\" srcset=\"https:\/\/cita-aragon.es\/wp-content\/uploads\/catalogo-400x234.jpg 400w, https:\/\/cita-aragon.es\/wp-content\/uploads\/catalogo-1024x598.jpg 1024w, https:\/\/cita-aragon.es\/wp-content\/uploads\/catalogo-768x449.jpg 768w, https:\/\/cita-aragon.es\/wp-content\/uploads\/catalogo.jpg 1164w\" sizes=\"(max-width: 400px) 100vw, 400px\" \/><\/a>[\/vc_column_text]\n\t\t\t            <\/div>\n        \t<\/dd><dt class=\"\">\n        \t<a class=\"ult-tabto-actitle withBorder ult_a\" id=\"1653913836483-2-8\" style=\"color:#000000;;background-color:#ffffff;border-bottom-color:transparent;border-bottom-width:0px;border-bottom-style:solid;border-bottom-color:transparent;border-bottom-width:0px;border-bottom-style:solid;border-bottom-color:transparent;border-bottom-width:0px;border-bottom-style:solid;\" href=\"#1653913836483-2-8\">\n        \t\t<i class=\"accordion-icon\"><\/i>\n        \t\t\t<span class=\"ult_tab_main ult_ac_mainBoth\">\n\t\t\t\t\t   <span  data-ultimate-target='#advanced-tabs-wrap-8629 .ult-span-text'  data-responsive-json-new='{\"font-size\":\"desktop:20px;\",\"line-height\":\"\"}'  class=\"ult-span-text ult_acordian-text ult-responsive\" style=\"font-family:Glegoo;font-weight:600;;color:inherit \" >Repositorio<\/span>\n\t\t\t\t\t<\/span>\n\t\t\t\t\t   <div class=\"aio-icon none \" style=\"color:#74777b;font-size:15px;\" data-iconcolor=\"#74777b\" data-iconhover=\"#ffffff\">\n\t\t\t\t\t   <i class=\"  icomoon-the7-font-website ult_tab_icon\"  ><\/i>\n\t\t\t\t\t   <\/div>\n\t\t\t\t\t<\/a><\/dt>\n            \t\t<dd class=\"ult-tabto-accordionItem ult-tabto-accolapsed\">\n\t\t\t            <div class=\"ult-tabto-acontent\" style=\"background-color:#fafafa;border-style:solid; border-width:1px;border-radius:3px; border-color:#666666;color:#74777b;\">\n\t\t\t               [vc_column_text css=&#8221;&#8221;]<\/p>\n<h4>citarea: Repositorio institucional del CITA<\/h4>\n<p>El CITA adem\u00e1s dispone entre sus herramientas de gesti\u00f3n documental con un repositorio institucional (citaREA), creado en 2009, que cuenta en la actualidad con cerca de <span data-olk-copy-source=\"MessageBody\">6.975 documentos<\/span> documentos, a texto completo.<\/p>\n<p><a href=\"https:\/\/citarea.cita-aragon.es\/\"><img loading=\"lazy\" decoding=\"async\" class=\"aligncenter wp-image-168049 size-medium\" src=\"https:\/\/cita-aragon.es\/wp-content\/uploads\/citarea-400x287.jpg\" alt=\"\" width=\"400\" height=\"287\" srcset=\"https:\/\/cita-aragon.es\/wp-content\/uploads\/citarea-400x287.jpg 400w, https:\/\/cita-aragon.es\/wp-content\/uploads\/citarea-1024x735.jpg 1024w, https:\/\/cita-aragon.es\/wp-content\/uploads\/citarea-768x551.jpg 768w, https:\/\/cita-aragon.es\/wp-content\/uploads\/citarea.jpg 1058w\" sizes=\"(max-width: 400px) 100vw, 400px\" \/><\/a>[\/vc_column_text]\n\t\t\t            <\/div>\n        \t<\/dd>\n    \t<\/dl>\n    <!--<div class=\"extraborder\" style=\"background-color:#5db130\"><\/div>-->\n<\/div>\n\n<\/div>[vc_empty_space height=&#8221;50px&#8221;][\/vc_column][\/vc_row][vc_row type=&#8221;vc_default&#8221; full_width=&#8221;stretch_row&#8221; css=&#8221;.vc_custom_1643630575308{margin-bottom: 0px !important;border-top-width: 1px !important;padding-bottom: 0px !important;border-top-color: #575756 !important;border-top-style: solid !important;}&#8221;][vc_column]<div id=\"ultimate-heading-676569f2f65a00504\" class=\"uvc-heading ult-adjust-bottom-margin ultimate-heading-676569f2f65a00504 uvc-3950 \" data-hspacer=\"no_spacer\"  data-halign=\"left\" style=\"text-align:left\"><div class=\"uvc-heading-spacer no_spacer\" style=\"top\"><\/div><div class=\"uvc-main-heading ult-responsive\"  data-ultimate-target='.uvc-heading.ultimate-heading-676569f2f65a00504 h4'  data-responsive-json-new='{\"font-size\":\"desktop:20px;\",\"line-height\":\"desktop:24px;\"}' ><h4 style=\"font-family:&#039;Karla&#039;;font-weight:normal;font-style:normal;color:#5eb130;\">ACCESOS DIRECTOS<\/h4><\/div><\/div>[\/vc_column][vc_column width=&#8221;1\/4&#8243;]<div class=\"ult-content-box-container \" >\t<a class=\"ult-content-box-anchor\" href=\"https:\/\/portalcientifico.cita-aragon.es\/\" target=\"_blank\" rel=\"noopener\" >\t\t<div class=\"ult-content-box\" style=\"background-image:url(&#039;https:\/\/cita-aragon.es\/wp-content\/uploads\/2021\/11\/cita-img-portal-iM-feat@2x-100-1.jpg&#039;);background-size: cover;background-repeat: repeat;background-position: center center;background-color: rgba(0, 0, 0, 0);box-shadow: px px px px none;padding:10px;min-height:250px;-webkit-transition: all 700ms ease;-moz-transition: all 700ms ease;-ms-transition: all 700ms ease;-o-transition: all 700ms ease;transition: all 700ms ease;\"  data-hover_box_shadow=\"none\"    >[vc_column_text css=&#8221;.vc_custom_1637059701271{margin-top: 5px !important;margin-right: 5px !important;margin-bottom: 5px !important;margin-left: 5px !important;padding-top: 10px !important;padding-right: 10px !important;padding-bottom: 10px !important;padding-left: 10px !important;background-color: #ffffff !important;}&#8221;]<\/p>\n<h4>Portal cient\u00edfico iMarina<\/h4>\n<p>[\/vc_column_text]\t\t<\/div>\t<\/a><\/div>[\/vc_column][vc_column width=&#8221;1\/4&#8243;]<div class=\"ult-content-box-container \" >\t<a class=\"ult-content-box-anchor\" href=\"https:\/\/cita-aragon.es\/ofertas-de-empleo\/\" title=\"Ofertas de empleo\" >\t\t<div class=\"ult-content-box\" style=\"background-image:url(&#039;https:\/\/cita-aragon.es\/wp-content\/uploads\/2021\/11\/cita-img-ofertas-feat@2x-100.jpg&#039;);background-size: cover;background-repeat: repeat;background-position: center center;background-color: rgba(0, 0, 0, 0);box-shadow: px px px px none;padding:10px;min-height:250px;-webkit-transition: all 700ms ease;-moz-transition: all 700ms ease;-ms-transition: all 700ms ease;-o-transition: all 700ms ease;transition: all 700ms ease;\"  data-hover_box_shadow=\"none\"    >[vc_column_text css=&#8221;.vc_custom_1637060178746{margin-top: 5px !important;margin-right: 5px !important;margin-bottom: 5px !important;margin-left: 5px !important;padding-top: 10px !important;padding-right: 10px !important;padding-bottom: 10px !important;padding-left: 10px !important;background-color: #ffffff !important;}&#8221;]<\/p>\n<h4>Ofertas de empleo<\/h4>\n<p>[\/vc_column_text]\t\t<\/div>\t<\/a><\/div>[\/vc_column][vc_column width=&#8221;1\/4&#8243;]<div class=\"ult-content-box-container \" >\t<a class=\"ult-content-box-anchor\" href=\"https:\/\/citarea.cita-aragon.es\/citarea\/\" target=\"_blank\" rel=\"noopener\" >\t\t<div class=\"ult-content-box\" style=\"background-image:url(&#039;https:\/\/cita-aragon.es\/wp-content\/uploads\/2021\/11\/cita-img-biblio-feat@2x-100.jpg&#039;);background-size: cover;background-repeat: repeat;background-position: center center;background-color: rgba(0, 0, 0, 0);box-shadow: px px px px none;padding:10px;min-height:250px;-webkit-transition: all 700ms ease;-moz-transition: all 700ms ease;-ms-transition: all 700ms ease;-o-transition: all 700ms ease;transition: all 700ms ease;\"  data-hover_box_shadow=\"none\"    >[vc_column_text css=&#8221;.vc_custom_1637060250753{margin-top: 5px !important;margin-right: 5px !important;margin-bottom: 5px !important;margin-left: 5px !important;padding-top: 10px !important;padding-right: 10px !important;padding-bottom: 10px !important;padding-left: 10px !important;background-color: #ffffff !important;}&#8221;]<\/p>\n<h4>Biblioteca del CITA<\/h4>\n<p>[\/vc_column_text]\t\t<\/div>\t<\/a><\/div>[\/vc_column][vc_column width=&#8221;1\/4&#8243;]<div class=\"ult-content-box-container \" >\t<a class=\"ult-content-box-anchor\" href=\"https:\/\/cita-aragon.es\/patentes-y-obtenciones\/\" title=\"Patentes y obtenciones\" >\t\t<div class=\"ult-content-box\" style=\"background-image:url(&#039;https:\/\/cita-aragon.es\/wp-content\/uploads\/2021\/11\/cita-img-patentes-feat@2x-100.jpg&#039;);background-size: cover;background-repeat: repeat;background-position: center center;background-color: rgba(0, 0, 0, 0);box-shadow: px px px px none;padding:10px;min-height:250px;-webkit-transition: all 700ms ease;-moz-transition: all 700ms ease;-ms-transition: all 700ms ease;-o-transition: all 700ms ease;transition: all 700ms ease;\"  data-hover_box_shadow=\"none\"    >[vc_column_text css=&#8221;.vc_custom_1637060288500{margin-top: 5px !important;margin-right: 5px !important;margin-bottom: 5px !important;margin-left: 5px !important;padding-top: 10px !important;padding-right: 10px !important;padding-bottom: 10px !important;padding-left: 10px !important;background-color: #ffffff !important;}&#8221;]<\/p>\n<h4>Patentes y obtenciones<\/h4>\n<p>[\/vc_column_text]\t\t<\/div>\t<\/a><\/div>[\/vc_column][\/vc_row]<\/p>\n<\/div>","protected":false},"excerpt":{"rendered":"<p>[vc_row type=&#8221;vc_default&#8221; gap=&#8221;30&#8243;][vc_column width=&#8221;1\/3&#8243;][vc_column_text css=&#8221;&#8221;]La biblioteca del CITA se crea en 1964, con fondos destinados a cursos de horticultura y zootecnia. La Biblioteca forma parte desde el inicio del Grupo de Trabajo de Documentaci\u00f3n Cient\u00edfica que conform\u00f3 la red RIDA, red compuesta por las bibliotecas de los centros de Investigaci\u00f3n de la red INIA-CCAA, y&hellip;<\/p>\n","protected":false},"author":6,"featured_media":0,"parent":0,"menu_order":0,"comment_status":"closed","ping_status":"closed","template":"","meta":{"footnotes":""},"class_list":["post-166780","page","type-page","status-publish","hentry","description-off"],"_links":{"self":[{"href":"https:\/\/cita-aragon.es\/en\/wp-json\/wp\/v2\/pages\/166780"}],"collection":[{"href":"https:\/\/cita-aragon.es\/en\/wp-json\/wp\/v2\/pages"}],"about":[{"href":"https:\/\/cita-aragon.es\/en\/wp-json\/wp\/v2\/types\/page"}],"author":[{"embeddable":true,"href":"https:\/\/cita-aragon.es\/en\/wp-json\/wp\/v2\/users\/6"}],"replies":[{"embeddable":true,"href":"https:\/\/cita-aragon.es\/en\/wp-json\/wp\/v2\/comments?post=166780"}],"version-history":[{"count":18,"href":"https:\/\/cita-aragon.es\/en\/wp-json\/wp\/v2\/pages\/166780\/revisions"}],"predecessor-version":[{"id":924042,"href":"https:\/\/cita-aragon.es\/en\/wp-json\/wp\/v2\/pages\/166780\/revisions\/924042"}],"wp:attachment":[{"href":"https:\/\/cita-aragon.es\/en\/wp-json\/wp\/v2\/media?parent=166780"}],"curies":[{"name":"wp","href":"https:\/\/api.w.org\/{rel}","templated":true}]}}